{"id":38090,"date":"2022-10-13T13:17:59","date_gmt":"2022-10-13T13:17:59","guid":{"rendered":"https:\/\/milicia-pro.com\/?post_type=product&#038;p=38090"},"modified":"2026-01-08T09:51:04","modified_gmt":"2026-01-08T09:51:04","slug":"luvas-armortip-anti-perfuracao","status":"publish","type":"product","link":"https:\/\/milicia-pro.com\/index.php\/product\/luvas-armortip-anti-perfuracao\/","title":{"rendered":"LUVAS ARMORTIP ANTI PERFURA\u00c7\u00c3O"},"content":{"rendered":"<p>Luva anti perfura\u00e7\u00e3o, sint\u00e9tica, com ajuste no punho em velcro.<\/p>\n<p>Peso de 22,7gr.<\/p>\n","protected":false},"excerpt":{"rendered":"<p>Luva anti perfura\u00e7\u00e3o, sint\u00e9tica, com ajuste no punho em velcro. Peso de 22,7gr.<\/p>\n","protected":false},"featured_media":38092,"comment_status":"open","ping_status":"closed","template":"","meta":{"_monsterinsights_skip_tracking":false,"_monsterinsights_sitenote_active":false,"_monsterinsights_sitenote_note":"","_monsterinsights_sitenote_category":0},"product_brand":[1512],"product_cat":[1064,965,1088,829],"product_tag":[966,846],"class_list":{"0":"post-38090","1":"product","2":"type-product","3":"status-publish","4":"has-post-thumbnail","6":"product_brand-hatch","7":"product_cat-equipamentotatico","8":"product_cat-hatch","9":"product_cat-luvas","10":"product_cat-marcas","11":"product_tag-anti-perfuracao","12":"product_tag-luvas","14":"first","15":"instock","16":"shipping-taxable","17":"purchasable","18":"product-type-variable"},"aioseo_notices":[],"jetpack_sharing_enabled":true,"_links":{"self":[{"href":"https:\/\/milicia-pro.com\/index.php\/wp-json\/wp\/v2\/product\/38090","targetHints":{"allow":["GET"]}}],"collection":[{"href":"https:\/\/milicia-pro.com\/index.php\/wp-json\/wp\/v2\/product"}],"about":[{"href":"https:\/\/milicia-pro.com\/index.php\/wp-json\/wp\/v2\/types\/product"}],"replies":[{"embeddable":true,"href":"https:\/\/milicia-pro.com\/index.php\/wp-json\/wp\/v2\/comments?post=38090"}],"wp:featuredmedia":[{"embeddable":true,"href":"https:\/\/milicia-pro.com\/index.php\/wp-json\/wp\/v2\/media\/38092"}],"wp:attachment":[{"href":"https:\/\/milicia-pro.com\/index.php\/wp-json\/wp\/v2\/media?parent=38090"}],"wp:term":[{"taxonomy":"product_brand","embeddable":true,"href":"https:\/\/milicia-pro.com\/index.php\/wp-json\/wp\/v2\/product_brand?post=38090"},{"taxonomy":"product_cat","embeddable":true,"href":"https:\/\/milicia-pro.com\/index.php\/wp-json\/wp\/v2\/product_cat?post=38090"},{"taxonomy":"product_tag","embeddable":true,"href":"https:\/\/milicia-pro.com\/index.php\/wp-json\/wp\/v2\/product_tag?post=38090"}],"curies":[{"name":"wp","href":"https:\/\/api.w.org\/{rel}","templated":true}]}}