{"id":37920,"date":"2022-10-06T09:06:32","date_gmt":"2022-10-06T09:06:32","guid":{"rendered":"https:\/\/milicia-pro.com\/?post_type=product&#038;p=37920"},"modified":"2023-02-27T21:23:01","modified_gmt":"2023-02-27T21:23:01","slug":"punho-de-pistola-de-sobremoldagem-ak-47-ak-74-eg","status":"publish","type":"product","link":"https:\/\/milicia-pro.com\/index.php\/product\/punho-de-pistola-de-sobremoldagem-ak-47-ak-74-eg\/","title":{"rendered":"PUNHO DE PISTOLA DE SOBREMOLDAGEM AK-47 \/ AK-74 EG"},"content":{"rendered":"<p>Punho de pistola de pol\u00edmero sobremoldado para armas do sistema AK\/Galil. A forma e a textura confort\u00e1veis e ergon\u00f3micas proporcionam uma ader\u00eancia segura. O n\u00facleo dur\u00e1vel \u00e9 feito de pol\u00edmetro e refor\u00e7ado com fibra e revestido com material semelhante a goma com incis\u00f5es antiderrapantes. Gra\u00e7as ao espa\u00e7o vazio no interior, a pega \u00e9 leve e pode conter baterias suplentes ou acess\u00f3rios de limpeza<\/p>\n<p>Compat\u00edvel com as principais espingardas do sistema AK: AK-47\/74, AKS-74U \u201cKrinkov\u201d, Galil e simila.<\/p>\n<p><strong>Caracter\u00edsticas:<\/strong><\/p>\n<ul>\n<li>Formato ergon\u00f4mico<\/li>\n<li>Agrad\u00e1vel ao toque, pol\u00edmero dur\u00e1vel<\/li>\n<li>Texturiza\u00e7\u00e3o antiderrapante<\/li>\n<li>Compatibilidade AK\/Galil<\/li>\n<li>Leve<\/li>\n<li>Armazenamento de bateria embutido<\/li>\n<\/ul>\n<p>Fabricado em Israel<\/p>\n<p><strong>Dados:<\/strong><\/p>\n<ul>\n<li>Peso: 123g<\/li>\n<li>Largura: 32mm<\/li>\n<li>Comprimento: 105mm<\/li>\n<li>Material: Pol\u00edmero refor\u00e7ado com fibra<\/li>\n<\/ul>\n","protected":false},"excerpt":{"rendered":"<p>Punho de pistola de pol\u00edmero sobremoldado para armas do sistema AK\/Galil. A forma e a textura confort\u00e1veis e ergon\u00f3micas proporcionam uma ader\u00eancia segura. O n\u00facleo dur\u00e1vel \u00e9 feito de pol\u00edmetro e refor\u00e7ado com fibra e revestido com material semelhante a goma com incis\u00f5es antiderrapantes. Gra\u00e7as ao espa\u00e7o vazio no interior, a pega \u00e9 leve e [&#8230;]\n","protected":false},"featured_media":37922,"comment_status":"open","ping_status":"closed","template":"","meta":{"_monsterinsights_skip_tracking":false,"_monsterinsights_sitenote_active":false,"_monsterinsights_sitenote_note":"","_monsterinsights_sitenote_category":0},"product_brand":[],"product_cat":[1115,873,829,1116],"product_tag":[64,802],"class_list":{"0":"post-37920","1":"product","2":"type-product","3":"status-publish","4":"has-post-thumbnail","6":"product_cat-acessorios-armas","7":"product_cat-imi-defense","8":"product_cat-marcas","9":"product_cat-punho","10":"product_tag-arma","11":"product_tag-punho","13":"first","14":"onbackorder","15":"shipping-taxable","16":"purchasable","17":"product-type-variable"},"aioseo_notices":[],"jetpack_sharing_enabled":true,"_links":{"self":[{"href":"https:\/\/milicia-pro.com\/index.php\/wp-json\/wp\/v2\/product\/37920","targetHints":{"allow":["GET"]}}],"collection":[{"href":"https:\/\/milicia-pro.com\/index.php\/wp-json\/wp\/v2\/product"}],"about":[{"href":"https:\/\/milicia-pro.com\/index.php\/wp-json\/wp\/v2\/types\/product"}],"replies":[{"embeddable":true,"href":"https:\/\/milicia-pro.com\/index.php\/wp-json\/wp\/v2\/comments?post=37920"}],"wp:featuredmedia":[{"embeddable":true,"href":"https:\/\/milicia-pro.com\/index.php\/wp-json\/wp\/v2\/media\/37922"}],"wp:attachment":[{"href":"https:\/\/milicia-pro.com\/index.php\/wp-json\/wp\/v2\/media?parent=37920"}],"wp:term":[{"taxonomy":"product_brand","embeddable":true,"href":"https:\/\/milicia-pro.com\/index.php\/wp-json\/wp\/v2\/product_brand?post=37920"},{"taxonomy":"product_cat","embeddable":true,"href":"https:\/\/milicia-pro.com\/index.php\/wp-json\/wp\/v2\/product_cat?post=37920"},{"taxonomy":"product_tag","embeddable":true,"href":"https:\/\/milicia-pro.com\/index.php\/wp-json\/wp\/v2\/product_tag?post=37920"}],"curies":[{"name":"wp","href":"https:\/\/api.w.org\/{rel}","templated":true}]}}