{"id":37913,"date":"2022-10-04T18:03:23","date_gmt":"2022-10-04T18:03:23","guid":{"rendered":"https:\/\/milicia-pro.com\/?post_type=product&#038;p=37913"},"modified":"2024-11-20T12:49:34","modified_gmt":"2024-11-20T12:49:34","slug":"punho-m16-ar15-eg-pistol-grip","status":"publish","type":"product","link":"https:\/\/milicia-pro.com\/index.php\/product\/punho-m16-ar15-eg-pistol-grip\/","title":{"rendered":"PUNHO M16\/AR15 EG PISTOL GRIP"},"content":{"rendered":"<p>Punho de pistola de pol\u00edmero dur\u00e1vel para armas M16\/M4\/AR15. A forma e a textura confort\u00e1veis e ergon\u00f3micas proporcionam uma ader\u00eancia segura. Grip \u00e9 feito de pol\u00edmero refor\u00e7ado com fibra, com incis\u00f5es antiderrapantes. Gra\u00e7as ao espa\u00e7o vazio no interior, \u00e9 leve e pode conter baterias suplentes ou len\u00e7os de limpeza.<\/p>\n<p><strong>Caracter\u00edsticas:<\/strong><\/p>\n<ul>\n<li>Formato ergon\u00f4mico<\/li>\n<li>Pol\u00edmero dur\u00e1vel<\/li>\n<li>Texturiza\u00e7\u00e3o antiderrapante<\/li>\n<li>Perfeito para armas t\u00e1ticas<\/li>\n<li>Armazenamento de bateria altamente dur\u00e1vel<\/li>\n<li>Leve<\/li>\n<\/ul>\n<p>Fabricado em Israel<\/p>\n<p><strong>Dados:<\/strong><\/p>\n<ul>\n<li>Peso: 118g<\/li>\n<li>Largura: 32mm<\/li>\n<li>Comprimento: 105mm<\/li>\n<li>Material: Pol\u00edmero refor\u00e7ado com fibra<\/li>\n<\/ul>\n","protected":false},"excerpt":{"rendered":"<p>Punho de pistola de pol\u00edmero dur\u00e1vel para armas M16\/M4\/AR15. A forma e a textura confort\u00e1veis e ergon\u00f3micas proporcionam uma ader\u00eancia segura. Grip \u00e9 feito de pol\u00edmero refor\u00e7ado com fibra, com incis\u00f5es antiderrapantes. Gra\u00e7as ao espa\u00e7o vazio no interior, \u00e9 leve e pode conter baterias suplentes ou len\u00e7os de limpeza. Caracter\u00edsticas: Formato ergon\u00f4mico Pol\u00edmero dur\u00e1vel Texturiza\u00e7\u00e3o [&#8230;]\n","protected":false},"featured_media":37914,"comment_status":"open","ping_status":"closed","template":"","meta":{"_monsterinsights_skip_tracking":false,"_monsterinsights_sitenote_active":false,"_monsterinsights_sitenote_note":"","_monsterinsights_sitenote_category":0},"product_brand":[],"product_cat":[1115,873,829,1116],"product_tag":[64,802],"class_list":{"0":"post-37913","1":"product","2":"type-product","3":"status-publish","4":"has-post-thumbnail","6":"product_cat-acessorios-armas","7":"product_cat-imi-defense","8":"product_cat-marcas","9":"product_cat-punho","10":"product_tag-arma","11":"product_tag-punho","13":"first","14":"onbackorder","15":"shipping-taxable","16":"purchasable","17":"product-type-variable"},"aioseo_notices":[],"jetpack_sharing_enabled":true,"_links":{"self":[{"href":"https:\/\/milicia-pro.com\/index.php\/wp-json\/wp\/v2\/product\/37913","targetHints":{"allow":["GET"]}}],"collection":[{"href":"https:\/\/milicia-pro.com\/index.php\/wp-json\/wp\/v2\/product"}],"about":[{"href":"https:\/\/milicia-pro.com\/index.php\/wp-json\/wp\/v2\/types\/product"}],"replies":[{"embeddable":true,"href":"https:\/\/milicia-pro.com\/index.php\/wp-json\/wp\/v2\/comments?post=37913"}],"wp:featuredmedia":[{"embeddable":true,"href":"https:\/\/milicia-pro.com\/index.php\/wp-json\/wp\/v2\/media\/37914"}],"wp:attachment":[{"href":"https:\/\/milicia-pro.com\/index.php\/wp-json\/wp\/v2\/media?parent=37913"}],"wp:term":[{"taxonomy":"product_brand","embeddable":true,"href":"https:\/\/milicia-pro.com\/index.php\/wp-json\/wp\/v2\/product_brand?post=37913"},{"taxonomy":"product_cat","embeddable":true,"href":"https:\/\/milicia-pro.com\/index.php\/wp-json\/wp\/v2\/product_cat?post=37913"},{"taxonomy":"product_tag","embeddable":true,"href":"https:\/\/milicia-pro.com\/index.php\/wp-json\/wp\/v2\/product_tag?post=37913"}],"curies":[{"name":"wp","href":"https:\/\/api.w.org\/{rel}","templated":true}]}}