{"id":37897,"date":"2022-10-04T11:22:45","date_gmt":"2022-10-04T11:22:45","guid":{"rendered":"https:\/\/milicia-pro.com\/?post_type=product&#038;p=37897"},"modified":"2025-04-16T17:09:55","modified_gmt":"2025-04-16T17:09:55","slug":"cadeira-woodland-relax-militar-mil-tec","status":"publish","type":"product","link":"https:\/\/milicia-pro.com\/index.php\/product\/cadeira-woodland-relax-militar-mil-tec\/","title":{"rendered":"CADEIRA WOODLAND RELAX MILITAR MIL-TEC\u00ae"},"content":{"rendered":"<p>A cadeira WOODLAND RELAX Militar MIL-TEC\u00ae, tem apoio de bra\u00e7o com suporte para bebidas. 100% Poli\u00e9ster (Oxford), a estrutura \u00e9 em a\u00e7o, tem uma bolsa de transporte 100% poli\u00e9ster (Oxford)<\/p>\n<p>Descri\u00e7\u00e3o:<\/p>\n<ul>\n<li>Dimens\u00f5es: 90 x 52 x 82cm<\/li>\n<li>Tamanho da embalagem: 89 x 13 x 12cm<\/li>\n<li>Peso: 2600g<\/li>\n<li>Capacidade de carga: m\u00e1x. 120Kg<\/li>\n<\/ul>\n","protected":false},"excerpt":{"rendered":"<p>A cadeira WOODLAND RELAX Militar MIL-TEC\u00ae, tem apoio de bra\u00e7o com suporte para bebidas. 100% Poli\u00e9ster (Oxford), a estrutura \u00e9 em a\u00e7o, tem uma bolsa de transporte 100% poli\u00e9ster (Oxford) Descri\u00e7\u00e3o: Dimens\u00f5es: 90 x 52 x 82cm Tamanho da embalagem: 89 x 13 x 12cm Peso: 2600g Capacidade de carga: m\u00e1x. 120Kg<\/p>\n","protected":false},"featured_media":37899,"comment_status":"open","ping_status":"closed","template":"","meta":{"_monsterinsights_skip_tracking":false,"_monsterinsights_sitenote_active":false,"_monsterinsights_sitenote_note":"","_monsterinsights_sitenote_category":0},"product_brand":[],"product_cat":[1421,829,1068,855],"product_tag":[870,95],"class_list":{"0":"post-37897","1":"product","2":"type-product","3":"status-publish","4":"has-post-thumbnail","6":"product_cat-cadeira-banco","7":"product_cat-marcas","8":"product_cat-outdoor","9":"product_cat-sturm-mil-tec","10":"product_tag-cadeira","11":"product_tag-campo","13":"first","14":"instock","15":"shipping-taxable","16":"purchasable","17":"product-type-variable"},"aioseo_notices":[],"jetpack_sharing_enabled":true,"_links":{"self":[{"href":"https:\/\/milicia-pro.com\/index.php\/wp-json\/wp\/v2\/product\/37897","targetHints":{"allow":["GET"]}}],"collection":[{"href":"https:\/\/milicia-pro.com\/index.php\/wp-json\/wp\/v2\/product"}],"about":[{"href":"https:\/\/milicia-pro.com\/index.php\/wp-json\/wp\/v2\/types\/product"}],"replies":[{"embeddable":true,"href":"https:\/\/milicia-pro.com\/index.php\/wp-json\/wp\/v2\/comments?post=37897"}],"wp:featuredmedia":[{"embeddable":true,"href":"https:\/\/milicia-pro.com\/index.php\/wp-json\/wp\/v2\/media\/37899"}],"wp:attachment":[{"href":"https:\/\/milicia-pro.com\/index.php\/wp-json\/wp\/v2\/media?parent=37897"}],"wp:term":[{"taxonomy":"product_brand","embeddable":true,"href":"https:\/\/milicia-pro.com\/index.php\/wp-json\/wp\/v2\/product_brand?post=37897"},{"taxonomy":"product_cat","embeddable":true,"href":"https:\/\/milicia-pro.com\/index.php\/wp-json\/wp\/v2\/product_cat?post=37897"},{"taxonomy":"product_tag","embeddable":true,"href":"https:\/\/milicia-pro.com\/index.php\/wp-json\/wp\/v2\/product_tag?post=37897"}],"curies":[{"name":"wp","href":"https:\/\/api.w.org\/{rel}","templated":true}]}}