{"id":37891,"date":"2022-10-04T11:00:48","date_gmt":"2022-10-04T11:00:48","guid":{"rendered":"https:\/\/milicia-pro.com\/?post_type=product&#038;p=37891"},"modified":"2025-06-05T16:24:33","modified_gmt":"2025-06-05T16:24:33","slug":"2pcs-stove-pipes-para-fogao-militar-mil-tec","status":"publish","type":"product","link":"https:\/\/milicia-pro.com\/index.php\/product\/2pcs-stove-pipes-para-fogao-militar-mil-tec\/","title":{"rendered":"2PCS STOVE PIPES PARA FOG\u00c3O MILITAR MIL-TEC\u00ae"},"content":{"rendered":"<p>Duas sec\u00e7\u00f5es para estender a chamin\u00e9 do fog\u00e3o de tenda STOVE 19,5Kg com refer\u00eancia ST.14260000<\/p>\n","protected":false},"excerpt":{"rendered":"<p>Duas sec\u00e7\u00f5es para estender a chamin\u00e9 do fog\u00e3o de tenda STOVE 19,5Kg com refer\u00eancia ST.14260000<\/p>\n","protected":false},"featured_media":37893,"comment_status":"open","ping_status":"closed","template":"","meta":{"_monsterinsights_skip_tracking":false,"_monsterinsights_sitenote_active":false,"_monsterinsights_sitenote_note":"","_monsterinsights_sitenote_category":0},"product_brand":[],"product_cat":[1473,829,1068,855],"product_tag":[868,866,867],"class_list":{"0":"post-37891","1":"product","2":"type-product","3":"status-publish","4":"has-post-thumbnail","6":"product_cat-acessorios","7":"product_cat-marcas","8":"product_cat-outdoor","9":"product_cat-sturm-mil-tec","10":"product_tag-acessorios","11":"product_tag-fogao","12":"product_tag-tubos","14":"first","15":"instock","16":"shipping-taxable","17":"purchasable","18":"product-type-variable"},"aioseo_notices":[],"jetpack_sharing_enabled":true,"_links":{"self":[{"href":"https:\/\/milicia-pro.com\/index.php\/wp-json\/wp\/v2\/product\/37891","targetHints":{"allow":["GET"]}}],"collection":[{"href":"https:\/\/milicia-pro.com\/index.php\/wp-json\/wp\/v2\/product"}],"about":[{"href":"https:\/\/milicia-pro.com\/index.php\/wp-json\/wp\/v2\/types\/product"}],"replies":[{"embeddable":true,"href":"https:\/\/milicia-pro.com\/index.php\/wp-json\/wp\/v2\/comments?post=37891"}],"wp:featuredmedia":[{"embeddable":true,"href":"https:\/\/milicia-pro.com\/index.php\/wp-json\/wp\/v2\/media\/37893"}],"wp:attachment":[{"href":"https:\/\/milicia-pro.com\/index.php\/wp-json\/wp\/v2\/media?parent=37891"}],"wp:term":[{"taxonomy":"product_brand","embeddable":true,"href":"https:\/\/milicia-pro.com\/index.php\/wp-json\/wp\/v2\/product_brand?post=37891"},{"taxonomy":"product_cat","embeddable":true,"href":"https:\/\/milicia-pro.com\/index.php\/wp-json\/wp\/v2\/product_cat?post=37891"},{"taxonomy":"product_tag","embeddable":true,"href":"https:\/\/milicia-pro.com\/index.php\/wp-json\/wp\/v2\/product_tag?post=37891"}],"curies":[{"name":"wp","href":"https:\/\/api.w.org\/{rel}","templated":true}]}}