{"id":37885,"date":"2022-10-04T10:42:29","date_gmt":"2022-10-04T10:42:29","guid":{"rendered":"https:\/\/milicia-pro.com\/?post_type=product&#038;p=37885"},"modified":"2025-06-05T16:24:49","modified_gmt":"2025-06-05T16:24:49","slug":"fogao-completo-195kg-stove-para-tenda-militar-mil-tec","status":"publish","type":"product","link":"https:\/\/milicia-pro.com\/index.php\/product\/fogao-completo-195kg-stove-para-tenda-militar-mil-tec\/","title":{"rendered":"FOG\u00c3O COMPLETO 19,5KG STOVE PARA TENDA MILITAR MIL-TEC\u00ae"},"content":{"rendered":"<div style=\"width: 640px;\" class=\"wp-video\"><video class=\"wp-video-shortcode\" id=\"video-37885-1\" width=\"640\" height=\"360\" preload=\"metadata\" controls=\"controls\"><source type=\"video\/mp4\" src=\"https:\/\/milicia-pro.com\/wp-content\/uploads\/2022\/10\/videoplayback.mp4?_=1\" \/><a href=\"https:\/\/milicia-pro.com\/wp-content\/uploads\/2022\/10\/videoplayback.mp4\">https:\/\/milicia-pro.com\/wp-content\/uploads\/2022\/10\/videoplayback.mp4<\/a><\/video><\/div>\n<p>Fog\u00e3o de tenda para funcionamento em tendas ign\u00edfugas com abertura, tipis, yurts ou ao ar livre. Porta do fog\u00e3o com logotipo MIL-TEC\u00ae.\u00a0 O corpo pode ser usado para aquecer alimentos. Os componentes s\u00e3o fornecidos na caixa de fogo. Leia as instru\u00e7\u00f5es de opera\u00e7\u00e3o antes de montar\/comissionar. Chave sextavada necess\u00e1ria &#8211; M6 (n\u00e3o inclu\u00edda no material de envio)<\/p>\n<ol>\n<li>Corpo, pernas e tudo \u2013 em a\u00e7o carbono<\/li>\n<li>Porta \u2013 em ferro fundido<\/li>\n<\/ol>\n<p>Dados t\u00e9cnicos:<\/p>\n<ul>\n<li>Tamanho\/corpo da embalagem: 30,5 x 47 x 23 cm (sem embalagem)<\/li>\n<li>Compartimento de perna: 19cm<\/li>\n<li>Comprimento do tudo: 196cm<\/li>\n<li>Di\u00e2metro do tudo: 8,7cm<\/li>\n<li>Peso: 19,5Kg<\/li>\n<\/ul>\n<p>Material enviado:<\/p>\n<ul>\n<li>Caixa de fogo<\/li>\n<li>4 p\u00e9s<\/li>\n<li>Soquetes de tubos<\/li>\n<li>Extremidade do tubo do fog\u00e3o<\/li>\n<li>4 sec\u00e7\u00f5es de tudo de fog\u00e3o<\/li>\n<li>12 parafusos<\/li>\n<li>P\u00f4quer<\/li>\n<li>Arranh\u00f5es de brasas<\/li>\n<\/ul>\n","protected":false},"excerpt":{"rendered":"<p>Fog\u00e3o de tenda para funcionamento em tendas ign\u00edfugas com abertura, tipis, yurts ou ao ar livre. Porta do fog\u00e3o com logotipo MIL-TEC\u00ae.\u00a0 O corpo pode ser usado para aquecer alimentos. Os componentes s\u00e3o fornecidos na caixa de fogo. Leia as instru\u00e7\u00f5es de opera\u00e7\u00e3o antes de montar\/comissionar. Chave sextavada necess\u00e1ria &#8211; M6 (n\u00e3o inclu\u00edda no material [&#8230;]\n","protected":false},"featured_media":37887,"comment_status":"open","ping_status":"closed","template":"","meta":{"_monsterinsights_skip_tracking":false,"_monsterinsights_sitenote_active":false,"_monsterinsights_sitenote_note":"","_monsterinsights_sitenote_category":0},"product_brand":[],"product_cat":[1473,829,1068,855],"product_tag":[728,866,733],"class_list":{"0":"post-37885","1":"product","2":"type-product","3":"status-publish","4":"has-post-thumbnail","6":"product_cat-acessorios","7":"product_cat-marcas","8":"product_cat-outdoor","9":"product_cat-sturm-mil-tec","10":"product_tag-campismo","11":"product_tag-fogao","12":"product_tag-tenda","14":"first","15":"instock","16":"shipping-taxable","17":"purchasable","18":"product-type-variable"},"aioseo_notices":[],"jetpack_sharing_enabled":true,"_links":{"self":[{"href":"https:\/\/milicia-pro.com\/index.php\/wp-json\/wp\/v2\/product\/37885","targetHints":{"allow":["GET"]}}],"collection":[{"href":"https:\/\/milicia-pro.com\/index.php\/wp-json\/wp\/v2\/product"}],"about":[{"href":"https:\/\/milicia-pro.com\/index.php\/wp-json\/wp\/v2\/types\/product"}],"replies":[{"embeddable":true,"href":"https:\/\/milicia-pro.com\/index.php\/wp-json\/wp\/v2\/comments?post=37885"}],"wp:featuredmedia":[{"embeddable":true,"href":"https:\/\/milicia-pro.com\/index.php\/wp-json\/wp\/v2\/media\/37887"}],"wp:attachment":[{"href":"https:\/\/milicia-pro.com\/index.php\/wp-json\/wp\/v2\/media?parent=37885"}],"wp:term":[{"taxonomy":"product_brand","embeddable":true,"href":"https:\/\/milicia-pro.com\/index.php\/wp-json\/wp\/v2\/product_brand?post=37885"},{"taxonomy":"product_cat","embeddable":true,"href":"https:\/\/milicia-pro.com\/index.php\/wp-json\/wp\/v2\/product_cat?post=37885"},{"taxonomy":"product_tag","embeddable":true,"href":"https:\/\/milicia-pro.com\/index.php\/wp-json\/wp\/v2\/product_tag?post=37885"}],"curies":[{"name":"wp","href":"https:\/\/api.w.org\/{rel}","templated":true}]}}