{"id":37867,"date":"2022-10-03T15:04:27","date_gmt":"2022-10-03T15:04:27","guid":{"rendered":"https:\/\/milicia-pro.com\/?post_type=product&#038;p=37867"},"modified":"2025-06-05T15:10:22","modified_gmt":"2025-06-05T15:10:22","slug":"tenda-militar-mil-tec-with-storage-space-4-pessoas","status":"publish","type":"product","link":"https:\/\/milicia-pro.com\/index.php\/product\/tenda-militar-mil-tec-with-storage-space-4-pessoas\/","title":{"rendered":"TENDA MILITAR MIL-TEC\u00ae- WITH STORAGE SPACE-4 PESSOAS"},"content":{"rendered":"<p>Tenda para 4 pessoas com a capacidade de armazenamento para bagagem, com resguardo avan\u00e7ado e entrada ao meio (entre a capacidade de armazenamento e a \u00e1rea de dormir)<\/p>\n<p><strong>Dimens\u00f5es:<\/strong><\/p>\n<ul>\n<li>4,2 x 2,5 x 1,4 m<\/li>\n<li>\u00c1rea de dormir: 2,1 x 2,4 x 1,25 m<\/li>\n<li>Tamanho da embalagem: 65 x 16 x 16 cm<\/li>\n<li>Peso: 5.4kg<\/li>\n<\/ul>\n<p><strong>Materiais:<\/strong><\/p>\n<ul>\n<li>Folha dupla: 100% poli\u00e9ster<\/li>\n<li>Tenda interna: 100% poli\u00e9ster<\/li>\n<li>Base: 100% Polietileno<\/li>\n<li>Bolsa de transporte: 100% poli\u00e9ster<\/li>\n<li>Quadro: Fibra de vidro.<\/li>\n<\/ul>\n","protected":false},"excerpt":{"rendered":"<p>Tenda para 4 pessoas com a capacidade de armazenamento para bagagem, com resguardo avan\u00e7ado e entrada ao meio (entre a capacidade de armazenamento e a \u00e1rea de dormir) Dimens\u00f5es: 4,2 x 2,5 x 1,4 m \u00c1rea de dormir: 2,1 x 2,4 x 1,25 m Tamanho da embalagem: 65 x 16 x 16 cm Peso: 5.4kg [&#8230;]\n","protected":false},"featured_media":37868,"comment_status":"open","ping_status":"closed","template":"","meta":{"_monsterinsights_skip_tracking":false,"_monsterinsights_sitenote_active":false,"_monsterinsights_sitenote_note":"","_monsterinsights_sitenote_category":0},"product_brand":[],"product_cat":[829,1068,855,1227],"product_tag":[728,95,857,733],"class_list":{"0":"post-37867","1":"product","2":"type-product","3":"status-publish","4":"has-post-thumbnail","6":"product_cat-marcas","7":"product_cat-outdoor","8":"product_cat-sturm-mil-tec","9":"product_cat-tenda","10":"product_tag-campismo","11":"product_tag-campo","12":"product_tag-militar","13":"product_tag-tenda","15":"first","16":"instock","17":"shipping-taxable","18":"purchasable","19":"product-type-variable"},"aioseo_notices":[],"jetpack_sharing_enabled":true,"_links":{"self":[{"href":"https:\/\/milicia-pro.com\/index.php\/wp-json\/wp\/v2\/product\/37867","targetHints":{"allow":["GET"]}}],"collection":[{"href":"https:\/\/milicia-pro.com\/index.php\/wp-json\/wp\/v2\/product"}],"about":[{"href":"https:\/\/milicia-pro.com\/index.php\/wp-json\/wp\/v2\/types\/product"}],"replies":[{"embeddable":true,"href":"https:\/\/milicia-pro.com\/index.php\/wp-json\/wp\/v2\/comments?post=37867"}],"wp:featuredmedia":[{"embeddable":true,"href":"https:\/\/milicia-pro.com\/index.php\/wp-json\/wp\/v2\/media\/37868"}],"wp:attachment":[{"href":"https:\/\/milicia-pro.com\/index.php\/wp-json\/wp\/v2\/media?parent=37867"}],"wp:term":[{"taxonomy":"product_brand","embeddable":true,"href":"https:\/\/milicia-pro.com\/index.php\/wp-json\/wp\/v2\/product_brand?post=37867"},{"taxonomy":"product_cat","embeddable":true,"href":"https:\/\/milicia-pro.com\/index.php\/wp-json\/wp\/v2\/product_cat?post=37867"},{"taxonomy":"product_tag","embeddable":true,"href":"https:\/\/milicia-pro.com\/index.php\/wp-json\/wp\/v2\/product_tag?post=37867"}],"curies":[{"name":"wp","href":"https:\/\/api.w.org\/{rel}","templated":true}]}}