{"id":37863,"date":"2022-10-03T14:24:45","date_gmt":"2022-10-03T14:24:45","guid":{"rendered":"https:\/\/milicia-pro.com\/?post_type=product&#038;p=37863"},"modified":"2025-06-05T15:10:36","modified_gmt":"2025-06-05T15:10:36","slug":"tenda-militar-mil-tec-small-wall","status":"publish","type":"product","link":"https:\/\/milicia-pro.com\/index.php\/product\/tenda-militar-mil-tec-small-wall\/","title":{"rendered":"TENDA MILITAR MIL-TEC\u00ae- SMALL-WALL"},"content":{"rendered":"<p>A tenda militar Small-Wall com teto duplo, 100% em algod\u00e3o, revestido a poliuretano. A estrutura \u00e9 100% em a\u00e7o e a bolsa de transporte \u00e9 100% em algod\u00e3o.<\/p>\n<p>&nbsp;<\/p>\n<p><strong>Dimens\u00f5es:<\/strong><\/p>\n<ul>\n<li>\u00c1rea retangular: 7,29 m\u00b2 (L = 270 cm, W = 270 cm)<\/li>\n<li>Altura m\u00e9dia: 240 cm<\/li>\n<li>Altura lateral: 100 cm<\/li>\n<li>Peso: 29kg<\/li>\n<\/ul>\n<p>&nbsp;<\/p>\n<p><strong>Componentes e equipamentos:<\/strong><\/p>\n<ul>\n<li>Todas as pe\u00e7as s\u00e3o embaladas numa s\u00f3 embalagem<\/li>\n<li>Coluna de \u00e1gua: 300 mm<\/li>\n<li>Peso da embalagem: 33kg<\/li>\n<li>Tamanho da embalagem: 150x30x23cm<\/li>\n<\/ul>\n<p>&nbsp;<\/p>\n","protected":false},"excerpt":{"rendered":"<p>A tenda militar Small-Wall com teto duplo, 100% em algod\u00e3o, revestido a poliuretano. A estrutura \u00e9 100% em a\u00e7o e a bolsa de transporte \u00e9 100% em algod\u00e3o. &nbsp; Dimens\u00f5es: \u00c1rea retangular: 7,29 m\u00b2 (L = 270 cm, W = 270 cm) Altura m\u00e9dia: 240 cm Altura lateral: 100 cm Peso: 29kg &nbsp; Componentes e [&#8230;]\n","protected":false},"featured_media":37865,"comment_status":"open","ping_status":"closed","template":"","meta":{"_monsterinsights_skip_tracking":false,"_monsterinsights_sitenote_active":false,"_monsterinsights_sitenote_note":"","_monsterinsights_sitenote_category":0},"product_brand":[],"product_cat":[829,1068,855,1227],"product_tag":[728,95,857,733],"class_list":{"0":"post-37863","1":"product","2":"type-product","3":"status-publish","4":"has-post-thumbnail","6":"product_cat-marcas","7":"product_cat-outdoor","8":"product_cat-sturm-mil-tec","9":"product_cat-tenda","10":"product_tag-campismo","11":"product_tag-campo","12":"product_tag-militar","13":"product_tag-tenda","15":"first","16":"onbackorder","17":"shipping-taxable","18":"purchasable","19":"product-type-variable"},"aioseo_notices":[],"jetpack_sharing_enabled":true,"_links":{"self":[{"href":"https:\/\/milicia-pro.com\/index.php\/wp-json\/wp\/v2\/product\/37863","targetHints":{"allow":["GET"]}}],"collection":[{"href":"https:\/\/milicia-pro.com\/index.php\/wp-json\/wp\/v2\/product"}],"about":[{"href":"https:\/\/milicia-pro.com\/index.php\/wp-json\/wp\/v2\/types\/product"}],"replies":[{"embeddable":true,"href":"https:\/\/milicia-pro.com\/index.php\/wp-json\/wp\/v2\/comments?post=37863"}],"wp:featuredmedia":[{"embeddable":true,"href":"https:\/\/milicia-pro.com\/index.php\/wp-json\/wp\/v2\/media\/37865"}],"wp:attachment":[{"href":"https:\/\/milicia-pro.com\/index.php\/wp-json\/wp\/v2\/media?parent=37863"}],"wp:term":[{"taxonomy":"product_brand","embeddable":true,"href":"https:\/\/milicia-pro.com\/index.php\/wp-json\/wp\/v2\/product_brand?post=37863"},{"taxonomy":"product_cat","embeddable":true,"href":"https:\/\/milicia-pro.com\/index.php\/wp-json\/wp\/v2\/product_cat?post=37863"},{"taxonomy":"product_tag","embeddable":true,"href":"https:\/\/milicia-pro.com\/index.php\/wp-json\/wp\/v2\/product_tag?post=37863"}],"curies":[{"name":"wp","href":"https:\/\/api.w.org\/{rel}","templated":true}]}}