{"id":37857,"date":"2022-10-03T14:04:06","date_gmt":"2022-10-03T14:04:06","guid":{"rendered":"https:\/\/milicia-pro.com\/?post_type=product&#038;p=37857"},"modified":"2025-06-05T15:10:51","modified_gmt":"2025-06-05T15:10:51","slug":"tenda-militar-mil-tec-polyester-canvas-10x48m","status":"publish","type":"product","link":"https:\/\/milicia-pro.com\/index.php\/product\/tenda-militar-mil-tec-polyester-canvas-10x48m\/","title":{"rendered":"TENDA MILITAR MIL-TEC\u00ae- POLYESTER\/CANVAS 10X4,8M"},"content":{"rendered":"<p>Tenda de EX\u00c9RCITO GRANDE de cor verde com piso em polietileno. \u00c9 utilizada como tenda principal para campismo, treino militar, acampamentos de emerg\u00eancia (por exemplo, inunda\u00e7\u00f5es), etc. Com espa\u00e7o para 24 pessoas, esta tenda tem janelas com cortinas de enrolar. A base \u00e9 retangular com \u00e1rea de 10 x 4,8 m, a altura m\u00e1xima (centro) \u00e9 de 3,2 metros e a altura das paredes \u00e9 de 1,6 metros. Suporta ventos de at\u00e9 50km\/h e 5cm de neve. Pode ser montada por 14 pessoas em 30 minutos e desmontada em 20 minutos. \u00c9 uma tenda cl\u00e1ssica, est\u00e1vel, firme e as janelas providenciam uma luz agrad\u00e1vel para o seu interior. A sua constru\u00e7\u00e3o \u00e9 compacta adequada tanto para o ver\u00e3o como para o inverno. \u00c9 composta por 3 postes centrais distanciados por 2 metros, tem 2 claraboias, 2 entrada, 12 janelas laterias com cortinas. Resistente a \u00e1gua.<\/p>\n<p>&nbsp;<\/p>\n<p><strong>Lona da tenda:<\/strong> 100% Poli\u00e9ster (canvas, 300 g\/m\u00b2)<\/p>\n<p><strong>Piso da tenda:<\/strong> 100% polietileno<\/p>\n<p><strong>Arma\u00e7\u00e3o (postes): <\/strong>a\u00e7o<\/p>\n<p><strong>Dimens\u00f5es:<\/strong> 10 x 4,8m- alt. m\u00e1x. 3,2m \u2013 alt. min. 1,6 m<\/p>\n<p><strong>\u00c1rea retangular<\/strong> com cerca de 48 m\u00b2 (10 x 4,8 m)<\/p>\n<p><strong>Altura central<\/strong>: 3,2 m<\/p>\n<p><strong>Altura lateral:<\/strong> 1,6 m<\/p>\n<p><strong>Embalagem:<\/strong><\/p>\n<ul>\n<li>\u00a01,85 x 0,16 x 0,12 m postes<\/li>\n<li>\u00a01,70 x 0,13 x 0,12 m postes<\/li>\n<li>tenda de 0,90 x 0,90 x 0,50 m + estacas em saco<\/li>\n<li>Peso: 120,5kg<\/li>\n<\/ul>\n","protected":false},"excerpt":{"rendered":"<p>Tenda de EX\u00c9RCITO GRANDE de cor verde com piso em polietileno. \u00c9 utilizada como tenda principal para campismo, treino militar, acampamentos de emerg\u00eancia (por exemplo, inunda\u00e7\u00f5es), etc. Com espa\u00e7o para 24 pessoas, esta tenda tem janelas com cortinas de enrolar. A base \u00e9 retangular com \u00e1rea de 10 x 4,8 m, a altura m\u00e1xima (centro) [&#8230;]\n","protected":false},"featured_media":37858,"comment_status":"open","ping_status":"closed","template":"","meta":{"_monsterinsights_skip_tracking":false,"_monsterinsights_sitenote_active":false,"_monsterinsights_sitenote_note":"","_monsterinsights_sitenote_category":0},"product_brand":[],"product_cat":[829,1068,855,1227],"product_tag":[728,95,857,733],"class_list":{"0":"post-37857","1":"product","2":"type-product","3":"status-publish","4":"has-post-thumbnail","6":"product_cat-marcas","7":"product_cat-outdoor","8":"product_cat-sturm-mil-tec","9":"product_cat-tenda","10":"product_tag-campismo","11":"product_tag-campo","12":"product_tag-militar","13":"product_tag-tenda","15":"first","16":"onbackorder","17":"shipping-taxable","18":"purchasable","19":"product-type-variable"},"aioseo_notices":[],"jetpack_sharing_enabled":true,"_links":{"self":[{"href":"https:\/\/milicia-pro.com\/index.php\/wp-json\/wp\/v2\/product\/37857","targetHints":{"allow":["GET"]}}],"collection":[{"href":"https:\/\/milicia-pro.com\/index.php\/wp-json\/wp\/v2\/product"}],"about":[{"href":"https:\/\/milicia-pro.com\/index.php\/wp-json\/wp\/v2\/types\/product"}],"replies":[{"embeddable":true,"href":"https:\/\/milicia-pro.com\/index.php\/wp-json\/wp\/v2\/comments?post=37857"}],"wp:featuredmedia":[{"embeddable":true,"href":"https:\/\/milicia-pro.com\/index.php\/wp-json\/wp\/v2\/media\/37858"}],"wp:attachment":[{"href":"https:\/\/milicia-pro.com\/index.php\/wp-json\/wp\/v2\/media?parent=37857"}],"wp:term":[{"taxonomy":"product_brand","embeddable":true,"href":"https:\/\/milicia-pro.com\/index.php\/wp-json\/wp\/v2\/product_brand?post=37857"},{"taxonomy":"product_cat","embeddable":true,"href":"https:\/\/milicia-pro.com\/index.php\/wp-json\/wp\/v2\/product_cat?post=37857"},{"taxonomy":"product_tag","embeddable":true,"href":"https:\/\/milicia-pro.com\/index.php\/wp-json\/wp\/v2\/product_tag?post=37857"}],"curies":[{"name":"wp","href":"https:\/\/api.w.org\/{rel}","templated":true}]}}