{"id":37851,"date":"2022-10-03T13:50:35","date_gmt":"2022-10-03T13:50:35","guid":{"rendered":"https:\/\/milicia-pro.com\/?post_type=product&#038;p=37851"},"modified":"2025-04-16T16:46:48","modified_gmt":"2025-04-16T16:46:48","slug":"tenda-militar-mil-tec-10-a-14-pessoas-6-x-5m-32-max-alt-x-175m-min-alt","status":"publish","type":"product","link":"https:\/\/milicia-pro.com\/index.php\/product\/tenda-militar-mil-tec-10-a-14-pessoas-6-x-5m-32-max-alt-x-175m-min-alt\/","title":{"rendered":"TENDA MILITAR MIL-TEC\u00ae- 10 A 14 PESSOAS 6 X 5M \/ 3,2 MAX ALT. X 1,75M MIN ALT."},"content":{"rendered":"<p>Tenda robusta, retangular e com piso em polietileno. Tem um espa\u00e7o para cerca 14 pessoas. As janelas podem ser fechadas com persianas. Adapta-se maravilhosamente a qualquer ambiente e \u00e9 muito est\u00e1vel e firme. As janelas proporcionam uma luz agrad\u00e1vel no interior da tenda. Constru\u00e7\u00e3o compacta adequada para ver\u00e3o e inverno. \u00c9 de f\u00e1cil montagem e tem uma \u00e1rea de base retangular de 30m\u00b2, altura do cume: 3,2 m, altura lateral: 1,75 m. 2 postes centrais a uma dist\u00e2ncia de 2 m, 2 claraboias, 2 entradas, 10 janelas laterais com persiana. Todas as persianas podem ser enroladas individualmente.<\/p>\n<p><strong>Mais detalhes:<\/strong><\/p>\n<ul>\n<li>Tenda: 100% poli\u00e9ster (lona, \u200b\u200b300 g\/m\u00b2)<\/li>\n<li>Piso da tenda: 100% polietileno<\/li>\n<li>Postes: a\u00e7o<\/li>\n<li>Dimens\u00f5es: 6 x 5 x 3,2 x 1,75 m<\/li>\n<li>\u00c1rea de base retangular de 30 m\u00b2 (L = 6 m, W = 5 m)<\/li>\n<li>Altura do cume: 3,2 m<\/li>\n<li>Altura lateral: 1,75 m<\/li>\n<li>Coluna de \u00e1gua: 300 mm<\/li>\n<li>Peso: 89,90kg<\/li>\n<\/ul>\n<p><strong>Tamanho da embalagem:<\/strong><\/p>\n<ul>\n<li>1,85 x 0,14 x 0,10 m<\/li>\n<\/ul>\n<p><strong>Particularidades:<\/strong><\/p>\n<ul>\n<li>N\u00famero de pessoas: 14<\/li>\n<li>Retangular<\/li>\n<li>Robusto<\/li>\n<li>Grande<\/li>\n<\/ul>\n","protected":false},"excerpt":{"rendered":"<p>Tenda robusta, retangular e com piso em polietileno. Tem um espa\u00e7o para cerca 14 pessoas. As janelas podem ser fechadas com persianas. Adapta-se maravilhosamente a qualquer ambiente e \u00e9 muito est\u00e1vel e firme. As janelas proporcionam uma luz agrad\u00e1vel no interior da tenda. Constru\u00e7\u00e3o compacta adequada para ver\u00e3o e inverno. \u00c9 de f\u00e1cil montagem e [&#8230;]\n","protected":false},"featured_media":37852,"comment_status":"open","ping_status":"closed","template":"","meta":{"_monsterinsights_skip_tracking":false,"_monsterinsights_sitenote_active":false,"_monsterinsights_sitenote_note":"","_monsterinsights_sitenote_category":0},"product_brand":[],"product_cat":[829,1068,855,1227],"product_tag":[728,95,857,733],"class_list":{"0":"post-37851","1":"product","2":"type-product","3":"status-publish","4":"has-post-thumbnail","6":"product_cat-marcas","7":"product_cat-outdoor","8":"product_cat-sturm-mil-tec","9":"product_cat-tenda","10":"product_tag-campismo","11":"product_tag-campo","12":"product_tag-militar","13":"product_tag-tenda","15":"first","16":"onbackorder","17":"shipping-taxable","18":"purchasable","19":"product-type-variable"},"aioseo_notices":[],"jetpack_sharing_enabled":true,"_links":{"self":[{"href":"https:\/\/milicia-pro.com\/index.php\/wp-json\/wp\/v2\/product\/37851","targetHints":{"allow":["GET"]}}],"collection":[{"href":"https:\/\/milicia-pro.com\/index.php\/wp-json\/wp\/v2\/product"}],"about":[{"href":"https:\/\/milicia-pro.com\/index.php\/wp-json\/wp\/v2\/types\/product"}],"replies":[{"embeddable":true,"href":"https:\/\/milicia-pro.com\/index.php\/wp-json\/wp\/v2\/comments?post=37851"}],"wp:featuredmedia":[{"embeddable":true,"href":"https:\/\/milicia-pro.com\/index.php\/wp-json\/wp\/v2\/media\/37852"}],"wp:attachment":[{"href":"https:\/\/milicia-pro.com\/index.php\/wp-json\/wp\/v2\/media?parent=37851"}],"wp:term":[{"taxonomy":"product_brand","embeddable":true,"href":"https:\/\/milicia-pro.com\/index.php\/wp-json\/wp\/v2\/product_brand?post=37851"},{"taxonomy":"product_cat","embeddable":true,"href":"https:\/\/milicia-pro.com\/index.php\/wp-json\/wp\/v2\/product_cat?post=37851"},{"taxonomy":"product_tag","embeddable":true,"href":"https:\/\/milicia-pro.com\/index.php\/wp-json\/wp\/v2\/product_tag?post=37851"}],"curies":[{"name":"wp","href":"https:\/\/api.w.org\/{rel}","templated":true}]}}