{"id":37764,"date":"2022-09-21T15:36:18","date_gmt":"2022-09-21T15:36:18","guid":{"rendered":"https:\/\/milicia-pro.com\/?post_type=product&#038;p=37764"},"modified":"2025-09-24T17:33:05","modified_gmt":"2025-09-24T17:33:05","slug":"navalha-deejo-37gr-dragonfly-black-madeira-oliveira","status":"publish","type":"product","link":"https:\/\/milicia-pro.com\/index.php\/product\/navalha-deejo-37gr-dragonfly-black-madeira-oliveira\/","title":{"rendered":"NAVALHA DEEJO, 37GR, DRAGONFLY, BLACK, MADEIRA OLIVEIRA"},"content":{"rendered":"<p>Faca ultraleve em a\u00e7o inoxid\u00e1vel Z40C13, revestido a tit\u00e2nio preto. Sistema de bloqueio da lamina seguro decorado com grava\u00e7\u00e3o a laser fina. \u00a0Clip para prender no cinto. Cabo em madeira de oliveira maci\u00e7a. A madeira de oliveira, conhecida pela sua robustez e qualidades antibacterianas, \u00e9 um cl\u00e1ssico da cutelaria. Amplamente aclamada pelos seus admiradores pela beleza dos seus veios naturais, cada pe\u00e7a \u00e9 \u00fanica de acordo com a \u00e1rvore da qual foi confecionada, iluminando seu Deejo com soberbos arabescos de bege, sem receio da humidade ou tempo.<\/p>\n<p>ESPECIFICA\u00c7\u00d5ES<\/p>\n<p>37 G DE PESO\/ Z40C13 A\u00c7O INOXID\u00c1VEL \/11 CM QUANDO FECHADA \/ 20,5 CM QUANDO ABERTA \/ 9,5 CM DE L\u00c2MINA \/ 0,9 CM DE ESPESSURA<\/p>\n","protected":false},"excerpt":{"rendered":"<p>Faca ultraleve em a\u00e7o inoxid\u00e1vel Z40C13, revestido a tit\u00e2nio preto. Sistema de bloqueio da lamina seguro decorado com grava\u00e7\u00e3o a laser fina. \u00a0Clip para prender no cinto. Cabo em madeira de oliveira maci\u00e7a. A madeira de oliveira, conhecida pela sua robustez e qualidades antibacterianas, \u00e9 um cl\u00e1ssico da cutelaria. Amplamente aclamada pelos seus admiradores pela [&#8230;]\n","protected":false},"featured_media":37766,"comment_status":"open","ping_status":"closed","template":"","meta":{"_monsterinsights_skip_tracking":false,"_monsterinsights_sitenote_active":false,"_monsterinsights_sitenote_note":"","_monsterinsights_sitenote_category":0},"product_brand":[1506],"product_cat":[1065,831,829,1098],"product_tag":[912,225],"class_list":{"0":"post-37764","1":"product","2":"type-product","3":"status-publish","4":"has-post-thumbnail","6":"product_brand-deejo","7":"product_cat-cutelariaferramentas","8":"product_cat-deejo","9":"product_cat-marcas","10":"product_cat-navalha","11":"product_tag-cutelaria","12":"product_tag-navalha","13":"pa_navalha-navalha","15":"first","16":"instock","17":"shipping-taxable","18":"purchasable","19":"product-type-variable"},"aioseo_notices":[],"jetpack_sharing_enabled":true,"_links":{"self":[{"href":"https:\/\/milicia-pro.com\/index.php\/wp-json\/wp\/v2\/product\/37764","targetHints":{"allow":["GET"]}}],"collection":[{"href":"https:\/\/milicia-pro.com\/index.php\/wp-json\/wp\/v2\/product"}],"about":[{"href":"https:\/\/milicia-pro.com\/index.php\/wp-json\/wp\/v2\/types\/product"}],"replies":[{"embeddable":true,"href":"https:\/\/milicia-pro.com\/index.php\/wp-json\/wp\/v2\/comments?post=37764"}],"wp:featuredmedia":[{"embeddable":true,"href":"https:\/\/milicia-pro.com\/index.php\/wp-json\/wp\/v2\/media\/37766"}],"wp:attachment":[{"href":"https:\/\/milicia-pro.com\/index.php\/wp-json\/wp\/v2\/media?parent=37764"}],"wp:term":[{"taxonomy":"product_brand","embeddable":true,"href":"https:\/\/milicia-pro.com\/index.php\/wp-json\/wp\/v2\/product_brand?post=37764"},{"taxonomy":"product_cat","embeddable":true,"href":"https:\/\/milicia-pro.com\/index.php\/wp-json\/wp\/v2\/product_cat?post=37764"},{"taxonomy":"product_tag","embeddable":true,"href":"https:\/\/milicia-pro.com\/index.php\/wp-json\/wp\/v2\/product_tag?post=37764"}],"curies":[{"name":"wp","href":"https:\/\/api.w.org\/{rel}","templated":true}]}}