{"id":36846,"date":"2022-09-14T10:59:38","date_gmt":"2022-09-14T10:59:38","guid":{"rendered":"https:\/\/milicia-pro.com\/?post_type=product&#038;p=36846"},"modified":"2025-07-23T13:12:32","modified_gmt":"2025-07-23T13:12:32","slug":"calca-defender","status":"publish","type":"product","link":"https:\/\/milicia-pro.com\/index.php\/product\/calca-defender\/","title":{"rendered":"CAL\u00c7A DEFENDER"},"content":{"rendered":"<p><img loading=\"lazy\" decoding=\"async\" class=\"alignnone size-medium wp-image-14614\" src=\"https:\/\/miliciapro.com\/wp-content\/uploads\/2020\/03\/FT-Police-A21I0820-267x400.png\" alt=\"\" width=\"267\" height=\"400\" \/><\/p>\n<p>As cal\u00e7as Defender Series da First Tactical s\u00e3o as melhores.<\/p>\n<p>Constru\u00eddas para lidar com qualquer miss\u00e3o, mantendo a apar\u00eancia profissional necess\u00e1ria.<\/p>\n<p>Bolsos especializados, em tecido ventilado,\u00a0 possuem amplo espa\u00e7o para equipamentos de grandes dimens\u00f5es, revistas e todos os outros equipamentos, s\u00e3o 28 bolsos no total.<\/p>\n<p>A ventila\u00e7\u00e3o em v\u00e1rias \u00e1reas importantes torna essas cal\u00e7as ideais para o clima quente.<\/p>\n<p>O seu tecido n\u00e3o impede os seus movimentos.<\/p>\n<h4 data-open-accessibility-text-original=\"16px\"><strong>TECIDO DEFENDER<\/strong><\/h4>\n<p data-open-accessibility-text-original=\"13px\">O tecido Defender possui uma mistura de algod\u00e3o respir\u00e1vel e Cordura\u00ae Nylon. O estirador mec\u00e2nico bidireccional Nyco \u00e9 um dos primeiros no mercado e possui tecido de ripstop duplo que absorve a humidade e \u00e9 perfeito para clima quente.<\/p>\n<p>&nbsp;<\/p>\n<p><img decoding=\"async\" src=\"https:\/\/cdn.shopify.com\/s\/files\/1\/1125\/0762\/files\/defender_mens_pant_callout1_816a3f15-0655-437e-b6f4-8fb99a2ab299.png?17162863754876435052\" \/><\/p>\n<p>&nbsp;<\/p>\n<h4 data-open-accessibility-text-original=\"16px\"><b>PROTEC\u00c7\u00c3O<\/b><strong>\u00a0DUPLA RESISTENTE AO JOELHO<\/strong><\/h4>\n<p data-open-accessibility-text-original=\"13px\">As Cal\u00e7as Defender apresentam um bolso de joelheira dur\u00e1vel, de camada dupla, projectado para sofrer abusos durante toda a vida \u00fatil.<\/p>\n<p><img decoding=\"async\" src=\"https:\/\/cdn.shopify.com\/s\/files\/1\/1125\/0762\/files\/defender_mens_pant_callout2.png?9094593417409485149\" \/><\/p>\n<p>&nbsp;<\/p>\n<h4 data-open-accessibility-text-original=\"16px\"><strong>APAR\u00caNCIA PROFISSIONAL<\/strong><\/h4>\n<p data-open-accessibility-text-original=\"13px\">Apesar de terem sido projectadas\u00a0para equipes da SWAT e operadores de alto n\u00edvel, as Cal\u00e7as Defender mant\u00eam uma apar\u00eancia profissional sem parecer excessivamente agressivas.<\/p>\n<p data-open-accessibility-text-original=\"13px\"><img decoding=\"async\" src=\"https:\/\/cdn.shopify.com\/s\/files\/1\/1125\/0762\/files\/defender_mens_pant_callout3.png?9094593417409485149\" \/><\/p>\n<p><iframe loading=\"lazy\" title=\"First Tactical&#039;s Defender Pants\" width=\"1020\" height=\"574\" src=\"https:\/\/www.youtube.com\/embed\/tdiPRpHkrY0?feature=oembed\" frameborder=\"0\" allow=\"accelerometer; autoplay; clipboard-write; encrypted-media; gyroscope; picture-in-picture; web-share\" referrerpolicy=\"strict-origin-when-cross-origin\" allowfullscreen><\/iframe><\/p>\n","protected":false},"excerpt":{"rendered":"<p>As cal\u00e7as Defender Series da First Tactical s\u00e3o as melhores. Constru\u00eddas para lidar com qualquer miss\u00e3o, mantendo a apar\u00eancia profissional necess\u00e1ria. Bolsos especializados, em tecido ventilado,\u00a0 possuem amplo espa\u00e7o para equipamentos de grandes dimens\u00f5es, revistas e todos os outros equipamentos, s\u00e3o 28 bolsos no total. A ventila\u00e7\u00e3o em v\u00e1rias \u00e1reas importantes torna essas cal\u00e7as ideais [&#8230;]\n","protected":false},"featured_media":36944,"comment_status":"open","ping_status":"closed","template":"","meta":{"_monsterinsights_skip_tracking":false,"_monsterinsights_sitenote_active":false,"_monsterinsights_sitenote_note":"","_monsterinsights_sitenote_category":0},"product_brand":[],"product_cat":[1078,830,829,1063],"product_tag":[90,169,325],"class_list":{"0":"post-36846","1":"product","2":"type-product","3":"status-publish","4":"has-post-thumbnail","6":"product_cat-calcas","7":"product_cat-firsttactical","8":"product_cat-marcas","9":"product_cat-vestuario","10":"product_tag-calca","11":"product_tag-homem","12":"product_tag-tatica","14":"first","15":"instock","16":"shipping-taxable","17":"purchasable","18":"product-type-variable"},"aioseo_notices":[],"jetpack_sharing_enabled":true,"_links":{"self":[{"href":"https:\/\/milicia-pro.com\/index.php\/wp-json\/wp\/v2\/product\/36846","targetHints":{"allow":["GET"]}}],"collection":[{"href":"https:\/\/milicia-pro.com\/index.php\/wp-json\/wp\/v2\/product"}],"about":[{"href":"https:\/\/milicia-pro.com\/index.php\/wp-json\/wp\/v2\/types\/product"}],"replies":[{"embeddable":true,"href":"https:\/\/milicia-pro.com\/index.php\/wp-json\/wp\/v2\/comments?post=36846"}],"wp:featuredmedia":[{"embeddable":true,"href":"https:\/\/milicia-pro.com\/index.php\/wp-json\/wp\/v2\/media\/36944"}],"wp:attachment":[{"href":"https:\/\/milicia-pro.com\/index.php\/wp-json\/wp\/v2\/media?parent=36846"}],"wp:term":[{"taxonomy":"product_brand","embeddable":true,"href":"https:\/\/milicia-pro.com\/index.php\/wp-json\/wp\/v2\/product_brand?post=36846"},{"taxonomy":"product_cat","embeddable":true,"href":"https:\/\/milicia-pro.com\/index.php\/wp-json\/wp\/v2\/product_cat?post=36846"},{"taxonomy":"product_tag","embeddable":true,"href":"https:\/\/milicia-pro.com\/index.php\/wp-json\/wp\/v2\/product_tag?post=36846"}],"curies":[{"name":"wp","href":"https:\/\/api.w.org\/{rel}","templated":true}]}}