{"id":36529,"date":"2022-09-01T19:35:38","date_gmt":"2022-09-01T19:35:38","guid":{"rendered":"https:\/\/milicia-pro.com\/?post_type=product&#038;p=36529"},"modified":"2025-09-24T17:35:48","modified_gmt":"2025-09-24T17:35:48","slug":"navalha-deejo-15gr-bicycle-mirror","status":"publish","type":"product","link":"https:\/\/milicia-pro.com\/index.php\/product\/navalha-deejo-15gr-bicycle-mirror\/","title":{"rendered":"NAVALHA DEEJO, 15GR, BICYCLE, MIRROR"},"content":{"rendered":"<p>Navalha com l\u00e2mina de a\u00e7o inoxid\u00e1vel Z40C13 ultraleve, ultraplana, em acabamento espelhado. L\u00e2mina afiada de cinzel. Sistema de bloqueio de seguran\u00e7a. Original simples, design limpo, l\u00e2mina tatuada a laser apenas de um lado. O seu cabo perfurado permite a passagem de um cord\u00e3o, mosquet\u00e3o ou chaveiro.<\/p>\n<p>15 G, 420 A\u00c7O INOX \/7 CM FECHADO\/12,5 CM ABERTO \/ L\u00c2MINA DE 6 CM \/0,8 CM DE ESPESSURA<\/p>\n","protected":false},"excerpt":{"rendered":"<p>Navalha com l\u00e2mina de a\u00e7o inoxid\u00e1vel Z40C13 ultraleve, ultraplana, em acabamento espelhado. L\u00e2mina afiada de cinzel. Sistema de bloqueio de seguran\u00e7a. Original simples, design limpo, l\u00e2mina tatuada a laser apenas de um lado. O seu cabo perfurado permite a passagem de um cord\u00e3o, mosquet\u00e3o ou chaveiro. 15 G, 420 A\u00c7O INOX \/7 CM FECHADO\/12,5 CM [&#8230;]\n","protected":false},"featured_media":36685,"comment_status":"open","ping_status":"closed","template":"","meta":{"_monsterinsights_skip_tracking":false,"_monsterinsights_sitenote_active":false,"_monsterinsights_sitenote_note":"","_monsterinsights_sitenote_category":0},"product_brand":[1506],"product_cat":[1065,831,829,1098],"product_tag":[912,225],"class_list":{"0":"post-36529","1":"product","2":"type-product","3":"status-publish","4":"has-post-thumbnail","6":"product_brand-deejo","7":"product_cat-cutelariaferramentas","8":"product_cat-deejo","9":"product_cat-marcas","10":"product_cat-navalha","11":"product_tag-cutelaria","12":"product_tag-navalha","13":"pa_navalha-navalha","15":"first","16":"instock","17":"shipping-taxable","18":"purchasable","19":"product-type-variable"},"aioseo_notices":[],"jetpack_sharing_enabled":true,"_links":{"self":[{"href":"https:\/\/milicia-pro.com\/index.php\/wp-json\/wp\/v2\/product\/36529","targetHints":{"allow":["GET"]}}],"collection":[{"href":"https:\/\/milicia-pro.com\/index.php\/wp-json\/wp\/v2\/product"}],"about":[{"href":"https:\/\/milicia-pro.com\/index.php\/wp-json\/wp\/v2\/types\/product"}],"replies":[{"embeddable":true,"href":"https:\/\/milicia-pro.com\/index.php\/wp-json\/wp\/v2\/comments?post=36529"}],"wp:featuredmedia":[{"embeddable":true,"href":"https:\/\/milicia-pro.com\/index.php\/wp-json\/wp\/v2\/media\/36685"}],"wp:attachment":[{"href":"https:\/\/milicia-pro.com\/index.php\/wp-json\/wp\/v2\/media?parent=36529"}],"wp:term":[{"taxonomy":"product_brand","embeddable":true,"href":"https:\/\/milicia-pro.com\/index.php\/wp-json\/wp\/v2\/product_brand?post=36529"},{"taxonomy":"product_cat","embeddable":true,"href":"https:\/\/milicia-pro.com\/index.php\/wp-json\/wp\/v2\/product_cat?post=36529"},{"taxonomy":"product_tag","embeddable":true,"href":"https:\/\/milicia-pro.com\/index.php\/wp-json\/wp\/v2\/product_tag?post=36529"}],"curies":[{"name":"wp","href":"https:\/\/api.w.org\/{rel}","templated":true}]}}