{"id":36527,"date":"2022-09-01T19:35:38","date_gmt":"2022-09-01T19:35:38","guid":{"rendered":"https:\/\/milicia-pro.com\/?post_type=product&#038;p=36527"},"modified":"2025-03-10T14:03:54","modified_gmt":"2025-03-10T14:03:54","slug":"faca-carne-deejo-conj-6-grand-siecle-titanium-madeira-coral","status":"publish","type":"product","link":"https:\/\/milicia-pro.com\/index.php\/product\/faca-carne-deejo-conj-6-grand-siecle-titanium-madeira-coral\/","title":{"rendered":"FACA CARNE DEEJO, CONJ. 6, GRAND SI\u00c9CLE, TITANIUM, MADEIRA CORAL"},"content":{"rendered":"<p><img loading=\"lazy\" decoding=\"async\" class=\"size-full wp-image-28611 alignleft\" src=\"https:\/\/miliciapro.com\/wp-content\/uploads\/2022\/06\/16.png\" alt=\"\" width=\"521\" height=\"345\" \/>Conjunto de 6 facas de mesa com l\u00e2mina fixa (n\u00e3o dobr\u00e1vel) em a\u00e7o inoxid\u00e1vel 2CR14, acabamento em tit\u00e2nio cinza antracite.\u00a0O cabo \u00e9 adornado em ambos os lados com uma placa de madeira coral.\u00a0A madeira de coral (ou Padouk) \u00e9 uma esp\u00e9cie de madeira abundante que vem sendo utilizada h\u00e1 muito tempo na cutelaria pelos seus preciosos reflexos vermelho\/\u00e2mbar (da\u00ed o seu nome), pela sua robustez e pela sua excelente resist\u00eancia \u00e0 humidade.\u00a0Aqui sublinha maravilhosamente a eleg\u00e2ncia de uma faca Deejo.<\/p>\n<p>(1 FACA) 60 G \/ A\u00c7O INOX 2CR14 \/ 23 CM \/ ESPESSURA 1,5 CM<\/p>\n<p>&nbsp;<\/p>\n","protected":false},"excerpt":{"rendered":"<p>Conjunto de 6 facas de mesa com l\u00e2mina fixa (n\u00e3o dobr\u00e1vel) em a\u00e7o inoxid\u00e1vel 2CR14, acabamento em tit\u00e2nio cinza antracite.\u00a0O cabo \u00e9 adornado em ambos os lados com uma placa de madeira coral.\u00a0A madeira de coral (ou Padouk) \u00e9 uma esp\u00e9cie de madeira abundante que vem sendo utilizada h\u00e1 muito tempo na cutelaria pelos seus [&#8230;]\n","protected":false},"featured_media":36675,"comment_status":"open","ping_status":"closed","template":"","meta":{"_monsterinsights_skip_tracking":false,"_monsterinsights_sitenote_active":false,"_monsterinsights_sitenote_note":"","_monsterinsights_sitenote_category":0},"product_brand":[],"product_cat":[1065,831,1099,829],"product_tag":[912,810],"class_list":{"0":"post-36527","1":"product","2":"type-product","3":"status-publish","4":"has-post-thumbnail","6":"product_cat-cutelariaferramentas","7":"product_cat-deejo","8":"product_cat-faca","9":"product_cat-marcas","10":"product_tag-cutelaria","11":"product_tag-faca-de-mesa","13":"first","14":"instock","15":"shipping-taxable","16":"purchasable","17":"product-type-simple"},"aioseo_notices":[],"jetpack_sharing_enabled":true,"_links":{"self":[{"href":"https:\/\/milicia-pro.com\/index.php\/wp-json\/wp\/v2\/product\/36527","targetHints":{"allow":["GET"]}}],"collection":[{"href":"https:\/\/milicia-pro.com\/index.php\/wp-json\/wp\/v2\/product"}],"about":[{"href":"https:\/\/milicia-pro.com\/index.php\/wp-json\/wp\/v2\/types\/product"}],"replies":[{"embeddable":true,"href":"https:\/\/milicia-pro.com\/index.php\/wp-json\/wp\/v2\/comments?post=36527"}],"wp:featuredmedia":[{"embeddable":true,"href":"https:\/\/milicia-pro.com\/index.php\/wp-json\/wp\/v2\/media\/36675"}],"wp:attachment":[{"href":"https:\/\/milicia-pro.com\/index.php\/wp-json\/wp\/v2\/media?parent=36527"}],"wp:term":[{"taxonomy":"product_brand","embeddable":true,"href":"https:\/\/milicia-pro.com\/index.php\/wp-json\/wp\/v2\/product_brand?post=36527"},{"taxonomy":"product_cat","embeddable":true,"href":"https:\/\/milicia-pro.com\/index.php\/wp-json\/wp\/v2\/product_cat?post=36527"},{"taxonomy":"product_tag","embeddable":true,"href":"https:\/\/milicia-pro.com\/index.php\/wp-json\/wp\/v2\/product_tag?post=36527"}],"curies":[{"name":"wp","href":"https:\/\/api.w.org\/{rel}","templated":true}]}}