{"id":36505,"date":"2022-09-01T19:35:11","date_gmt":"2022-09-01T19:35:11","guid":{"rendered":"https:\/\/milicia-pro.com\/?post_type=product&#038;p=36505"},"modified":"2025-09-24T17:36:10","modified_gmt":"2025-09-24T17:36:10","slug":"faca-carne-deejo-conj-6-art-deco-titanium-madeira-oliveira","status":"publish","type":"product","link":"https:\/\/milicia-pro.com\/index.php\/product\/faca-carne-deejo-conj-6-art-deco-titanium-madeira-oliveira\/","title":{"rendered":"FACA CARNE DEEJO, CONJ.6, ART DECO, TITANIUM, MADEIRA OLIVEIRA"},"content":{"rendered":"<p><img loading=\"lazy\" decoding=\"async\" class=\"wp-image-28590 alignleft\" src=\"https:\/\/miliciapro.com\/wp-content\/uploads\/2022\/06\/26.png\" alt=\"\" width=\"484\" height=\"276\" \/>Conjunto de 6 facas de mesa com l\u00e2mina fixa (n\u00e3o dobr\u00e1vel) em a\u00e7o inoxid\u00e1vel 2CR14 com acabamento em tit\u00e2nio cinza antracite.\u00a0O cabo \u00e9 decorado em ambos os lados com uma placa de madeira de oliveira.\u00a0A madeira de oliveira, reconhecida pela sua robustez e pelas suas qualidades antibacterianas, \u00e9 um grande cl\u00e1ssico na cutelaria.\u00a0Amplamente aclamada pelos seus entusiastas pela beleza do seu gr\u00e3o natural, cada pe\u00e7a \u00e9 \u00fanica consoante a \u00e1rvore em que foi confecionada, iluminando o seu Deejo com soberbos arabescos de bege, sem medo da humidade ou do tempo.<\/p>\n<p>(1 FACA) 60 Gr \/ A\u00c7O INOX 2CR14 \/ 23 CM \/ ESPESSURA 1,5 CM<\/p>\n","protected":false},"excerpt":{"rendered":"<p>Conjunto de 6 facas de mesa com l\u00e2mina fixa (n\u00e3o dobr\u00e1vel) em a\u00e7o inoxid\u00e1vel 2CR14 com acabamento em tit\u00e2nio cinza antracite.\u00a0O cabo \u00e9 decorado em ambos os lados com uma placa de madeira de oliveira.\u00a0A madeira de oliveira, reconhecida pela sua robustez e pelas suas qualidades antibacterianas, \u00e9 um grande cl\u00e1ssico na cutelaria.\u00a0Amplamente aclamada pelos [&#8230;]\n","protected":false},"featured_media":36659,"comment_status":"open","ping_status":"closed","template":"","meta":{"_monsterinsights_skip_tracking":false,"_monsterinsights_sitenote_active":false,"_monsterinsights_sitenote_note":"","_monsterinsights_sitenote_category":0},"product_brand":[1506],"product_cat":[1065,831,1099,829],"product_tag":[912,810],"class_list":{"0":"post-36505","1":"product","2":"type-product","3":"status-publish","4":"has-post-thumbnail","6":"product_brand-deejo","7":"product_cat-cutelariaferramentas","8":"product_cat-deejo","9":"product_cat-faca","10":"product_cat-marcas","11":"product_tag-cutelaria","12":"product_tag-faca-de-mesa","13":"pa_navalha-faca","15":"first","16":"outofstock","17":"shipping-taxable","18":"purchasable","19":"product-type-variable"},"aioseo_notices":[],"jetpack_sharing_enabled":true,"_links":{"self":[{"href":"https:\/\/milicia-pro.com\/index.php\/wp-json\/wp\/v2\/product\/36505","targetHints":{"allow":["GET"]}}],"collection":[{"href":"https:\/\/milicia-pro.com\/index.php\/wp-json\/wp\/v2\/product"}],"about":[{"href":"https:\/\/milicia-pro.com\/index.php\/wp-json\/wp\/v2\/types\/product"}],"replies":[{"embeddable":true,"href":"https:\/\/milicia-pro.com\/index.php\/wp-json\/wp\/v2\/comments?post=36505"}],"wp:featuredmedia":[{"embeddable":true,"href":"https:\/\/milicia-pro.com\/index.php\/wp-json\/wp\/v2\/media\/36659"}],"wp:attachment":[{"href":"https:\/\/milicia-pro.com\/index.php\/wp-json\/wp\/v2\/media?parent=36505"}],"wp:term":[{"taxonomy":"product_brand","embeddable":true,"href":"https:\/\/milicia-pro.com\/index.php\/wp-json\/wp\/v2\/product_brand?post=36505"},{"taxonomy":"product_cat","embeddable":true,"href":"https:\/\/milicia-pro.com\/index.php\/wp-json\/wp\/v2\/product_cat?post=36505"},{"taxonomy":"product_tag","embeddable":true,"href":"https:\/\/milicia-pro.com\/index.php\/wp-json\/wp\/v2\/product_tag?post=36505"}],"curies":[{"name":"wp","href":"https:\/\/api.w.org\/{rel}","templated":true}]}}