{"id":36504,"date":"2022-09-01T19:35:11","date_gmt":"2022-09-01T19:35:11","guid":{"rendered":"https:\/\/milicia-pro.com\/?post_type=product&#038;p=36504"},"modified":"2025-09-24T17:36:05","modified_gmt":"2025-09-24T17:36:05","slug":"faca-carne-deejo-conj-6-geometrie-mirror-madeira-ebano","status":"publish","type":"product","link":"https:\/\/milicia-pro.com\/index.php\/product\/faca-carne-deejo-conj-6-geometrie-mirror-madeira-ebano\/","title":{"rendered":"FACA CARNE DEEJO, CONJ.6, GEOMETRIE, MIRROR, MADEIRA \u00c9BANO"},"content":{"rendered":"<p><img loading=\"lazy\" decoding=\"async\" class=\" wp-image-28588 alignleft\" src=\"https:\/\/miliciapro.com\/wp-content\/uploads\/2022\/06\/25.png\" alt=\"\" width=\"593\" height=\"451\" \/>Conjunto de 6 facas de mesa com l\u00e2mina fixa (n\u00e3o dobr\u00e1vel) em a\u00e7o inoxid\u00e1vel 2CR14 com acabamento espelhado.\u00a0O cabo \u00e9 decorado em ambos os lados com uma placa de madeira de \u00e9bano.\u00a0A madeira de \u00e9bano, visualmente apreciada pelos seus pretos profundos, tamb\u00e9m tem a particularidade de ser praticamente insens\u00edvel \u00e0 humidade ambiente.\u00a0Esta esp\u00e9cie de madeira \u00e9 assim a mais densa, mais resistente e mais preciosa que existe, ideal para este magn\u00edfico talher.<\/p>\n<p>(1 FACA) 60 GR \/ A\u00c7O INOX 2CR14 \/ 23 CM \/ ESPESSURA 1,5 CM<\/p>\n","protected":false},"excerpt":{"rendered":"<p>Conjunto de 6 facas de mesa com l\u00e2mina fixa (n\u00e3o dobr\u00e1vel) em a\u00e7o inoxid\u00e1vel 2CR14 com acabamento espelhado.\u00a0O cabo \u00e9 decorado em ambos os lados com uma placa de madeira de \u00e9bano.\u00a0A madeira de \u00e9bano, visualmente apreciada pelos seus pretos profundos, tamb\u00e9m tem a particularidade de ser praticamente insens\u00edvel \u00e0 humidade ambiente.\u00a0Esta esp\u00e9cie de madeira [&#8230;]\n","protected":false},"featured_media":36652,"comment_status":"open","ping_status":"closed","template":"","meta":{"_monsterinsights_skip_tracking":false,"_monsterinsights_sitenote_active":false,"_monsterinsights_sitenote_note":"","_monsterinsights_sitenote_category":0},"product_brand":[1506],"product_cat":[1065,831,1099,829],"product_tag":[912,810],"class_list":{"0":"post-36504","1":"product","2":"type-product","3":"status-publish","4":"has-post-thumbnail","6":"product_brand-deejo","7":"product_cat-cutelariaferramentas","8":"product_cat-deejo","9":"product_cat-faca","10":"product_cat-marcas","11":"product_tag-cutelaria","12":"product_tag-faca-de-mesa","14":"first","15":"instock","16":"shipping-taxable","17":"purchasable","18":"product-type-variable"},"aioseo_notices":[],"jetpack_sharing_enabled":true,"_links":{"self":[{"href":"https:\/\/milicia-pro.com\/index.php\/wp-json\/wp\/v2\/product\/36504","targetHints":{"allow":["GET"]}}],"collection":[{"href":"https:\/\/milicia-pro.com\/index.php\/wp-json\/wp\/v2\/product"}],"about":[{"href":"https:\/\/milicia-pro.com\/index.php\/wp-json\/wp\/v2\/types\/product"}],"replies":[{"embeddable":true,"href":"https:\/\/milicia-pro.com\/index.php\/wp-json\/wp\/v2\/comments?post=36504"}],"wp:featuredmedia":[{"embeddable":true,"href":"https:\/\/milicia-pro.com\/index.php\/wp-json\/wp\/v2\/media\/36652"}],"wp:attachment":[{"href":"https:\/\/milicia-pro.com\/index.php\/wp-json\/wp\/v2\/media?parent=36504"}],"wp:term":[{"taxonomy":"product_brand","embeddable":true,"href":"https:\/\/milicia-pro.com\/index.php\/wp-json\/wp\/v2\/product_brand?post=36504"},{"taxonomy":"product_cat","embeddable":true,"href":"https:\/\/milicia-pro.com\/index.php\/wp-json\/wp\/v2\/product_cat?post=36504"},{"taxonomy":"product_tag","embeddable":true,"href":"https:\/\/milicia-pro.com\/index.php\/wp-json\/wp\/v2\/product_tag?post=36504"}],"curies":[{"name":"wp","href":"https:\/\/api.w.org\/{rel}","templated":true}]}}