{"id":36487,"date":"2022-09-01T19:34:47","date_gmt":"2022-09-01T19:34:47","guid":{"rendered":"https:\/\/milicia-pro.com\/?post_type=product&#038;p=36487"},"modified":"2025-03-10T14:16:33","modified_gmt":"2025-03-10T14:16:33","slug":"navalha-deejo-37g-terra-incognita-black-prateado","status":"publish","type":"product","link":"https:\/\/milicia-pro.com\/index.php\/product\/navalha-deejo-37g-terra-incognita-black-prateado\/","title":{"rendered":"NAVALHA DEEJO 37G, TERRA INCOGNITA, BLACK, PRATEADO"},"content":{"rendered":"<p>Faca ultraleve em a\u00e7o inoxid\u00e1vel Z40C13, acabamento em tit\u00e2nio preto. Sistema de bloqueio da lamina seguro decorado com grava\u00e7\u00e3o a laser fina. \u00a0Clip para prender no cinto. O cabo \u00e9 adornado com uma placa de Zamac prateado com prata fina, brilhando com mil reflexos prateados. O prata \u00e9 um material inalter\u00e1vel, denso e nobre que Deejo celebra aqui principalmente pela admira\u00e7\u00e3o que desperta.<\/p>\n<p>ESPECIFICA\u00c7\u00d5ES<\/p>\n<p>37 G DE PESO\/ Z40C13 A\u00c7O INOXID\u00c1VEL \/11 CM QUANDO FECHADA \/ 20,5 CM QUANDO ABERTA \/ 9,5 CM DE L\u00c2MINA \/ 0,9 CM DE ESPESSURA<\/p>\n","protected":false},"excerpt":{"rendered":"<p>Faca ultraleve em a\u00e7o inoxid\u00e1vel Z40C13, acabamento em tit\u00e2nio preto. Sistema de bloqueio da lamina seguro decorado com grava\u00e7\u00e3o a laser fina. \u00a0Clip para prender no cinto. O cabo \u00e9 adornado com uma placa de Zamac prateado com prata fina, brilhando com mil reflexos prateados. O prata \u00e9 um material inalter\u00e1vel, denso e nobre que [&#8230;]\n","protected":false},"featured_media":36646,"comment_status":"open","ping_status":"closed","template":"","meta":{"_monsterinsights_skip_tracking":false,"_monsterinsights_sitenote_active":false,"_monsterinsights_sitenote_note":"","_monsterinsights_sitenote_category":0},"product_brand":[],"product_cat":[1065,831,829,1098],"product_tag":[912,225],"class_list":{"0":"post-36487","1":"product","2":"type-product","3":"status-publish","4":"has-post-thumbnail","6":"product_cat-cutelariaferramentas","7":"product_cat-deejo","8":"product_cat-marcas","9":"product_cat-navalha","10":"product_tag-cutelaria","11":"product_tag-navalha","13":"first","14":"instock","15":"shipping-taxable","16":"purchasable","17":"product-type-simple"},"aioseo_notices":[],"jetpack_sharing_enabled":true,"_links":{"self":[{"href":"https:\/\/milicia-pro.com\/index.php\/wp-json\/wp\/v2\/product\/36487","targetHints":{"allow":["GET"]}}],"collection":[{"href":"https:\/\/milicia-pro.com\/index.php\/wp-json\/wp\/v2\/product"}],"about":[{"href":"https:\/\/milicia-pro.com\/index.php\/wp-json\/wp\/v2\/types\/product"}],"replies":[{"embeddable":true,"href":"https:\/\/milicia-pro.com\/index.php\/wp-json\/wp\/v2\/comments?post=36487"}],"wp:featuredmedia":[{"embeddable":true,"href":"https:\/\/milicia-pro.com\/index.php\/wp-json\/wp\/v2\/media\/36646"}],"wp:attachment":[{"href":"https:\/\/milicia-pro.com\/index.php\/wp-json\/wp\/v2\/media?parent=36487"}],"wp:term":[{"taxonomy":"product_brand","embeddable":true,"href":"https:\/\/milicia-pro.com\/index.php\/wp-json\/wp\/v2\/product_brand?post=36487"},{"taxonomy":"product_cat","embeddable":true,"href":"https:\/\/milicia-pro.com\/index.php\/wp-json\/wp\/v2\/product_cat?post=36487"},{"taxonomy":"product_tag","embeddable":true,"href":"https:\/\/milicia-pro.com\/index.php\/wp-json\/wp\/v2\/product_tag?post=36487"}],"curies":[{"name":"wp","href":"https:\/\/api.w.org\/{rel}","templated":true}]}}