{"id":36485,"date":"2022-09-01T19:34:46","date_gmt":"2022-09-01T19:34:46","guid":{"rendered":"https:\/\/milicia-pro.com\/?post_type=product&#038;p=36485"},"modified":"2025-03-10T14:16:45","modified_gmt":"2025-03-10T14:16:45","slug":"navalha-serrilhada-deejo-37g-cafe-racer-black-carbono","status":"publish","type":"product","link":"https:\/\/milicia-pro.com\/index.php\/product\/navalha-serrilhada-deejo-37g-cafe-racer-black-carbono\/","title":{"rendered":"NAVALHA SERRILHADA DEEJO 37G, CAF\u00c9 RACER, BLACK, CARBONO"},"content":{"rendered":"<p><img loading=\"lazy\" decoding=\"async\" class=\"size-full wp-image-28579 alignleft\" src=\"https:\/\/miliciapro.com\/wp-content\/uploads\/2022\/06\/09.png\" alt=\"\" width=\"519\" height=\"513\" \/>Faca ultraleve em a\u00e7o inoxid\u00e1vel Z40C13. Acabamento em tit\u00e2nio preto. L\u00e2mina micro-serrilhada, abertura com uma m\u00e3o, sistema de bloqueio da l\u00e2mina seguro. Clip para prender no cinto. O cabo \u00e9 decorado com uma placa de fibra de carbono. Caraterizada pela sua baixa densidade, pela sua alta resist\u00eancia \u00e0 tra\u00e7\u00e3o, compress\u00e3o e excelente in\u00e9rcia qu\u00edmica, a fibra de carbono tamb\u00e9m \u00e9 apreciada pela sua est\u00e9tica din\u00e2mica.<\/p>\n<p>ESPECIFICA\u00c7\u00d5ES<\/p>\n<p>37 G DE PESO\/ Z40C13 A\u00c7O INOXID\u00c1VEL \/11 CM QUANDO FECHADA \/ 20,5 CM QUANDO ABERTA \/ 9,5 CM DE L\u00c2MINA \/ 0,9 CM DE ESPESSURA<\/p>\n","protected":false},"excerpt":{"rendered":"<p>Faca ultraleve em a\u00e7o inoxid\u00e1vel Z40C13. Acabamento em tit\u00e2nio preto. L\u00e2mina micro-serrilhada, abertura com uma m\u00e3o, sistema de bloqueio da l\u00e2mina seguro. Clip para prender no cinto. O cabo \u00e9 decorado com uma placa de fibra de carbono. Caraterizada pela sua baixa densidade, pela sua alta resist\u00eancia \u00e0 tra\u00e7\u00e3o, compress\u00e3o e excelente in\u00e9rcia qu\u00edmica, a [&#8230;]\n","protected":false},"featured_media":36638,"comment_status":"open","ping_status":"closed","template":"","meta":{"_monsterinsights_skip_tracking":false,"_monsterinsights_sitenote_active":false,"_monsterinsights_sitenote_note":"","_monsterinsights_sitenote_category":0},"product_brand":[],"product_cat":[1065,831,829,1098],"product_tag":[912,225],"class_list":{"0":"post-36485","1":"product","2":"type-product","3":"status-publish","4":"has-post-thumbnail","6":"product_cat-cutelariaferramentas","7":"product_cat-deejo","8":"product_cat-marcas","9":"product_cat-navalha","10":"product_tag-cutelaria","11":"product_tag-navalha","13":"first","14":"instock","15":"shipping-taxable","16":"purchasable","17":"product-type-simple"},"aioseo_notices":[],"jetpack_sharing_enabled":true,"_links":{"self":[{"href":"https:\/\/milicia-pro.com\/index.php\/wp-json\/wp\/v2\/product\/36485","targetHints":{"allow":["GET"]}}],"collection":[{"href":"https:\/\/milicia-pro.com\/index.php\/wp-json\/wp\/v2\/product"}],"about":[{"href":"https:\/\/milicia-pro.com\/index.php\/wp-json\/wp\/v2\/types\/product"}],"replies":[{"embeddable":true,"href":"https:\/\/milicia-pro.com\/index.php\/wp-json\/wp\/v2\/comments?post=36485"}],"wp:featuredmedia":[{"embeddable":true,"href":"https:\/\/milicia-pro.com\/index.php\/wp-json\/wp\/v2\/media\/36638"}],"wp:attachment":[{"href":"https:\/\/milicia-pro.com\/index.php\/wp-json\/wp\/v2\/media?parent=36485"}],"wp:term":[{"taxonomy":"product_brand","embeddable":true,"href":"https:\/\/milicia-pro.com\/index.php\/wp-json\/wp\/v2\/product_brand?post=36485"},{"taxonomy":"product_cat","embeddable":true,"href":"https:\/\/milicia-pro.com\/index.php\/wp-json\/wp\/v2\/product_cat?post=36485"},{"taxonomy":"product_tag","embeddable":true,"href":"https:\/\/milicia-pro.com\/index.php\/wp-json\/wp\/v2\/product_tag?post=36485"}],"curies":[{"name":"wp","href":"https:\/\/api.w.org\/{rel}","templated":true}]}}