{"id":36262,"date":"2022-09-01T19:29:31","date_gmt":"2022-09-01T19:29:31","guid":{"rendered":"https:\/\/milicia-pro.com\/?post_type=product&#038;p=36262"},"modified":"2025-03-10T14:25:32","modified_gmt":"2025-03-10T14:25:32","slug":"navalha-deejo-37gr-grizzly-titanium-madeira-ebano","status":"publish","type":"product","link":"https:\/\/milicia-pro.com\/index.php\/product\/navalha-deejo-37gr-grizzly-titanium-madeira-ebano\/","title":{"rendered":"NAVALHA DEEJO, 37GR, GRIZZLY, TITANIUM, MADEIRA \u00c9BANO"},"content":{"rendered":"<p>Faca ultraleve em a\u00e7o inoxid\u00e1vel Z40C13, revestido a tit\u00e2nio preto. Sistema de bloqueio da lamina seguro decorado com grava\u00e7\u00e3o a laser fina. \u00a0Clip para prender no cinto. Cabo em madeira de madeira de \u00e9bano maci\u00e7o. A madeira de \u00e9bano, visualmente apreciado pelos seus negros profundos, possui a particularidade de ser praticamente insens\u00edvel \u00e0 humidade. Esta madeira \u00e9 assim a mais densa, a mais resistente e a mais preciosa.<\/p>\n<p>ESPECIFICA\u00c7\u00d5ES<\/p>\n<p>37 G DE PESO\/ Z40C13 A\u00c7O INOXID\u00c1VEL \/11 CM QUANDO FECHADA \/ 20,5 CM QUANDO ABERTA \/ 9,5 CM DE L\u00c2MINA \/ 0,9 CM DE ESPESSURA<\/p>\n","protected":false},"excerpt":{"rendered":"<p>Faca ultraleve em a\u00e7o inoxid\u00e1vel Z40C13, revestido a tit\u00e2nio preto. Sistema de bloqueio da lamina seguro decorado com grava\u00e7\u00e3o a laser fina. \u00a0Clip para prender no cinto. Cabo em madeira de madeira de \u00e9bano maci\u00e7o. A madeira de \u00e9bano, visualmente apreciado pelos seus negros profundos, possui a particularidade de ser praticamente insens\u00edvel \u00e0 humidade. Esta [&#8230;]\n","protected":false},"featured_media":36409,"comment_status":"open","ping_status":"closed","template":"","meta":{"_monsterinsights_skip_tracking":false,"_monsterinsights_sitenote_active":false,"_monsterinsights_sitenote_note":"","_monsterinsights_sitenote_category":0},"product_brand":[],"product_cat":[1065,831,829,1098],"product_tag":[912,225],"class_list":{"0":"post-36262","1":"product","2":"type-product","3":"status-publish","4":"has-post-thumbnail","6":"product_cat-cutelariaferramentas","7":"product_cat-deejo","8":"product_cat-marcas","9":"product_cat-navalha","10":"product_tag-cutelaria","11":"product_tag-navalha","12":"pa_navalha-navalha","14":"first","15":"instock","16":"shipping-taxable","17":"purchasable","18":"product-type-variable"},"aioseo_notices":[],"jetpack_sharing_enabled":true,"_links":{"self":[{"href":"https:\/\/milicia-pro.com\/index.php\/wp-json\/wp\/v2\/product\/36262","targetHints":{"allow":["GET"]}}],"collection":[{"href":"https:\/\/milicia-pro.com\/index.php\/wp-json\/wp\/v2\/product"}],"about":[{"href":"https:\/\/milicia-pro.com\/index.php\/wp-json\/wp\/v2\/types\/product"}],"replies":[{"embeddable":true,"href":"https:\/\/milicia-pro.com\/index.php\/wp-json\/wp\/v2\/comments?post=36262"}],"wp:featuredmedia":[{"embeddable":true,"href":"https:\/\/milicia-pro.com\/index.php\/wp-json\/wp\/v2\/media\/36409"}],"wp:attachment":[{"href":"https:\/\/milicia-pro.com\/index.php\/wp-json\/wp\/v2\/media?parent=36262"}],"wp:term":[{"taxonomy":"product_brand","embeddable":true,"href":"https:\/\/milicia-pro.com\/index.php\/wp-json\/wp\/v2\/product_brand?post=36262"},{"taxonomy":"product_cat","embeddable":true,"href":"https:\/\/milicia-pro.com\/index.php\/wp-json\/wp\/v2\/product_cat?post=36262"},{"taxonomy":"product_tag","embeddable":true,"href":"https:\/\/milicia-pro.com\/index.php\/wp-json\/wp\/v2\/product_tag?post=36262"}],"curies":[{"name":"wp","href":"https:\/\/api.w.org\/{rel}","templated":true}]}}