{"id":36254,"date":"2022-09-01T19:29:29","date_gmt":"2022-09-01T19:29:29","guid":{"rendered":"https:\/\/milicia-pro.com\/?post_type=product&#038;p=36254"},"modified":"2025-09-24T17:42:12","modified_gmt":"2025-09-24T17:42:12","slug":"navalha-deejo-37gr-art-nouveau-titanium-madeira-juniper","status":"publish","type":"product","link":"https:\/\/milicia-pro.com\/index.php\/product\/navalha-deejo-37gr-art-nouveau-titanium-madeira-juniper\/","title":{"rendered":"NAVALHA DEEJO, 37GR ART NOUVEAU, TITANIUM, MADEIRA JUNIPER"},"content":{"rendered":"<div style=\"width: 1020px;\" class=\"wp-video\"><video class=\"wp-video-shortcode\" id=\"video-36254-1\" width=\"1020\" height=\"574\" preload=\"metadata\" controls=\"controls\"><source type=\"video\/mp4\" src=\"https:\/\/miliciapro.com\/wp-content\/uploads\/2022\/06\/Comment-nettoyer-son-Deejo_-_-How-to-clean-your-Deejo_.mp4?_=1\" \/><a href=\"https:\/\/miliciapro.com\/wp-content\/uploads\/2022\/06\/Comment-nettoyer-son-Deejo_-_-How-to-clean-your-Deejo_.mp4\">https:\/\/miliciapro.com\/wp-content\/uploads\/2022\/06\/Comment-nettoyer-son-Deejo_-_-How-to-clean-your-Deejo_.mp4<\/a><\/video><\/div>\n<p>Faca ultraleve em a\u00e7o inoxid\u00e1vel Z40C13. Acabamento fosco. decorado com grava\u00e7\u00e3o a laser fina. Sistema de bloqueio da lamina seguro. Clip para prender no cinto. Cabo de madeira de zimbro maci\u00e7o. O zimbro \u00e9 uma madeira naturalmente perfumada com um cheiro leve e apimentado. Esculpido em arabescos em tons de cinza, cada al\u00e7a delicadamente raiada faz do seu Deejo uma pe\u00e7a preciosamente \u00fanica.<\/p>\n<p>ESPECIFICA\u00c7\u00d5ES<\/p>\n<p>37 G DE PESO\/ Z40C13 A\u00c7O INOXID\u00c1VEL \/11 CM QUANDO FECHADA \/ 20,5 CM QUANDO ABERTA \/ 9,5 CM DE L\u00c2MINA \/ 0,9 CM DE ESPESSURA<\/p>\n<p><strong>\u00a0<\/strong><\/p>\n","protected":false},"excerpt":{"rendered":"<p>Faca ultraleve em a\u00e7o inoxid\u00e1vel Z40C13. Acabamento fosco. decorado com grava\u00e7\u00e3o a laser fina. Sistema de bloqueio da lamina seguro. Clip para prender no cinto. Cabo de madeira de zimbro maci\u00e7o. O zimbro \u00e9 uma madeira naturalmente perfumada com um cheiro leve e apimentado. Esculpido em arabescos em tons de cinza, cada al\u00e7a delicadamente raiada [&#8230;]\n","protected":false},"featured_media":36362,"comment_status":"open","ping_status":"closed","template":"","meta":{"_monsterinsights_skip_tracking":false,"_monsterinsights_sitenote_active":false,"_monsterinsights_sitenote_note":"","_monsterinsights_sitenote_category":0},"product_brand":[1506],"product_cat":[1065,831,829,1098],"product_tag":[912,225],"class_list":{"0":"post-36254","1":"product","2":"type-product","3":"status-publish","4":"has-post-thumbnail","6":"product_brand-deejo","7":"product_cat-cutelariaferramentas","8":"product_cat-deejo","9":"product_cat-marcas","10":"product_cat-navalha","11":"product_tag-cutelaria","12":"product_tag-navalha","13":"pa_navalha-navalha","15":"first","16":"instock","17":"shipping-taxable","18":"purchasable","19":"product-type-variable"},"aioseo_notices":[],"jetpack_sharing_enabled":true,"_links":{"self":[{"href":"https:\/\/milicia-pro.com\/index.php\/wp-json\/wp\/v2\/product\/36254","targetHints":{"allow":["GET"]}}],"collection":[{"href":"https:\/\/milicia-pro.com\/index.php\/wp-json\/wp\/v2\/product"}],"about":[{"href":"https:\/\/milicia-pro.com\/index.php\/wp-json\/wp\/v2\/types\/product"}],"replies":[{"embeddable":true,"href":"https:\/\/milicia-pro.com\/index.php\/wp-json\/wp\/v2\/comments?post=36254"}],"wp:featuredmedia":[{"embeddable":true,"href":"https:\/\/milicia-pro.com\/index.php\/wp-json\/wp\/v2\/media\/36362"}],"wp:attachment":[{"href":"https:\/\/milicia-pro.com\/index.php\/wp-json\/wp\/v2\/media?parent=36254"}],"wp:term":[{"taxonomy":"product_brand","embeddable":true,"href":"https:\/\/milicia-pro.com\/index.php\/wp-json\/wp\/v2\/product_brand?post=36254"},{"taxonomy":"product_cat","embeddable":true,"href":"https:\/\/milicia-pro.com\/index.php\/wp-json\/wp\/v2\/product_cat?post=36254"},{"taxonomy":"product_tag","embeddable":true,"href":"https:\/\/milicia-pro.com\/index.php\/wp-json\/wp\/v2\/product_tag?post=36254"}],"curies":[{"name":"wp","href":"https:\/\/api.w.org\/{rel}","templated":true}]}}