{"id":36248,"date":"2022-09-01T19:29:06","date_gmt":"2022-09-01T19:29:06","guid":{"rendered":"https:\/\/milicia-pro.com\/?post_type=product&#038;p=36248"},"modified":"2025-09-24T17:42:13","modified_gmt":"2025-09-24T17:42:13","slug":"navalha-deejo-37gr-polynesian-mirror-tartaruga","status":"publish","type":"product","link":"https:\/\/milicia-pro.com\/index.php\/product\/navalha-deejo-37gr-polynesian-mirror-tartaruga\/","title":{"rendered":"NAVALHA DEEJO, 37GR POLYNESIAN, MIRROR, TARTARUGA"},"content":{"rendered":"<p>Fac<img loading=\"lazy\" decoding=\"async\" class=\"wp-image-28252 alignleft\" style=\"font-size: 14.4px\" src=\"https:\/\/miliciapro.com\/wp-content\/uploads\/2022\/06\/15.png\" alt=\"\" width=\"391\" height=\"259\" \/><span style=\"font-size: 14.4px\">a<\/span><span style=\"font-size: 14.4px\">\u00a0ultrale<\/span><span style=\"font-size: 14.4px\">ve e<\/span><span style=\"font-size: 14.4px\">m a\u00e7o inoxid\u00e1vel Z40C13. Acabamento espelhado, decorado com grava\u00e7\u00e3o a laser fina. Sistema de bloqueio da lamina seguro. Clip para prender no cinto. Cabo de al\u00e7a de tartaruga. A carapa\u00e7a de tartaruga que adorna nossas facas Deejo \u00e9 formad<\/span><span style=\"font-size: 14.4px\">a por um composto de acetato de celulose usado principalmente pela ind\u00fastria de \u00f3culos. Durante d\u00e9cadas, este material sint\u00e9tico substituiu a verdadeira carapa\u00e7a de tartaruga. Robusto e luminoso, este material apresenta-se nas muitas nuances que a natureza conta como esp\u00e9cie, um material de elei\u00e7\u00e3o para real\u00e7ar a eleg\u00e2ncia das nossas facas.<\/span><\/p>\n<p>ESPECIFICA\u00c7\u00d5ES<\/p>\n<p style=\"text-align: left\"><span style=\"font-size: 14.4px\">37 G DE PESO\/ Z40C13 A\u00c7O INOXID\u00c1VEL \/11 CM QUANDO FECHADA \/ 20,5 CM QUANDO ABERTA \/ 9,5 CM DE L\u00c2MINA \/ 0,9 CM DE ESPESSURA<\/span><\/p>\n<p><strong>\u00a0<\/strong><\/p>\n","protected":false},"excerpt":{"rendered":"<p>Faca\u00a0ultraleve em a\u00e7o inoxid\u00e1vel Z40C13. Acabamento espelhado, decorado com grava\u00e7\u00e3o a laser fina. Sistema de bloqueio da lamina seguro. Clip para prender no cinto. Cabo de al\u00e7a de tartaruga. A carapa\u00e7a de tartaruga que adorna nossas facas Deejo \u00e9 formada por um composto de acetato de celulose usado principalmente pela ind\u00fastria de \u00f3culos. Durante d\u00e9cadas, [&#8230;]\n","protected":false},"featured_media":36357,"comment_status":"open","ping_status":"closed","template":"","meta":{"_monsterinsights_skip_tracking":false,"_monsterinsights_sitenote_active":false,"_monsterinsights_sitenote_note":"","_monsterinsights_sitenote_category":0},"product_brand":[1506],"product_cat":[1065,831,829,1098],"product_tag":[912,225],"class_list":{"0":"post-36248","1":"product","2":"type-product","3":"status-publish","4":"has-post-thumbnail","6":"product_brand-deejo","7":"product_cat-cutelariaferramentas","8":"product_cat-deejo","9":"product_cat-marcas","10":"product_cat-navalha","11":"product_tag-cutelaria","12":"product_tag-navalha","13":"pa_navalha-navalha","15":"first","16":"instock","17":"shipping-taxable","18":"purchasable","19":"product-type-variable"},"aioseo_notices":[],"jetpack_sharing_enabled":true,"_links":{"self":[{"href":"https:\/\/milicia-pro.com\/index.php\/wp-json\/wp\/v2\/product\/36248","targetHints":{"allow":["GET"]}}],"collection":[{"href":"https:\/\/milicia-pro.com\/index.php\/wp-json\/wp\/v2\/product"}],"about":[{"href":"https:\/\/milicia-pro.com\/index.php\/wp-json\/wp\/v2\/types\/product"}],"replies":[{"embeddable":true,"href":"https:\/\/milicia-pro.com\/index.php\/wp-json\/wp\/v2\/comments?post=36248"}],"wp:featuredmedia":[{"embeddable":true,"href":"https:\/\/milicia-pro.com\/index.php\/wp-json\/wp\/v2\/media\/36357"}],"wp:attachment":[{"href":"https:\/\/milicia-pro.com\/index.php\/wp-json\/wp\/v2\/media?parent=36248"}],"wp:term":[{"taxonomy":"product_brand","embeddable":true,"href":"https:\/\/milicia-pro.com\/index.php\/wp-json\/wp\/v2\/product_brand?post=36248"},{"taxonomy":"product_cat","embeddable":true,"href":"https:\/\/milicia-pro.com\/index.php\/wp-json\/wp\/v2\/product_cat?post=36248"},{"taxonomy":"product_tag","embeddable":true,"href":"https:\/\/milicia-pro.com\/index.php\/wp-json\/wp\/v2\/product_tag?post=36248"}],"curies":[{"name":"wp","href":"https:\/\/api.w.org\/{rel}","templated":true}]}}