{"id":36244,"date":"2022-09-01T19:29:05","date_gmt":"2022-09-01T19:29:05","guid":{"rendered":"https:\/\/milicia-pro.com\/?post_type=product&#038;p=36244"},"modified":"2023-02-27T21:36:49","modified_gmt":"2023-02-27T21:36:49","slug":"coronha-m4-aprimorada","status":"publish","type":"product","link":"https:\/\/milicia-pro.com\/index.php\/product\/coronha-m4-aprimorada\/","title":{"rendered":"CORONHA M4 APRIMORADA"},"content":{"rendered":"<p>IMI Defense AR15\/M16 alta qualidade e design excelente Coronha M4 aprimorada feita de pol\u00edmero, dispon\u00edvel para tubos de buffer Mil-Spec e comerciais, com um adaptador de sling t\u00e1tico QD. As dimens\u00f5es \u00e9 de 17x4x13cm e pesa 245g.<\/p>\n<p>&nbsp;<\/p>\n<p>Caracter\u00edsticas e benef\u00edcios:<\/p>\n<ul>\n<li>Feito de um composto de pol\u00edmero refor\u00e7ado com fibra de alta qualidade<\/li>\n<li>Superf\u00edcie da placa traseira quadriculada<\/li>\n<li>Placa traseira remov\u00edvel emborrachada opcional<\/li>\n<li>M\u00faltiplos la\u00e7os de travamento de eslingas Girat\u00f3rio de eslinga de 1\u00bc\u201d<\/li>\n<li>Adaptador de estilingue t\u00e1tico QD do lado direito e esquerdo<\/li>\n<li>Dispon\u00edvel para tubos tamp\u00e3o comerciais e mil-spec<\/li>\n<li>Fabricado em Israel<\/li>\n<\/ul>\n","protected":false},"excerpt":{"rendered":"<p>IMI Defense AR15\/M16 alta qualidade e design excelente Coronha M4 aprimorada feita de pol\u00edmero, dispon\u00edvel para tubos de buffer Mil-Spec e comerciais, com um adaptador de sling t\u00e1tico QD. As dimens\u00f5es \u00e9 de 17x4x13cm e pesa 245g. &nbsp; Caracter\u00edsticas e benef\u00edcios: Feito de um composto de pol\u00edmero refor\u00e7ado com fibra de alta qualidade Superf\u00edcie da [&#8230;]\n","protected":false},"featured_media":36334,"comment_status":"open","ping_status":"closed","template":"","meta":{"_monsterinsights_skip_tracking":false,"_monsterinsights_sitenote_active":false,"_monsterinsights_sitenote_note":"","_monsterinsights_sitenote_category":0},"product_brand":[],"product_cat":[1115,1118,873,829],"product_tag":[800,804],"class_list":{"0":"post-36244","1":"product","2":"type-product","3":"status-publish","4":"has-post-thumbnail","6":"product_cat-acessorios-armas","7":"product_cat-coronha","8":"product_cat-imi-defense","9":"product_cat-marcas","10":"product_tag-carabina","11":"product_tag-coronha","13":"first","14":"onbackorder","15":"shipping-taxable","16":"purchasable","17":"product-type-variable"},"aioseo_notices":[],"jetpack_sharing_enabled":true,"_links":{"self":[{"href":"https:\/\/milicia-pro.com\/index.php\/wp-json\/wp\/v2\/product\/36244","targetHints":{"allow":["GET"]}}],"collection":[{"href":"https:\/\/milicia-pro.com\/index.php\/wp-json\/wp\/v2\/product"}],"about":[{"href":"https:\/\/milicia-pro.com\/index.php\/wp-json\/wp\/v2\/types\/product"}],"replies":[{"embeddable":true,"href":"https:\/\/milicia-pro.com\/index.php\/wp-json\/wp\/v2\/comments?post=36244"}],"wp:featuredmedia":[{"embeddable":true,"href":"https:\/\/milicia-pro.com\/index.php\/wp-json\/wp\/v2\/media\/36334"}],"wp:attachment":[{"href":"https:\/\/milicia-pro.com\/index.php\/wp-json\/wp\/v2\/media?parent=36244"}],"wp:term":[{"taxonomy":"product_brand","embeddable":true,"href":"https:\/\/milicia-pro.com\/index.php\/wp-json\/wp\/v2\/product_brand?post=36244"},{"taxonomy":"product_cat","embeddable":true,"href":"https:\/\/milicia-pro.com\/index.php\/wp-json\/wp\/v2\/product_cat?post=36244"},{"taxonomy":"product_tag","embeddable":true,"href":"https:\/\/milicia-pro.com\/index.php\/wp-json\/wp\/v2\/product_tag?post=36244"}],"curies":[{"name":"wp","href":"https:\/\/api.w.org\/{rel}","templated":true}]}}