{"id":36243,"date":"2022-09-01T19:29:05","date_gmt":"2022-09-01T19:29:05","guid":{"rendered":"https:\/\/milicia-pro.com\/?post_type=product&#038;p=36243"},"modified":"2023-02-27T21:36:31","modified_gmt":"2023-02-27T21:36:31","slug":"plataforma-de-trilho-em-aluminio-arp01-ak47-74","status":"publish","type":"product","link":"https:\/\/milicia-pro.com\/index.php\/product\/plataforma-de-trilho-em-aluminio-arp01-ak47-74\/","title":{"rendered":"PLATAFORMA DE TRILHO EM ALUM\u00cdNIO ARP01 AK47\/74"},"content":{"rendered":"<p>O IMI Defense ARP1 AK47\/74 \u00e9 um sistema ferrovi\u00e1rio de liga de alum\u00ednio de alta qualidade pronto para a batalha para o lend\u00e1rio AK47.<br \/>\nO sistema incorpora todos os recursos necess\u00e1rios para levar a plataforma AK47\/74 at\u00e9 o s\u00e9culo 21 em um design leve e muito fino com um ajuste perfeito.\u00a0O sistema foi projetado para permitir a montagem adequada de acess\u00f3rios modernos, como luzes, lasers,\u00a0<a href=\"http:\/\/imidefense.com\/product\/x3-illuminated-reticle-daytime-scope-sight\/\">\u00f3tica<\/a>\u00a0, foregrip e suportes de sling QD nos lugares certos, mantendo ergonomia e conforto de uso superiores.<\/p>\n<p>A sua dimens\u00e3o \u00e9 de 38,6x5x8,6cm e pesa 400g.<\/p>\n<p>Caracter\u00edsticas e benef\u00edcios:<\/p>\n<ul>\n<li>Grau de aeronave anodizado duro Mil-Std.\u00a0Usinado em alum\u00ednio tarugo 6061 T6 para m\u00e1xima resist\u00eancia.<\/li>\n<li>F\u00e1cil instala\u00e7\u00e3o &#8211; Cai em fuzis AK47, AK74 e Saiga comuns em vez de protetores de m\u00e3o de madeira\/pl\u00e1stico<\/li>\n<li>Trilho superior pronto para \u00f3tica de precis\u00e3o para escopos, vis\u00e3o noturna e miras reflex.<\/li>\n<li>Suportes de sling QD de dupla face<\/li>\n<li>M\u00faltiplas configura\u00e7\u00f5es \u2013 adicionar\/remover m\u00f3dulos de trilhos frontais e traseiros<\/li>\n<li>Trilhos marcados com T gravados a laser<\/li>\n<li>Altamente ergon\u00f4mico<\/li>\n<li>Alinhamento perfeito com o recetor de uma carabina<\/li>\n<\/ul>\n<p>Feito em Israel<\/p>\n","protected":false},"excerpt":{"rendered":"<p>O IMI Defense ARP1 AK47\/74 \u00e9 um sistema ferrovi\u00e1rio de liga de alum\u00ednio de alta qualidade pronto para a batalha para o lend\u00e1rio AK47. O sistema incorpora todos os recursos necess\u00e1rios para levar a plataforma AK47\/74 at\u00e9 o s\u00e9culo 21 em um design leve e muito fino com um ajuste perfeito.\u00a0O sistema foi projetado para [&#8230;]\n","protected":false},"featured_media":36330,"comment_status":"open","ping_status":"closed","template":"","meta":{"_monsterinsights_skip_tracking":false,"_monsterinsights_sitenote_active":false,"_monsterinsights_sitenote_note":"","_monsterinsights_sitenote_category":0},"product_brand":[],"product_cat":[1115,873,829],"product_tag":[800,807],"class_list":{"0":"post-36243","1":"product","2":"type-product","3":"status-publish","4":"has-post-thumbnail","6":"product_cat-acessorios-armas","7":"product_cat-imi-defense","8":"product_cat-marcas","9":"product_tag-carabina","10":"product_tag-plataforma","12":"first","13":"instock","14":"shipping-taxable","15":"purchasable","16":"product-type-variable"},"aioseo_notices":[],"jetpack_sharing_enabled":true,"_links":{"self":[{"href":"https:\/\/milicia-pro.com\/index.php\/wp-json\/wp\/v2\/product\/36243","targetHints":{"allow":["GET"]}}],"collection":[{"href":"https:\/\/milicia-pro.com\/index.php\/wp-json\/wp\/v2\/product"}],"about":[{"href":"https:\/\/milicia-pro.com\/index.php\/wp-json\/wp\/v2\/types\/product"}],"replies":[{"embeddable":true,"href":"https:\/\/milicia-pro.com\/index.php\/wp-json\/wp\/v2\/comments?post=36243"}],"wp:featuredmedia":[{"embeddable":true,"href":"https:\/\/milicia-pro.com\/index.php\/wp-json\/wp\/v2\/media\/36330"}],"wp:attachment":[{"href":"https:\/\/milicia-pro.com\/index.php\/wp-json\/wp\/v2\/media?parent=36243"}],"wp:term":[{"taxonomy":"product_brand","embeddable":true,"href":"https:\/\/milicia-pro.com\/index.php\/wp-json\/wp\/v2\/product_brand?post=36243"},{"taxonomy":"product_cat","embeddable":true,"href":"https:\/\/milicia-pro.com\/index.php\/wp-json\/wp\/v2\/product_cat?post=36243"},{"taxonomy":"product_tag","embeddable":true,"href":"https:\/\/milicia-pro.com\/index.php\/wp-json\/wp\/v2\/product_tag?post=36243"}],"curies":[{"name":"wp","href":"https:\/\/api.w.org\/{rel}","templated":true}]}}