{"id":36242,"date":"2022-09-01T19:29:04","date_gmt":"2022-09-01T19:29:04","guid":{"rendered":"https:\/\/milicia-pro.com\/?post_type=product&#038;p=36242"},"modified":"2023-02-27T21:36:30","modified_gmt":"2023-02-27T21:36:30","slug":"sistema-de-trilho-de-proteccao-de-mao-hrs-ak47-ak74-com-trilho-picatinny-fixo","status":"publish","type":"product","link":"https:\/\/milicia-pro.com\/index.php\/product\/sistema-de-trilho-de-proteccao-de-mao-hrs-ak47-ak74-com-trilho-picatinny-fixo\/","title":{"rendered":"SISTEMA DE TRILHO DE PROTEC\u00c7\u00c3O DE M\u00c3O HRS AK47\/AK74 COM TRILHO PICATINNY FIXO"},"content":{"rendered":"<p>O IMI Defense HRS AK47\/AK74 \u00e9 um sistema ferrovi\u00e1rio de pol\u00edmero de alta qualidade pronto para a batalha para o lend\u00e1rio AK47.<br \/>\nO sistema incorpora todos os recursos necess\u00e1rios para levar a plataforma AK47\/74 at\u00e9 o s\u00e9culo 21 em um design leve e muito fino com um ajuste perfeito.\u00a0O sistema foi projetado para permitir a montagem adequada de acess\u00f3rios modernos, como luzes, lasers, diferentes\u00a0<a href=\"https:\/\/s8.fcomet.com\/~imidefen\/product\/x3-illuminated-reticle-daytime-scope-sight\/\">\u00f3ticas<\/a>\u00a0, foregrip e suportes de sling QD nos lugares certos, mantendo ergonomia e conforto de uso superiores. Dimens\u00e3o 16,5&#215;6,1&#215;7,5cm e peso 250g.<\/p>\n<p>&nbsp;<\/p>\n<p>Caracter\u00edsticas e benef\u00edcios:<\/p>\n<ul>\n<li>Feito de pol\u00edmero refor\u00e7ado com fibra de alta qualidade, resistente ao calor.<\/li>\n<li>F\u00e1cil instala\u00e7\u00e3o &#8211; Cai em fuzis AK47, AK74 e Saiga comuns em vez de protetores de m\u00e3o de madeira\/pl\u00e1stico<\/li>\n<li>Trilho superior pronto para \u00f3tica de precis\u00e3o para escopos, vis\u00e3o noturna e miras reflex.<\/li>\n<li>Trilho Picatinny Fixo<\/li>\n<li>Suportes de sling QD de dupla face<\/li>\n<li>M\u00faltiplas configura\u00e7\u00f5es \u2013 adicionar\/remover m\u00f3dulos de trilhos frontais e traseiros<\/li>\n<li>Trilhos marcados com T gravados a laser<\/li>\n<li>Altamente ergon\u00f4mico<\/li>\n<li>Alinhamento perfeito com o recetor da carabina<\/li>\n<li>Leve, menos de 0,4 kg<\/li>\n<\/ul>\n<p>Feito em Israel<\/p>\n","protected":false},"excerpt":{"rendered":"<p>Brevemente Dispon\u00edvel<\/p>\n","protected":false},"featured_media":36323,"comment_status":"open","ping_status":"closed","template":"","meta":{"_monsterinsights_skip_tracking":false,"_monsterinsights_sitenote_active":false,"_monsterinsights_sitenote_note":"","_monsterinsights_sitenote_category":0},"product_brand":[],"product_cat":[1115,873,829],"product_tag":[800,805,278,806],"class_list":{"0":"post-36242","1":"product","2":"type-product","3":"status-publish","4":"has-post-thumbnail","6":"product_cat-acessorios-armas","7":"product_cat-imi-defense","8":"product_cat-marcas","9":"product_tag-carabina","10":"product_tag-mao","11":"product_tag-proteccao","12":"product_tag-trilho","14":"first","15":"instock","16":"shipping-taxable","17":"purchasable","18":"product-type-variable"},"aioseo_notices":[],"jetpack_sharing_enabled":true,"_links":{"self":[{"href":"https:\/\/milicia-pro.com\/index.php\/wp-json\/wp\/v2\/product\/36242","targetHints":{"allow":["GET"]}}],"collection":[{"href":"https:\/\/milicia-pro.com\/index.php\/wp-json\/wp\/v2\/product"}],"about":[{"href":"https:\/\/milicia-pro.com\/index.php\/wp-json\/wp\/v2\/types\/product"}],"replies":[{"embeddable":true,"href":"https:\/\/milicia-pro.com\/index.php\/wp-json\/wp\/v2\/comments?post=36242"}],"wp:featuredmedia":[{"embeddable":true,"href":"https:\/\/milicia-pro.com\/index.php\/wp-json\/wp\/v2\/media\/36323"}],"wp:attachment":[{"href":"https:\/\/milicia-pro.com\/index.php\/wp-json\/wp\/v2\/media?parent=36242"}],"wp:term":[{"taxonomy":"product_brand","embeddable":true,"href":"https:\/\/milicia-pro.com\/index.php\/wp-json\/wp\/v2\/product_brand?post=36242"},{"taxonomy":"product_cat","embeddable":true,"href":"https:\/\/milicia-pro.com\/index.php\/wp-json\/wp\/v2\/product_cat?post=36242"},{"taxonomy":"product_tag","embeddable":true,"href":"https:\/\/milicia-pro.com\/index.php\/wp-json\/wp\/v2\/product_tag?post=36242"}],"curies":[{"name":"wp","href":"https:\/\/api.w.org\/{rel}","templated":true}]}}