{"id":36241,"date":"2022-09-01T19:29:04","date_gmt":"2022-09-01T19:29:04","guid":{"rendered":"https:\/\/milicia-pro.com\/?post_type=product&#038;p=36241"},"modified":"2023-02-27T21:36:09","modified_gmt":"2023-02-27T21:36:09","slug":"adaptador-de-coronha-mak1-ak-para-m4","status":"publish","type":"product","link":"https:\/\/milicia-pro.com\/index.php\/product\/adaptador-de-coronha-mak1-ak-para-m4\/","title":{"rendered":"ADAPTADOR DE CORONHA MAK1 AK PARA M4"},"content":{"rendered":"<p>O IMI Defense MAK1 \u00e9 um adaptador de coronha composto de pol\u00edmero refor\u00e7ado com fibra de alta qualidade, projetado como uma atualiza\u00e7\u00e3o f\u00e1cil para coronha fixa padr\u00e3o AKM47\/AKM74 original, dobr\u00e1vel Milspec M16\/M4. Com o adaptador IMI Defense MAK1 instalado, a maioria das coronhas dobr\u00e1veis \u200b\u200bdo tipo M4 podem ser conectadas ao seu AKM, fornecendo 6 posi\u00e7\u00f5es para alterar o comprimento de tra\u00e7\u00e3o desejado. As suas dimens\u00f5es \u00e9 de 20&#215;3,5&#215;4,1 cm e pesa 250g.<\/p>\n<p>Caracter\u00edsticas e benef\u00edcios:<\/p>\n<ul>\n<li>Dispon\u00edvel para AKMs carimbados<\/li>\n<li>Tubo de 6 posi\u00e7\u00f5es para ajuste ideal do comprimento da coronha<\/li>\n<li>Adapta-se a qualquer coronha M16\/M4<\/li>\n<li>Leve, feito de um composto de pol\u00edmero refor\u00e7ado com fibra de alta qualidade<\/li>\n<li>Design robusto<\/li>\n<li>Melhora a estabilidade, design e material altamente dur\u00e1veis \u200b\u200be n\u00e3o comprometedores para melhorar o desempenho t\u00e1tico<\/li>\n<li>For\u00e7a maci\u00e7a, altamente resistente a grandes impactos<\/li>\n<li>Autoajust\u00e1vel a qualquer recetor carimbado<\/li>\n<li>N\u00e3o precisa de armeiro<\/li>\n<li>Adapta-se ao tubo tamp\u00e3o padr\u00e3o Mil<\/li>\n<\/ul>\n<p>Feito em Israel<\/p>\n","protected":false},"excerpt":{"rendered":"<p>Brevemente Dispon\u00edvel<\/p>\n","protected":false},"featured_media":36321,"comment_status":"open","ping_status":"closed","template":"","meta":{"_monsterinsights_skip_tracking":false,"_monsterinsights_sitenote_active":false,"_monsterinsights_sitenote_note":"","_monsterinsights_sitenote_category":0},"product_brand":[],"product_cat":[1115,1118,873,829],"product_tag":[803,800,804],"class_list":{"0":"post-36241","1":"product","2":"type-product","3":"status-publish","4":"has-post-thumbnail","6":"product_cat-acessorios-armas","7":"product_cat-coronha","8":"product_cat-imi-defense","9":"product_cat-marcas","10":"product_tag-adaptador","11":"product_tag-carabina","12":"product_tag-coronha","14":"first","15":"onbackorder","16":"shipping-taxable","17":"purchasable","18":"product-type-variable"},"aioseo_notices":[],"jetpack_sharing_enabled":true,"_links":{"self":[{"href":"https:\/\/milicia-pro.com\/index.php\/wp-json\/wp\/v2\/product\/36241","targetHints":{"allow":["GET"]}}],"collection":[{"href":"https:\/\/milicia-pro.com\/index.php\/wp-json\/wp\/v2\/product"}],"about":[{"href":"https:\/\/milicia-pro.com\/index.php\/wp-json\/wp\/v2\/types\/product"}],"replies":[{"embeddable":true,"href":"https:\/\/milicia-pro.com\/index.php\/wp-json\/wp\/v2\/comments?post=36241"}],"wp:featuredmedia":[{"embeddable":true,"href":"https:\/\/milicia-pro.com\/index.php\/wp-json\/wp\/v2\/media\/36321"}],"wp:attachment":[{"href":"https:\/\/milicia-pro.com\/index.php\/wp-json\/wp\/v2\/media?parent=36241"}],"wp:term":[{"taxonomy":"product_brand","embeddable":true,"href":"https:\/\/milicia-pro.com\/index.php\/wp-json\/wp\/v2\/product_brand?post=36241"},{"taxonomy":"product_cat","embeddable":true,"href":"https:\/\/milicia-pro.com\/index.php\/wp-json\/wp\/v2\/product_cat?post=36241"},{"taxonomy":"product_tag","embeddable":true,"href":"https:\/\/milicia-pro.com\/index.php\/wp-json\/wp\/v2\/product_tag?post=36241"}],"curies":[{"name":"wp","href":"https:\/\/api.w.org\/{rel}","templated":true}]}}