{"id":36240,"date":"2022-09-01T19:29:04","date_gmt":"2022-09-01T19:29:04","guid":{"rendered":"https:\/\/milicia-pro.com\/?post_type=product&#038;p=36240"},"modified":"2025-05-24T02:10:07","modified_gmt":"2025-05-24T02:10:07","slug":"punho-para-carabina-de-polimero-ak47-ak74-eg","status":"publish","type":"product","link":"https:\/\/milicia-pro.com\/index.php\/product\/punho-para-carabina-de-polimero-ak47-ak74-eg\/","title":{"rendered":"PUNHO PARA CARABINA DE POL\u00cdMERO AK47 \/ AK74 EG"},"content":{"rendered":"<p>O punho de pistola IMI Defense AK47 \/ AK74 EG Polymer \u00e9 um punho de pistola para carabina ergon\u00f4mico superior com ranhuras de dedo texturizadas antiderrapantes e al\u00e7a traseira. Pesa 100g e tem como dimens\u00f5es 6x3x11centimetros.<\/p>\n<p>Caracter\u00edsticas e benef\u00edcios:<\/p>\n<ul>\n<li>Compat\u00edvel com modelos AK-47\/74, AKS-74U &#8216;Krinkov&#8217;, Galil.<\/li>\n<li>Feito de um composto de pol\u00edmero refor\u00e7ado com fibra de alta qualidade.<\/li>\n<li>Ergonomia superior otimizada para aquisi\u00e7\u00e3o de posi\u00e7\u00e3o, estabilidade e redu\u00e7\u00e3o de recuo.<\/li>\n<li>Armazenamento de bateria embutido<\/li>\n<\/ul>\n<p>*Dispon\u00edvel tamb\u00e9m como um punho de pistola de sobremoldagem (\u00a0<a href=\"https:\/\/s8.fcomet.com\/~imidefen\/product\/ak47-ak74-eg-overmolding-pistol-grip\/\">emborrachado AK Pistol Grip<\/a>\u00a0)<\/p>\n<p>Feito em Israel<\/p>\n","protected":false},"excerpt":{"rendered":"<p>O punho de pistola IMI Defense AK47 \/ AK74 EG Polymer \u00e9 um punho de pistola para carabina ergon\u00f4mico superior com ranhuras de dedo texturizadas antiderrapantes e al\u00e7a traseira. Pesa 100g e tem como dimens\u00f5es 6x3x11centimetros. Caracter\u00edsticas e benef\u00edcios: Compat\u00edvel com modelos AK-47\/74, AKS-74U &#8216;Krinkov&#8217;, Galil. Feito de um composto de pol\u00edmero refor\u00e7ado com fibra [&#8230;]\n","protected":false},"featured_media":36318,"comment_status":"open","ping_status":"closed","template":"","meta":{"_monsterinsights_skip_tracking":false,"_monsterinsights_sitenote_active":false,"_monsterinsights_sitenote_note":"","_monsterinsights_sitenote_category":0},"product_brand":[],"product_cat":[1115,873,829,1116],"product_tag":[800,802],"class_list":{"0":"post-36240","1":"product","2":"type-product","3":"status-publish","4":"has-post-thumbnail","6":"product_cat-acessorios-armas","7":"product_cat-imi-defense","8":"product_cat-marcas","9":"product_cat-punho","10":"product_tag-carabina","11":"product_tag-punho","13":"first","14":"onbackorder","15":"shipping-taxable","16":"purchasable","17":"product-type-variable"},"aioseo_notices":[],"jetpack_sharing_enabled":true,"_links":{"self":[{"href":"https:\/\/milicia-pro.com\/index.php\/wp-json\/wp\/v2\/product\/36240","targetHints":{"allow":["GET"]}}],"collection":[{"href":"https:\/\/milicia-pro.com\/index.php\/wp-json\/wp\/v2\/product"}],"about":[{"href":"https:\/\/milicia-pro.com\/index.php\/wp-json\/wp\/v2\/types\/product"}],"replies":[{"embeddable":true,"href":"https:\/\/milicia-pro.com\/index.php\/wp-json\/wp\/v2\/comments?post=36240"}],"wp:featuredmedia":[{"embeddable":true,"href":"https:\/\/milicia-pro.com\/index.php\/wp-json\/wp\/v2\/media\/36318"}],"wp:attachment":[{"href":"https:\/\/milicia-pro.com\/index.php\/wp-json\/wp\/v2\/media?parent=36240"}],"wp:term":[{"taxonomy":"product_brand","embeddable":true,"href":"https:\/\/milicia-pro.com\/index.php\/wp-json\/wp\/v2\/product_brand?post=36240"},{"taxonomy":"product_cat","embeddable":true,"href":"https:\/\/milicia-pro.com\/index.php\/wp-json\/wp\/v2\/product_cat?post=36240"},{"taxonomy":"product_tag","embeddable":true,"href":"https:\/\/milicia-pro.com\/index.php\/wp-json\/wp\/v2\/product_tag?post=36240"}],"curies":[{"name":"wp","href":"https:\/\/api.w.org\/{rel}","templated":true}]}}