{"id":36239,"date":"2022-09-01T19:29:04","date_gmt":"2022-09-01T19:29:04","guid":{"rendered":"https:\/\/milicia-pro.com\/?post_type=product&#038;p=36239"},"modified":"2023-02-27T21:34:59","modified_gmt":"2023-02-27T21:34:59","slug":"bipe-foregrip-de-polimero-ebf-2","status":"publish","type":"product","link":"https:\/\/milicia-pro.com\/index.php\/product\/bipe-foregrip-de-polimero-ebf-2\/","title":{"rendered":"BIP\u00c9 FOREGRIP DE POL\u00cdMERO EBF-2"},"content":{"rendered":"<p>O IMI Defense EBF-2 Polymer Enhanced Bipod Foregrip com bip\u00e9s refor\u00e7ados com metal transforma-se rapidamente com um aperto vertical em Bip\u00e9 pressionando o bot\u00e3o de libera\u00e7\u00e3o do polegar.<\/p>\n<p>O EBF-2 \u00e9 extremamente confi\u00e1vel nas condi\u00e7\u00f5es mais adversas, como lama, areia e chuva.\u00a0\u00c9 um Bip\u00e9 Ergon\u00f4mico com cabo emborrachado feito para carabinas pesadas \u200b\u200bdevido ao bip\u00e9 de metal refor\u00e7ado, o seu design e resist\u00eancia superiores, feito com um trilho picatinny permitindo solu\u00e7\u00f5es de montagem ideais, facilmente montagens em trilhos Picatinny com uma porca de polegar.\u00a0O Bip\u00e9 EBF-2 fornece uma ader\u00eancia s\u00f3lida e confort\u00e1vel e \u00e9 altamente recomendado para melhor estabilidade.\u00a0Muito eficaz na redu\u00e7\u00e3o da influ\u00eancia da respira\u00e7\u00e3o. Pesa 240g e tem como dimens\u00f5es 6,5 \u00d7 5,5 \u00d7 16,5 cm.<\/p>\n<p>Caracter\u00edsticas e benef\u00edcios:<\/p>\n<ul>\n<li>Feito de um composto de pol\u00edmero resistente a altas temperaturas<\/li>\n<li>Padr\u00e3o do moinho<\/li>\n<li>Mola e pernas de mecanismo forte e s\u00f3lido<\/li>\n<li>Pernas de bip\u00e9 refor\u00e7adas com inser\u00e7\u00f5es de metal<\/li>\n<li>Confi\u00e1vel em condi\u00e7\u00f5es dif\u00edceis, como lama, areia e chuva<\/li>\n<li>Vem como padr\u00e3o com um trilho Picatinny remov\u00edvel<\/li>\n<li>Facilmente ajustado a um trilho Picatinny<\/li>\n<li>F\u00e1cil e r\u00e1pido de operar, bot\u00e3o de press\u00e3o do polegar para uma libera\u00e7\u00e3o r\u00e1pida<\/li>\n<li>Protegido com porcas duplas de libera\u00e7\u00e3o r\u00e1pida<\/li>\n<li>Instala\u00e7\u00e3o r\u00e1pida e f\u00e1cil, sem necessidade de armeiro<\/li>\n<li>Girando 110\u00b0<\/li>\n<li>Feito para utilizadores canhotos\/destros<\/li>\n<\/ul>\n<p>Feito em Israel<\/p>\n","protected":false},"excerpt":{"rendered":"<p>Brevemente Dispon\u00edvel<\/p>\n","protected":false},"featured_media":36316,"comment_status":"open","ping_status":"closed","template":"","meta":{"_monsterinsights_skip_tracking":false,"_monsterinsights_sitenote_active":false,"_monsterinsights_sitenote_note":"","_monsterinsights_sitenote_category":0},"product_brand":[],"product_cat":[1115,1119,873,829],"product_tag":[801,800],"class_list":{"0":"post-36239","1":"product","2":"type-product","3":"status-publish","4":"has-post-thumbnail","6":"product_cat-acessorios-armas","7":"product_cat-bipe","8":"product_cat-imi-defense","9":"product_cat-marcas","10":"product_tag-bipe","11":"product_tag-carabina","13":"first","14":"onbackorder","15":"shipping-taxable","16":"purchasable","17":"product-type-variable"},"aioseo_notices":[],"jetpack_sharing_enabled":true,"_links":{"self":[{"href":"https:\/\/milicia-pro.com\/index.php\/wp-json\/wp\/v2\/product\/36239","targetHints":{"allow":["GET"]}}],"collection":[{"href":"https:\/\/milicia-pro.com\/index.php\/wp-json\/wp\/v2\/product"}],"about":[{"href":"https:\/\/milicia-pro.com\/index.php\/wp-json\/wp\/v2\/types\/product"}],"replies":[{"embeddable":true,"href":"https:\/\/milicia-pro.com\/index.php\/wp-json\/wp\/v2\/comments?post=36239"}],"wp:featuredmedia":[{"embeddable":true,"href":"https:\/\/milicia-pro.com\/index.php\/wp-json\/wp\/v2\/media\/36316"}],"wp:attachment":[{"href":"https:\/\/milicia-pro.com\/index.php\/wp-json\/wp\/v2\/media?parent=36239"}],"wp:term":[{"taxonomy":"product_brand","embeddable":true,"href":"https:\/\/milicia-pro.com\/index.php\/wp-json\/wp\/v2\/product_brand?post=36239"},{"taxonomy":"product_cat","embeddable":true,"href":"https:\/\/milicia-pro.com\/index.php\/wp-json\/wp\/v2\/product_cat?post=36239"},{"taxonomy":"product_tag","embeddable":true,"href":"https:\/\/milicia-pro.com\/index.php\/wp-json\/wp\/v2\/product_tag?post=36239"}],"curies":[{"name":"wp","href":"https:\/\/api.w.org\/{rel}","templated":true}]}}