{"id":36238,"date":"2022-09-01T19:29:04","date_gmt":"2022-09-01T19:29:04","guid":{"rendered":"https:\/\/milicia-pro.com\/?post_type=product&#038;p=36238"},"modified":"2025-05-28T18:05:25","modified_gmt":"2025-05-28T18:05:25","slug":"bipe-foregrip-de-polimero-ebf-1","status":"publish","type":"product","link":"https:\/\/milicia-pro.com\/index.php\/product\/bipe-foregrip-de-polimero-ebf-1\/","title":{"rendered":"BIP\u00c9 FOREGRIP DE POL\u00cdMERO EBF-1"},"content":{"rendered":"<p>O IMI Defense EBF Polymer Enhanced Bipod Foregrip transforma-se rapidamente de um aperto vertical em Bip\u00e9 pressionando o bot\u00e3o de libera\u00e7\u00e3o do polegar.<\/p>\n<p>\u00c9 um Bip\u00e9 Ergon\u00f4mico com punho em borracha feito para carabinas pesadas \u200b\u200bdevido ao seu design e resist\u00eancia superiores, composto por um trilho Picatinny permitindo uma solu\u00e7\u00e3o de montagem ideal. O Bip\u00e9 EBP fornece uma ader\u00eancia s\u00f3lida e confort\u00e1vel e \u00e9 altamente recomendado para melhor estabilidade. Este Bip\u00e9 EBP tem pesa 240g e como mede 6,5 \u00d7 5,5 \u00d7 16,5 cm.<\/p>\n<p>Caracter\u00edsticas e benef\u00edcios:<\/p>\n<ul>\n<li>Feito do composto de pol\u00edmero resistente a altas temperaturas<\/li>\n<li>Padr\u00e3o do moinho<\/li>\n<li>Mola e pernas de mecanismo forte e s\u00f3lido<\/li>\n<li>Confi\u00e1vel em condi\u00e7\u00f5es dif\u00edceis, como lama, areia e chuva<\/li>\n<li>Vem como padr\u00e3o com um trilho Picatinny remov\u00edvel<\/li>\n<li>Facilmente ajustado a um trilho Picatinny<\/li>\n<li>F\u00e1cil e r\u00e1pido de operar, bot\u00e3o de press\u00e3o do polegar para uma libera\u00e7\u00e3o r\u00e1pida<\/li>\n<li>Protegido com porcas duplas de libera\u00e7\u00e3o r\u00e1pida<\/li>\n<li>Instala\u00e7\u00e3o r\u00e1pida e f\u00e1cil, sem necessidade de armeiro<\/li>\n<li>Feito em Israel<\/li>\n<\/ul>\n<h2><\/h2>\n","protected":false},"excerpt":{"rendered":"<p>Brevemente Dispon\u00edvel<\/p>\n","protected":false},"featured_media":36314,"comment_status":"open","ping_status":"closed","template":"","meta":{"_monsterinsights_skip_tracking":false,"_monsterinsights_sitenote_active":false,"_monsterinsights_sitenote_note":"","_monsterinsights_sitenote_category":0},"product_brand":[],"product_cat":[1115,873,829,1116],"product_tag":[55,801,800],"class_list":{"0":"post-36238","1":"product","2":"type-product","3":"status-publish","4":"has-post-thumbnail","6":"product_cat-acessorios-armas","7":"product_cat-imi-defense","8":"product_cat-marcas","9":"product_cat-punho","10":"product_tag-acessorio","11":"product_tag-bipe","12":"product_tag-carabina","14":"first","15":"instock","16":"shipping-taxable","17":"purchasable","18":"product-type-variable"},"aioseo_notices":[],"jetpack_sharing_enabled":true,"_links":{"self":[{"href":"https:\/\/milicia-pro.com\/index.php\/wp-json\/wp\/v2\/product\/36238","targetHints":{"allow":["GET"]}}],"collection":[{"href":"https:\/\/milicia-pro.com\/index.php\/wp-json\/wp\/v2\/product"}],"about":[{"href":"https:\/\/milicia-pro.com\/index.php\/wp-json\/wp\/v2\/types\/product"}],"replies":[{"embeddable":true,"href":"https:\/\/milicia-pro.com\/index.php\/wp-json\/wp\/v2\/comments?post=36238"}],"wp:featuredmedia":[{"embeddable":true,"href":"https:\/\/milicia-pro.com\/index.php\/wp-json\/wp\/v2\/media\/36314"}],"wp:attachment":[{"href":"https:\/\/milicia-pro.com\/index.php\/wp-json\/wp\/v2\/media?parent=36238"}],"wp:term":[{"taxonomy":"product_brand","embeddable":true,"href":"https:\/\/milicia-pro.com\/index.php\/wp-json\/wp\/v2\/product_brand?post=36238"},{"taxonomy":"product_cat","embeddable":true,"href":"https:\/\/milicia-pro.com\/index.php\/wp-json\/wp\/v2\/product_cat?post=36238"},{"taxonomy":"product_tag","embeddable":true,"href":"https:\/\/milicia-pro.com\/index.php\/wp-json\/wp\/v2\/product_tag?post=36238"}],"curies":[{"name":"wp","href":"https:\/\/api.w.org\/{rel}","templated":true}]}}