{"id":36229,"date":"2022-09-01T19:29:02","date_gmt":"2022-09-01T19:29:02","guid":{"rendered":"https:\/\/milicia-pro.com\/?post_type=product&#038;p=36229"},"modified":"2025-06-05T13:47:18","modified_gmt":"2025-06-05T13:47:18","slug":"patch-da-liberdade","status":"publish","type":"product","link":"https:\/\/milicia-pro.com\/index.php\/product\/patch-da-liberdade\/","title":{"rendered":"PATCH DA LIBERDADE"},"content":{"rendered":"<p>Este patch da Liberdade \u00e9 enorme. Coloque no seu equipamento t\u00e1tico o nosso quinto patch de lan\u00e7amento limitado.<\/p>\n<p><img loading=\"lazy\" decoding=\"async\" class=\"alignnone wp-image-26780\" src=\"https:\/\/miliciapro.com\/wp-content\/uploads\/2022\/04\/MHF-21-07774.jpg\" alt=\"\" width=\"521\" height=\"348\" \/><\/p>\n","protected":false},"excerpt":{"rendered":"<p>Este patch da Liberdade \u00e9 enorme. Coloque no seu equipamento t\u00e1tico o nosso quinto patch de lan\u00e7amento limitado.<\/p>\n","protected":false},"featured_media":36251,"comment_status":"open","ping_status":"closed","template":"","meta":{"_monsterinsights_skip_tracking":false,"_monsterinsights_sitenote_active":false,"_monsterinsights_sitenote_note":"","_monsterinsights_sitenote_category":0},"product_brand":[],"product_cat":[830,1455,829,1120],"product_tag":[238],"class_list":{"0":"post-36229","1":"product","2":"type-product","3":"status-publish","4":"has-post-thumbnail","6":"product_cat-firsttactical","7":"product_cat-insignias-patch","8":"product_cat-marcas","9":"product_cat-patch","10":"product_tag-patch","12":"first","13":"instock","14":"shipping-taxable","15":"purchasable","16":"product-type-variable"},"aioseo_notices":[],"jetpack_sharing_enabled":true,"_links":{"self":[{"href":"https:\/\/milicia-pro.com\/index.php\/wp-json\/wp\/v2\/product\/36229","targetHints":{"allow":["GET"]}}],"collection":[{"href":"https:\/\/milicia-pro.com\/index.php\/wp-json\/wp\/v2\/product"}],"about":[{"href":"https:\/\/milicia-pro.com\/index.php\/wp-json\/wp\/v2\/types\/product"}],"replies":[{"embeddable":true,"href":"https:\/\/milicia-pro.com\/index.php\/wp-json\/wp\/v2\/comments?post=36229"}],"wp:featuredmedia":[{"embeddable":true,"href":"https:\/\/milicia-pro.com\/index.php\/wp-json\/wp\/v2\/media\/36251"}],"wp:attachment":[{"href":"https:\/\/milicia-pro.com\/index.php\/wp-json\/wp\/v2\/media?parent=36229"}],"wp:term":[{"taxonomy":"product_brand","embeddable":true,"href":"https:\/\/milicia-pro.com\/index.php\/wp-json\/wp\/v2\/product_brand?post=36229"},{"taxonomy":"product_cat","embeddable":true,"href":"https:\/\/milicia-pro.com\/index.php\/wp-json\/wp\/v2\/product_cat?post=36229"},{"taxonomy":"product_tag","embeddable":true,"href":"https:\/\/milicia-pro.com\/index.php\/wp-json\/wp\/v2\/product_tag?post=36229"}],"curies":[{"name":"wp","href":"https:\/\/api.w.org\/{rel}","templated":true}]}}