{"id":36227,"date":"2022-09-01T19:29:01","date_gmt":"2022-09-01T19:29:01","guid":{"rendered":"https:\/\/milicia-pro.com\/?post_type=product&#038;p=36227"},"modified":"2025-06-04T16:40:17","modified_gmt":"2025-06-04T16:40:17","slug":"patch-lobo-cinza","status":"publish","type":"product","link":"https:\/\/milicia-pro.com\/index.php\/product\/patch-lobo-cinza\/","title":{"rendered":"PATCH LOBO CINZA"},"content":{"rendered":"<p><span style=\"font-size: 10.0pt;font-family: 'Arial',sans-serif;color: black;letter-spacing: .3pt;background: #F7F7F7\">Nosso novo patch Wolf Grey fei<\/span>to em bordado e os olhos brilham no escuro!<\/p>\n<p>Ser\u00e1 uma \u00f3tima adi\u00e7\u00e3o \u00e0 sua cole\u00e7\u00e3o de patches!<\/p>\n","protected":false},"excerpt":{"rendered":"<p>Brevemente Dispon\u00edvel<\/p>\n","protected":false},"featured_media":36249,"comment_status":"open","ping_status":"closed","template":"","meta":{"_monsterinsights_skip_tracking":false,"_monsterinsights_sitenote_active":false,"_monsterinsights_sitenote_note":"","_monsterinsights_sitenote_category":0},"product_brand":[],"product_cat":[830,1455,829,1120],"product_tag":[238],"class_list":{"0":"post-36227","1":"product","2":"type-product","3":"status-publish","4":"has-post-thumbnail","6":"product_cat-firsttactical","7":"product_cat-insignias-patch","8":"product_cat-marcas","9":"product_cat-patch","10":"product_tag-patch","12":"first","13":"instock","14":"shipping-taxable","15":"purchasable","16":"product-type-simple"},"aioseo_notices":[],"jetpack_sharing_enabled":true,"_links":{"self":[{"href":"https:\/\/milicia-pro.com\/index.php\/wp-json\/wp\/v2\/product\/36227","targetHints":{"allow":["GET"]}}],"collection":[{"href":"https:\/\/milicia-pro.com\/index.php\/wp-json\/wp\/v2\/product"}],"about":[{"href":"https:\/\/milicia-pro.com\/index.php\/wp-json\/wp\/v2\/types\/product"}],"replies":[{"embeddable":true,"href":"https:\/\/milicia-pro.com\/index.php\/wp-json\/wp\/v2\/comments?post=36227"}],"wp:featuredmedia":[{"embeddable":true,"href":"https:\/\/milicia-pro.com\/index.php\/wp-json\/wp\/v2\/media\/36249"}],"wp:attachment":[{"href":"https:\/\/milicia-pro.com\/index.php\/wp-json\/wp\/v2\/media?parent=36227"}],"wp:term":[{"taxonomy":"product_brand","embeddable":true,"href":"https:\/\/milicia-pro.com\/index.php\/wp-json\/wp\/v2\/product_brand?post=36227"},{"taxonomy":"product_cat","embeddable":true,"href":"https:\/\/milicia-pro.com\/index.php\/wp-json\/wp\/v2\/product_cat?post=36227"},{"taxonomy":"product_tag","embeddable":true,"href":"https:\/\/milicia-pro.com\/index.php\/wp-json\/wp\/v2\/product_tag?post=36227"}],"curies":[{"name":"wp","href":"https:\/\/api.w.org\/{rel}","templated":true}]}}