{"id":36181,"date":"2022-09-01T19:28:12","date_gmt":"2022-09-01T19:28:12","guid":{"rendered":"https:\/\/milicia-pro.com\/?post_type=product&#038;p=36181"},"modified":"2025-07-15T17:32:51","modified_gmt":"2025-07-15T17:32:51","slug":"chapeu-mesh","status":"publish","type":"product","link":"https:\/\/milicia-pro.com\/index.php\/product\/chapeu-mesh\/","title":{"rendered":"CHAP\u00c9U MESH"},"content":{"rendered":"<p>Este chap\u00e9u \u00e9 ajust\u00e1vel \u00e0 cabe\u00e7a, feito em tecido de malha 100% poli\u00e9ster e possui ventila\u00e7\u00e3o por toda parte para m\u00e1xima respirabilidade. Aba curva padr\u00e3o com 8 linhas de costura superior.<\/p>\n","protected":false},"excerpt":{"rendered":"<p>Brevemente Dispon\u00edvel<\/p>\n","protected":false},"featured_media":36188,"comment_status":"open","ping_status":"closed","template":"","meta":{"_monsterinsights_skip_tracking":false,"_monsterinsights_sitenote_active":false,"_monsterinsights_sitenote_note":"","_monsterinsights_sitenote_category":0},"product_brand":[],"product_cat":[1461,1458,830,829],"product_tag":[85,111],"class_list":{"0":"post-36181","1":"product","2":"type-product","3":"status-publish","4":"has-post-thumbnail","6":"product_cat-bone","7":"product_cat-chapeu-ca","8":"product_cat-firsttactical","9":"product_cat-marcas","10":"product_tag-bone","11":"product_tag-chapeu","13":"first","14":"instock","15":"shipping-taxable","16":"purchasable","17":"product-type-variable"},"aioseo_notices":[],"jetpack_sharing_enabled":true,"_links":{"self":[{"href":"https:\/\/milicia-pro.com\/index.php\/wp-json\/wp\/v2\/product\/36181","targetHints":{"allow":["GET"]}}],"collection":[{"href":"https:\/\/milicia-pro.com\/index.php\/wp-json\/wp\/v2\/product"}],"about":[{"href":"https:\/\/milicia-pro.com\/index.php\/wp-json\/wp\/v2\/types\/product"}],"replies":[{"embeddable":true,"href":"https:\/\/milicia-pro.com\/index.php\/wp-json\/wp\/v2\/comments?post=36181"}],"wp:featuredmedia":[{"embeddable":true,"href":"https:\/\/milicia-pro.com\/index.php\/wp-json\/wp\/v2\/media\/36188"}],"wp:attachment":[{"href":"https:\/\/milicia-pro.com\/index.php\/wp-json\/wp\/v2\/media?parent=36181"}],"wp:term":[{"taxonomy":"product_brand","embeddable":true,"href":"https:\/\/milicia-pro.com\/index.php\/wp-json\/wp\/v2\/product_brand?post=36181"},{"taxonomy":"product_cat","embeddable":true,"href":"https:\/\/milicia-pro.com\/index.php\/wp-json\/wp\/v2\/product_cat?post=36181"},{"taxonomy":"product_tag","embeddable":true,"href":"https:\/\/milicia-pro.com\/index.php\/wp-json\/wp\/v2\/product_tag?post=36181"}],"curies":[{"name":"wp","href":"https:\/\/api.w.org\/{rel}","templated":true}]}}