{"id":35876,"date":"2022-09-01T19:23:54","date_gmt":"2022-09-01T19:23:54","guid":{"rendered":"https:\/\/milicia-pro.com\/?post_type=product&#038;p=35876"},"modified":"2026-01-14T15:23:04","modified_gmt":"2026-01-14T15:23:04","slug":"chapeu-uniforme-ajustavel","status":"publish","type":"product","link":"https:\/\/milicia-pro.com\/index.php\/product\/chapeu-uniforme-ajustavel\/","title":{"rendered":"CHAP\u00c9U UNIFORME AJUST\u00c1VEL"},"content":{"rendered":"<p>O Chap\u00e9u Uniforme da First Tactical \u00e9 feito com tecido misto de poli\u00e9ster\/algod\u00e3o Ripstop duplo com um acabamento repelente de manchas Teflon\u00ae Shield+. Apresenta uma coroa tradicional forrada com buckrim, ilh\u00f3s costurados e pain\u00e9is frontais em branco para bordados ou enfeites. Tem controle de tira em tecido ajust\u00e1vel, adaptando-se ao tamanho da cabe\u00e7a, para maior seguran\u00e7a.<\/p>\n<p><img loading=\"lazy\" decoding=\"async\" class=\"wp-image-25445 alignleft\" src=\"https:\/\/miliciapro.com\/wp-content\/uploads\/2022\/03\/0.png\" alt=\"\" width=\"322\" height=\"167\" \/><\/p>\n<h6 class=\"h3\" style=\"background: #F7F7F7;margin: 0cm 0cm 18.75pt 0cm\"><b><span style=\"font-size: 20.0pt;font-family: 'Arial',sans-serif;color: black;text-transform: uppercase\">ACEITA BORDADO<\/span><\/b><\/h6>\n<h5 style=\"margin: 0cm;background: #F7F7F7\"><span style=\"font-size: 13.0pt;font-family: 'Arial',sans-serif;color: black;letter-spacing: .3pt\">Dois pain\u00e9is em branco na frente do chap\u00e9u fornecem um espa\u00e7o ideal para adicionar o logotipo, enfeite ou adesivo do seu departamento para uma apar\u00eancia consistente e profissional.<\/span><\/h5>\n<p><img loading=\"lazy\" decoding=\"async\" class=\"wp-image-25446 alignleft\" src=\"https:\/\/miliciapro.com\/wp-content\/uploads\/2022\/03\/00.png\" alt=\"\" width=\"310\" height=\"160\" \/><\/p>\n<p>&nbsp;<\/p>\n<p class=\"h3\" style=\"background: #F7F7F7;margin: 0cm 0cm 18.75pt 0cm\"><b><span style=\"font-size: 20.0pt;font-family: 'Arial',sans-serif;color: black;text-transform: uppercase\">VEN\u00c7A O CALOR<\/span><\/b><\/p>\n<p style=\"margin: 0cm;background: #F7F7F7\"><span style=\"font-size: 13.0pt;font-family: 'Arial',sans-serif;color: black;letter-spacing: .3pt\">Seis ilh\u00f3s costurados proporcionam respirabilidade.<\/span><\/p>\n<p>&nbsp;<\/p>\n<p style=\"margin: 0cm;background: #F7F7F7\">\n","protected":false},"excerpt":{"rendered":"<p>O Chap\u00e9u Uniforme da First Tactical \u00e9 feito com tecido misto de poli\u00e9ster\/algod\u00e3o Ripstop duplo com um acabamento repelente de manchas Teflon\u00ae Shield+. Apresenta uma coroa tradicional forrada com buckrim, ilh\u00f3s costurados e pain\u00e9is frontais em branco para bordados ou enfeites. Tem controle de tira em tecido ajust\u00e1vel, adaptando-se ao tamanho da cabe\u00e7a, para maior [&#8230;]\n","protected":false},"featured_media":35902,"comment_status":"open","ping_status":"closed","template":"","meta":{"_monsterinsights_skip_tracking":false,"_monsterinsights_sitenote_active":false,"_monsterinsights_sitenote_note":"","_monsterinsights_sitenote_category":0},"product_brand":[],"product_cat":[1461,1458,830,829],"product_tag":[85,111],"class_list":{"0":"post-35876","1":"product","2":"type-product","3":"status-publish","4":"has-post-thumbnail","6":"product_cat-bone","7":"product_cat-chapeu-ca","8":"product_cat-firsttactical","9":"product_cat-marcas","10":"product_tag-bone","11":"product_tag-chapeu","13":"first","14":"instock","15":"shipping-taxable","16":"purchasable","17":"product-type-variable"},"aioseo_notices":[],"jetpack_sharing_enabled":true,"_links":{"self":[{"href":"https:\/\/milicia-pro.com\/index.php\/wp-json\/wp\/v2\/product\/35876","targetHints":{"allow":["GET"]}}],"collection":[{"href":"https:\/\/milicia-pro.com\/index.php\/wp-json\/wp\/v2\/product"}],"about":[{"href":"https:\/\/milicia-pro.com\/index.php\/wp-json\/wp\/v2\/types\/product"}],"replies":[{"embeddable":true,"href":"https:\/\/milicia-pro.com\/index.php\/wp-json\/wp\/v2\/comments?post=35876"}],"wp:featuredmedia":[{"embeddable":true,"href":"https:\/\/milicia-pro.com\/index.php\/wp-json\/wp\/v2\/media\/35902"}],"wp:attachment":[{"href":"https:\/\/milicia-pro.com\/index.php\/wp-json\/wp\/v2\/media?parent=35876"}],"wp:term":[{"taxonomy":"product_brand","embeddable":true,"href":"https:\/\/milicia-pro.com\/index.php\/wp-json\/wp\/v2\/product_brand?post=35876"},{"taxonomy":"product_cat","embeddable":true,"href":"https:\/\/milicia-pro.com\/index.php\/wp-json\/wp\/v2\/product_cat?post=35876"},{"taxonomy":"product_tag","embeddable":true,"href":"https:\/\/milicia-pro.com\/index.php\/wp-json\/wp\/v2\/product_tag?post=35876"}],"curies":[{"name":"wp","href":"https:\/\/api.w.org\/{rel}","templated":true}]}}