{"id":35445,"date":"2022-09-01T19:15:52","date_gmt":"2022-09-01T19:15:52","guid":{"rendered":"https:\/\/milicia-pro.com\/?post_type=product&#038;p=35445"},"modified":"2026-02-23T15:45:29","modified_gmt":"2026-02-23T15:45:29","slug":"wolverine-csr-red-dot","status":"publish","type":"product","link":"https:\/\/milicia-pro.com\/index.php\/product\/wolverine-csr-red-dot\/","title":{"rendered":"WOLVERINE CSR RED DOT"},"content":{"rendered":"<p><img loading=\"lazy\" decoding=\"async\" class=\"alignnone size-medium wp-image-24619\" src=\"https:\/\/miliciapro.com\/wp-content\/uploads\/2022\/03\/ECO.SM26021-00-800x281.jpg\" alt=\"\" width=\"800\" height=\"281\" \/><\/p>\n<p>A Mira Sightmark Wolverine CSR Red Dot Sight \u00e9 uma \u00f3tica de curto alcance projetada especificamente para espingardas e carabinas de cano curto.\u00a0O CSR ostenta um ret\u00edculo de ponto vermelho de 4 MOA com uma lente objetiva de 23 mm e controles de brilho com chave digital ajust\u00e1vel.\u00a0Compacto e leve, o CSR pesa apenas 300g e possui consumo de energia extremamente baixo, de 1.000.000 milh\u00f5es de horas de dura\u00e7\u00e3o da bateria com baixa energia e 50.000 horas na configura\u00e7\u00e3o 6 de apenas uma \u00fanica bateria AA.\u00a0O CSR tamb\u00e9m oferece modos de brilho vari\u00e1vel e vis\u00e3o noturna, o que permite a capacidade de co-testemunhar com uma vis\u00e3o noturna.\u00a0As miras Wolverine responsivas est\u00e3o alojadas numa \u00fanica pe\u00e7a de alum\u00ednio 6061-T6 que \u00e9 blindada com borracha e protegida por um revestimento de lente antirreflexo e resistente a arranh\u00f5es.<\/p>\n<h3><strong>Inclu\u00eddo no Pacote<\/strong><\/h3>\n<ul>\n<li>tampa da lente de borracha<\/li>\n<li>montagem Picatinny<\/li>\n<li>Riser para covardia absoluta<\/li>\n<\/ul>\n<h3><strong>Baterias usadas<\/strong><\/h3>\n<ul>\n<li>Tipo: AA<\/li>\n<li>Quantidade: 1<\/li>\n<\/ul>\n<h3><strong>Recursos<\/strong><\/h3>\n<ul>\n<li>Consumo de energia muito baixo<\/li>\n<li>Controles de brilho do interruptor digital<\/li>\n<li>Revestimento de lente antirreflexo e resistente a arranh\u00f5es<\/li>\n<li>Design compacto e leve<\/li>\n<li>Tampas de ajuste protegidas<\/li>\n<li>Blindado de borracha, pe\u00e7a \u00fanica 6061-T6<\/li>\n<li>Altura de montagem ajust\u00e1vel<\/li>\n<li>Classifica\u00e7\u00e3o \u00e0 prova de \u00e1gua IP67 &#8211; submerg\u00edvel a<\/li>\n<li>\u00c0 prova de embaciamento, purgado com nitrog\u00eanio<\/li>\n<li>Compat\u00edvel com vis\u00e3o noturna<\/li>\n<li>Al\u00edvio ocular ilimitado<\/li>\n<li>Design \u00e0 prova de choque<\/li>\n<li>Ampla faixa de temperatura de opera\u00e7\u00e3o, -22 a 122 F<\/li>\n<\/ul>\n<p>&nbsp;<\/p>\n","protected":false},"excerpt":{"rendered":"<p><img loading=\"lazy\" decoding=\"async\" class=\"alignnone wp-image-24629\" src=\"https:\/\/miliciapro.com\/wp-content\/uploads\/2022\/03\/ECO.SM26021-10.png\" alt=\"\" width=\"246\" height=\"205\" \/><\/p>\n<p>Brevemente Dispon\u00edvel<\/p>\n","protected":false},"featured_media":35603,"comment_status":"open","ping_status":"closed","template":"","meta":{"_monsterinsights_skip_tracking":false,"_monsterinsights_sitenote_active":false,"_monsterinsights_sitenote_note":"","_monsterinsights_sitenote_category":0},"product_brand":[1603],"product_cat":[1115,1064,829,1093,1070,980],"product_tag":[64,779,786],"class_list":{"0":"post-35445","1":"product","2":"type-product","3":"status-publish","4":"has-post-thumbnail","6":"product_brand-sightmark","7":"product_cat-acessorios-armas","8":"product_cat-equipamentotatico","9":"product_cat-marcas","10":"product_cat-miras","11":"product_cat-optica","12":"product_cat-eco-globe","13":"product_tag-arma","14":"product_tag-luneta","15":"product_tag-mira","17":"first","18":"instock","19":"shipping-taxable","20":"purchasable","21":"product-type-variable"},"aioseo_notices":[],"jetpack_sharing_enabled":true,"_links":{"self":[{"href":"https:\/\/milicia-pro.com\/index.php\/wp-json\/wp\/v2\/product\/35445","targetHints":{"allow":["GET"]}}],"collection":[{"href":"https:\/\/milicia-pro.com\/index.php\/wp-json\/wp\/v2\/product"}],"about":[{"href":"https:\/\/milicia-pro.com\/index.php\/wp-json\/wp\/v2\/types\/product"}],"replies":[{"embeddable":true,"href":"https:\/\/milicia-pro.com\/index.php\/wp-json\/wp\/v2\/comments?post=35445"}],"wp:featuredmedia":[{"embeddable":true,"href":"https:\/\/milicia-pro.com\/index.php\/wp-json\/wp\/v2\/media\/35603"}],"wp:attachment":[{"href":"https:\/\/milicia-pro.com\/index.php\/wp-json\/wp\/v2\/media?parent=35445"}],"wp:term":[{"taxonomy":"product_brand","embeddable":true,"href":"https:\/\/milicia-pro.com\/index.php\/wp-json\/wp\/v2\/product_brand?post=35445"},{"taxonomy":"product_cat","embeddable":true,"href":"https:\/\/milicia-pro.com\/index.php\/wp-json\/wp\/v2\/product_cat?post=35445"},{"taxonomy":"product_tag","embeddable":true,"href":"https:\/\/milicia-pro.com\/index.php\/wp-json\/wp\/v2\/product_tag?post=35445"}],"curies":[{"name":"wp","href":"https:\/\/api.w.org\/{rel}","templated":true}]}}