{"id":35444,"date":"2022-09-01T19:15:52","date_gmt":"2022-09-01T19:15:52","guid":{"rendered":"https:\/\/milicia-pro.com\/?post_type=product&#038;p=35444"},"modified":"2026-01-13T18:07:38","modified_gmt":"2026-01-13T18:07:38","slug":"wolverine-fsr-red-dot-sight-flat-dark-earthgra","status":"publish","type":"product","link":"https:\/\/milicia-pro.com\/index.php\/product\/wolverine-fsr-red-dot-sight-flat-dark-earthgra\/","title":{"rendered":"WOLVERINE FSR RED DOT SIGHT\u2013 FLAT DARK EARTH"},"content":{"rendered":"<p>Projetada para um curto alcance, a mira Sightmark Wolverine Flat Dark Earth FSR Red Dot Sight foi constru\u00edda especificamente para a plataforma AR. Um interruptor digital controla o brilho do ret\u00edculo de ponto vermelho de 2 MOA com uma lente objetiva de 28 mm. O modelo FSR dur\u00e1vel pesa apenas 350g.<\/p>\n<p>A robusta linha da mira Wolverine da Sightmark oferece uma vida \u00fatil da bateria de primeira classe usando apenas uma \u00fanica bateria AA num design dur\u00e1vel e \u00e0 prova de choque.\u00a0As miras Wolverine responsivas est\u00e3o alojadas numa \u00fanica pe\u00e7a de alum\u00ednio 6061-T6 que \u00e9 blindada com borracha e protegida por um revestimento de lente antirreflexo e resistente a arranh\u00f5es.<\/p>\n<p>\u00c0 prova de embaciamento e purgada de nitrog\u00eanio, a fam\u00edlia de miras Wolverine foi projetada para fornecer aos atiradores a capacidade de mirar numa variedade de condi\u00e7\u00f5es e temperaturas que variam de -22 a 122 F. Ambos os modelos possuem uma classifica\u00e7\u00e3o \u00e0 prova de \u00e1gua IP67 e s\u00e3o submers\u00edveis at\u00e9 um metro. As miras de ponto vermelho Wolverine t\u00eam uma altura de montagem ajust\u00e1vel e s\u00e3o compat\u00edveis com montagens Picatinny.<\/p>\n<p>Inclu\u00eddo no Pacote<\/p>\n<ul>\n<li>tampa da lente de borracha<\/li>\n<li>montagem Picatinny<\/li>\n<li>Riser para covardia absoluta<\/li>\n<\/ul>\n<p>Baterias usadas<\/p>\n<ul>\n<li>Tipo: AA<\/li>\n<li>Quantidade: 1<\/li>\n<\/ul>\n<p>Recursos<\/p>\n<ul>\n<li>Armadura de borracha de terra escura plana<\/li>\n<li>Alimentado por uma \u00fanica bateria AA<\/li>\n<li>6 anos de uso cont\u00ednuo com pot\u00eancia<br \/>\n6 de 10<\/li>\n<li>Controles de brilho do interruptor digital<\/li>\n<li>Revestimento de lente antirreflexo e resistente a arranh\u00f5es<\/li>\n<li>Lente objetiva de 28 mm para aquisi\u00e7\u00e3o mais r\u00e1pida<\/li>\n<li>Tampas de ajuste protegidas<\/li>\n<li>Altura de montagem ajust\u00e1vel<\/li>\n<li>\u00c0 prova de embaciamento, purgado com nitrog\u00eanio<\/li>\n<li>Compat\u00edvel com vis\u00e3o noturna<\/li>\n<li>Al\u00edvio ocular ilimitado<\/li>\n<li>Design \u00e0 prova de choque<\/li>\n<li>Ampla faixa de temperatura de opera\u00e7\u00e3o -22 a 122F<\/li>\n<li>Carca\u00e7a de alum\u00ednio 6061-T6 de pe\u00e7a \u00fanica blindada em borracha<\/li>\n<li>Classifica\u00e7\u00e3o IP67 \u00e0 prova de \u00e1gua &#8211; submers\u00edvel at\u00e9 1 m\/3 p\u00e9s<\/li>\n<\/ul>\n","protected":false},"excerpt":{"rendered":"<p>Brevemente Dispon\u00edvel<\/p>\n<p><img loading=\"lazy\" decoding=\"async\" class=\"alignnone size-full wp-image-24595\" src=\"https:\/\/miliciapro.com\/wp-content\/uploads\/2022\/03\/ECO.SM26020DE-00.png\" alt=\"\" width=\"282\" height=\"160\" \/><\/p>\n","protected":false},"featured_media":35592,"comment_status":"open","ping_status":"closed","template":"","meta":{"_monsterinsights_skip_tracking":false,"_monsterinsights_sitenote_active":false,"_monsterinsights_sitenote_note":"","_monsterinsights_sitenote_category":0},"product_brand":[1603],"product_cat":[1115,1064,829,1093,1070,980],"product_tag":[64,779,786],"class_list":{"0":"post-35444","1":"product","2":"type-product","3":"status-publish","4":"has-post-thumbnail","6":"product_brand-sightmark","7":"product_cat-acessorios-armas","8":"product_cat-equipamentotatico","9":"product_cat-marcas","10":"product_cat-miras","11":"product_cat-optica","12":"product_cat-eco-globe","13":"product_tag-arma","14":"product_tag-luneta","15":"product_tag-mira","17":"first","18":"instock","19":"shipping-taxable","20":"purchasable","21":"product-type-variable"},"aioseo_notices":[],"jetpack_sharing_enabled":true,"_links":{"self":[{"href":"https:\/\/milicia-pro.com\/index.php\/wp-json\/wp\/v2\/product\/35444","targetHints":{"allow":["GET"]}}],"collection":[{"href":"https:\/\/milicia-pro.com\/index.php\/wp-json\/wp\/v2\/product"}],"about":[{"href":"https:\/\/milicia-pro.com\/index.php\/wp-json\/wp\/v2\/types\/product"}],"replies":[{"embeddable":true,"href":"https:\/\/milicia-pro.com\/index.php\/wp-json\/wp\/v2\/comments?post=35444"}],"wp:featuredmedia":[{"embeddable":true,"href":"https:\/\/milicia-pro.com\/index.php\/wp-json\/wp\/v2\/media\/35592"}],"wp:attachment":[{"href":"https:\/\/milicia-pro.com\/index.php\/wp-json\/wp\/v2\/media?parent=35444"}],"wp:term":[{"taxonomy":"product_brand","embeddable":true,"href":"https:\/\/milicia-pro.com\/index.php\/wp-json\/wp\/v2\/product_brand?post=35444"},{"taxonomy":"product_cat","embeddable":true,"href":"https:\/\/milicia-pro.com\/index.php\/wp-json\/wp\/v2\/product_cat?post=35444"},{"taxonomy":"product_tag","embeddable":true,"href":"https:\/\/milicia-pro.com\/index.php\/wp-json\/wp\/v2\/product_tag?post=35444"}],"curies":[{"name":"wp","href":"https:\/\/api.w.org\/{rel}","templated":true}]}}