{"id":34807,"date":"2022-09-01T19:05:06","date_gmt":"2022-09-01T19:05:06","guid":{"rendered":"https:\/\/milicia-pro.com\/?post_type=product&#038;p=34807"},"modified":"2025-10-14T13:16:29","modified_gmt":"2025-10-14T13:16:29","slug":"lanterna-huntsman-xlt","status":"publish","type":"product","link":"https:\/\/milicia-pro.com\/index.php\/product\/lanterna-huntsman-xlt\/","title":{"rendered":"LANTERNA HUNTSMAN-XLT"},"content":{"rendered":"<div style=\"width: 1020px;\" class=\"wp-video\"><video class=\"wp-video-shortcode\" id=\"video-34807-1\" width=\"1020\" height=\"574\" preload=\"metadata\" controls=\"controls\"><source type=\"video\/mp4\" src=\"https:\/\/milicia-pro.com\/wp-content\/uploads\/2022\/09\/PowerTac-Huntsman-XLT-_-Thrower-at-1200-Lumens-for-Distance-Spotting.mp4?_=1\" \/><a href=\"https:\/\/milicia-pro.com\/wp-content\/uploads\/2022\/09\/PowerTac-Huntsman-XLT-_-Thrower-at-1200-Lumens-for-Distance-Spotting.mp4\">https:\/\/milicia-pro.com\/wp-content\/uploads\/2022\/09\/PowerTac-Huntsman-XLT-_-Thrower-at-1200-Lumens-for-Distance-Spotting.mp4<\/a><\/video><\/div>\n<p><strong>CARACTER\u00cdSTICAS PRINCIPAIS:<\/strong><\/p>\n<ul>\n<li>Sa\u00edda m\u00e1xima de 1.200 l\u00famens<\/li>\n<li>Dist\u00e2ncia de proje\u00e7\u00e3o de luz extralonga de 1.000 metros<\/li>\n<li>250.000 candelas<\/li>\n<li>A bateria 21700 de 5.000MaH oferece uma autonomia superior<\/li>\n<li>Possui um bot\u00e3o \u201cInstant Strobe\u201d<\/li>\n<\/ul>\n<p>Para uma ilumina\u00e7\u00e3o de longo alcance confi\u00e1vel e poderosa, n\u00e3o h\u00e1 escolha melhor do que o Powertac Huntsman-XLT. Com um interruptor de ativa\u00e7\u00e3o quase silencioso, a Huntsman-XLT \u00e9 uma lanterna perfeita para militares, profissionais de seguran\u00e7a, ca\u00e7a e muito mais. Tem uma sa\u00edda m\u00e1xima de 1.200 l\u00famens para ilumina\u00e7\u00e3o de amplo alcance em qualquer ambiente. Com o longo tempo de funcionamento desta tocha e a impressionante dist\u00e2ncia de proje\u00e7\u00e3o, o compacto e extremamente capaz Huntsman-XLT \u00e9 o ajuste perfeito para ca\u00e7a e uso di\u00e1rio (EDC).<\/p>\n<p>&nbsp;<\/p>\n<p><strong>PODER DE N\u00cdVEL PROFISSIONAL<\/strong><\/p>\n<p>A lanterna LED Powertac Huntsman-XLT \u00e9 perfeita para atividades policiais e qualquer ambiente onde voc\u00ea n\u00e3o queira ficar no escuro. A Huntsman-XLT brilha at\u00e9 1.000 metros, al\u00e9m disso, apresenta seis modos de luz especializados.<\/p>\n<p><strong>DESIGN SUSTENT\u00c1VEL E CARREGAMENTO INOVADOR<\/strong><\/p>\n<p>N\u00e3o necessita de baterias descart\u00e1veis pois \u00e9 simples de voltar a carregar atrav\u00e9s de uma porta magn\u00e9tica ou USB para alimenta\u00e7\u00e3o r\u00e1pida e de \u00faltima gera\u00e7\u00e3o. \u00c9 importante referir que est\u00e1 inclu\u00edda uma bateria recarreg\u00e1vel Powertac 21700.<\/p>\n<p><strong>BATERIA E VIDA \u00daTIL DE LONGA DURA\u00c7\u00c3O<\/strong><\/p>\n<p>Uma das vantagens mais exclusivas da lanterna Huntsman-XLT \u00e9 a compatibilidade da bateria tri-combust\u00edvel. Use a bateria 21700 de 5.000mAh (inclu\u00edda), troque-a por uma bateria de \u00edons de l\u00edtio 18650 de alta descarga ou use dois CR123As; para uso prolongado onde quer que voc\u00ea esteja. Ao usar a bateria 21700 inclu\u00edda, \u00e9 muito f\u00e1cil carreg\u00e1-la, mesmo sem tirar a bateria. Com a inovadora porta de carregamento dupla magn\u00e9tica\/micro-USB do Huntsman-XLT, voc\u00ea poder\u00e1 acender esta luz not\u00e1vel novamente num piscar de olhos. Dependendo da bateria usada, voc\u00ea pode esperar at\u00e9 3 horas de autonomia enquanto opera com pot\u00eancia m\u00e1xima e incr\u00edveis 20 dias de luz enquanto usa o modo de menor consumo de energia!<\/p>\n<p>&nbsp;<\/p>\n<p><strong>CARACTER\u00cdSTICAS ADICIONAIS:<\/strong><\/p>\n<ul>\n<li>Kit de montagem dispon\u00edvel<\/li>\n<li>Interface de usu\u00e1rio simples<\/li>\n<li>O interruptor traseiro fornece modos de luz moment\u00e2neos e cont\u00ednuos<\/li>\n<li>Interruptor lateral integrado para acesso r\u00e1pido a diferentes modos de luz<\/li>\n<li>6 configura\u00e7\u00f5es diferentes, que incluem 5 n\u00edveis de brilho mais uma configura\u00e7\u00e3o estrobosc\u00f3pica<\/li>\n<li>Memoriza\u00e7\u00e3o autom\u00e1tica para todas as configura\u00e7\u00f5es de luz<\/li>\n<li>Moldura com ameias<\/li>\n<li>Preserva LED e componentes eletr\u00f4nicos com um dissipador de calor superior projetado para r\u00e1pida dispers\u00e3o de calor<\/li>\n<li>Resiste a danos causados \u200b\u200bpela \u00e1gua gra\u00e7as a um design vedado com anel de veda\u00e7\u00e3o de precis\u00e3o para fornecer uso confi\u00e1vel em condi\u00e7\u00f5es extremas<\/li>\n<li>Recartilhado antiderrapante e acabamento fosco para ader\u00eancia firme<\/li>\n<li>Tecnologia de controle de circuito digital para m\u00e1ximo desempenho e longo tempo de execu\u00e7\u00e3o<\/li>\n<li>A prote\u00e7\u00e3o contra invers\u00e3o de polaridade protege contra instala\u00e7\u00e3o inadequada da bateria.<\/li>\n<li>Usinado em alum\u00ednio para aeronaves com acabamento anodizado tipo III<\/li>\n<li>Vidro temperado para resistir a quebras e arranh\u00f5es no impacto<\/li>\n<li>Lente de vidro com revestimento duplo para proporcionar m\u00e1ximo brilho OTF (Out The Front) e dist\u00e2ncia do feixe<\/li>\n<li>Porta de carregamento magn\u00e9tica ou micro USB<\/li>\n<li>IPX8 \u00e0 prova d&#8217;\u00e1gua, submers\u00edvel em at\u00e9 2 metros de profundidade<\/li>\n<li>Garantia de vida<\/li>\n<\/ul>\n<p>&nbsp;<\/p>\n<p><strong>ESPECIFICA\u00c7\u00d5ES:<\/strong><\/p>\n<ul>\n<li>Bateria: Uma (1x) 21700 5000 mAh recarreg\u00e1vel de \u00edon de l\u00edtio (inclu\u00edda).<\/li>\n<\/ul>\n<p>o Compat\u00edvel com baterias de \u00edon-l\u00edtio de alta descarga 18650 e 2 baterias CR123A com espa\u00e7ador (n\u00e3o inclu\u00eddas).<\/p>\n<p>o (N\u00c3O compat\u00edvel com RCR123A\/16340)<\/p>\n<ul>\n<li>Tamanho:<\/li>\n<\/ul>\n<p>o Comprimento: 186 mm<\/p>\n<p>o Di\u00e2metro da moldura: 45 mm<\/p>\n<p>o Di\u00e2metro do corpo: 26,5 mm<\/p>\n<ul>\n<li>Peso: 206g (sem bateria)<\/li>\n<\/ul>\n<p>&nbsp;<\/p>\n<p><strong>O PACOTE INCLUI:<\/strong><\/p>\n<ul>\n<li>Lanterna Huntsman-XLT<\/li>\n<li>Bateria 21700-5000 mAh<\/li>\n<li>Coldre de nylon<\/li>\n<li>Cabo magn\u00e9tico USB<\/li>\n<li>An\u00e9is de veda\u00e7\u00e3o sobressalentes<\/li>\n<li>Anel de reten\u00e7\u00e3o<\/li>\n<li>Cord\u00e3o<\/li>\n<li>Manual de instru\u00e7\u00f5es<\/li>\n<\/ul>\n<p><strong>ILUMINA\u00c7\u00c3O \/ TEMPO DE FUNCIONAMENTO<\/strong><\/p>\n<table style=\"height: 275px\" width=\"724\">\n<tbody>\n<tr>\n<td width=\"81\"><strong>\u00a0<\/strong><\/td>\n<td width=\"81\">Firefly<\/td>\n<td width=\"81\">Baixo<\/td>\n<td width=\"81\">M\u00e9dio<\/td>\n<td width=\"81\">Alto<\/td>\n<td width=\"81\">Turbo<\/td>\n<td width=\"81\">Strobe<\/td>\n<\/tr>\n<tr>\n<td width=\"81\">21700 (5000 mAh)<\/td>\n<td width=\"81\">7 lmns<\/p>\n<p><strong>\u00a0<\/strong><\/p>\n<p><strong>\u00a0<\/strong><\/td>\n<td width=\"81\">60 lmns<\/p>\n<p><strong>\u00a0<\/strong><\/td>\n<td width=\"81\">260 lmns<\/td>\n<td width=\"81\">690 lmns<\/td>\n<td width=\"81\">1.200 lmns<\/td>\n<td width=\"81\">1.200 lmns<\/td>\n<\/tr>\n<tr>\n<td width=\"81\"><strong>\u00a0<\/strong><\/td>\n<td width=\"81\">20 dias<\/td>\n<td width=\"81\">24,6 horas<\/td>\n<td width=\"81\">5,5 horas<\/td>\n<td width=\"81\">3,2 horas<\/p>\n<p><strong>\u00a0<\/strong><\/td>\n<td width=\"81\">3 horas<\/p>\n<p><strong>\u00a0<\/strong><\/td>\n<td width=\"81\">4,5 horas<\/p>\n<p><strong>\u00a0<\/strong><\/td>\n<\/tr>\n<\/tbody>\n<\/table>\n<p><img loading=\"lazy\" decoding=\"async\" class=\"alignnone wp-image-40847\" src=\"https:\/\/milicia-pro.com\/wp-content\/uploads\/2022\/09\/pwt-300x268.png\" alt=\"\" width=\"250\" height=\"223\" srcset=\"https:\/\/milicia-pro.com\/wp-content\/uploads\/2022\/09\/pwt-300x268.png 300w, https:\/\/milicia-pro.com\/wp-content\/uploads\/2022\/09\/pwt.png 480w\" sizes=\"auto, (max-width: 250px) 100vw, 250px\" \/><\/p>\n<p>&nbsp;<\/p>\n","protected":false},"excerpt":{"rendered":"<p>CARACTER\u00cdSTICAS PRINCIPAIS: Sa\u00edda m\u00e1xima de 1.200 l\u00famens Dist\u00e2ncia de proje\u00e7\u00e3o de luz extralonga de 1.000 metros 250.000 candelas A bateria 21700 de 5.000MaH oferece uma autonomia superior Possui um bot\u00e3o \u201cInstant Strobe\u201d Para uma ilumina\u00e7\u00e3o de longo alcance confi\u00e1vel e poderosa, n\u00e3o h\u00e1 escolha melhor do que o Powertac Huntsman-XLT. Com um interruptor de ativa\u00e7\u00e3o [&#8230;]\n","protected":false},"featured_media":34845,"comment_status":"open","ping_status":"closed","template":"","meta":{"_monsterinsights_skip_tracking":false,"_monsterinsights_sitenote_active":false,"_monsterinsights_sitenote_note":"","_monsterinsights_sitenote_category":0},"product_brand":[1518],"product_cat":[1064,1090,829,1145],"product_tag":[193],"class_list":{"0":"post-34807","1":"product","2":"type-product","3":"status-publish","4":"has-post-thumbnail","6":"product_brand-powertac","7":"product_cat-equipamentotatico","8":"product_cat-lanterna","9":"product_cat-marcas","10":"product_cat-powertac","11":"product_tag-lanterna","13":"first","14":"instock","15":"shipping-taxable","16":"purchasable","17":"product-type-variable"},"aioseo_notices":[],"jetpack_sharing_enabled":true,"_links":{"self":[{"href":"https:\/\/milicia-pro.com\/index.php\/wp-json\/wp\/v2\/product\/34807","targetHints":{"allow":["GET"]}}],"collection":[{"href":"https:\/\/milicia-pro.com\/index.php\/wp-json\/wp\/v2\/product"}],"about":[{"href":"https:\/\/milicia-pro.com\/index.php\/wp-json\/wp\/v2\/types\/product"}],"replies":[{"embeddable":true,"href":"https:\/\/milicia-pro.com\/index.php\/wp-json\/wp\/v2\/comments?post=34807"}],"wp:featuredmedia":[{"embeddable":true,"href":"https:\/\/milicia-pro.com\/index.php\/wp-json\/wp\/v2\/media\/34845"}],"wp:attachment":[{"href":"https:\/\/milicia-pro.com\/index.php\/wp-json\/wp\/v2\/media?parent=34807"}],"wp:term":[{"taxonomy":"product_brand","embeddable":true,"href":"https:\/\/milicia-pro.com\/index.php\/wp-json\/wp\/v2\/product_brand?post=34807"},{"taxonomy":"product_cat","embeddable":true,"href":"https:\/\/milicia-pro.com\/index.php\/wp-json\/wp\/v2\/product_cat?post=34807"},{"taxonomy":"product_tag","embeddable":true,"href":"https:\/\/milicia-pro.com\/index.php\/wp-json\/wp\/v2\/product_tag?post=34807"}],"curies":[{"name":"wp","href":"https:\/\/api.w.org\/{rel}","templated":true}]}}