{"id":34766,"date":"2022-09-01T19:03:47","date_gmt":"2022-09-01T19:03:47","guid":{"rendered":"https:\/\/milicia-pro.com\/?post_type=product&#038;p=34766"},"modified":"2026-01-08T09:51:16","modified_gmt":"2026-01-08T09:51:16","slug":"luvas-friskmaster-anti-corte-c-liner-x11","status":"publish","type":"product","link":"https:\/\/milicia-pro.com\/index.php\/product\/luvas-friskmaster-anti-corte-c-liner-x11\/","title":{"rendered":"LUVAS FRISKMASTER ANTI-CORTE C\/ LINER X11"},"content":{"rendered":"<p>Luvas de prote\u00e7\u00e3o para facas.\u00a0Feitas de POWERSHIELD X3, elas s\u00e3o 10 vezes mais fortes do que as luvas Spectra anteriores.<\/p>\n<p>As luvas, confecionadas em couro da melhor qualidade, que garantem toque suficiente para as buscas e para o uso de armas, ao mesmo tempo que garantem a prote\u00e7\u00e3o necess\u00e1ria nas interven\u00e7\u00f5es, s\u00e3o altamente resistentes a cortes e perfura\u00e7\u00f5es.<\/p>\n<p>&nbsp;<\/p>\n","protected":false},"excerpt":{"rendered":"<p>OBS: LIMITADO AO STOCK EXISTENTE \u2013 REQUER VERIFICA\u00c7\u00c3O DE TAMANHOS<\/p>\n","protected":false},"featured_media":34806,"comment_status":"open","ping_status":"closed","template":"","meta":{"_monsterinsights_skip_tracking":false,"_monsterinsights_sitenote_active":false,"_monsterinsights_sitenote_note":"","_monsterinsights_sitenote_category":0},"product_brand":[1512],"product_cat":[1064,965,1088,829],"product_tag":[846],"class_list":{"0":"post-34766","1":"product","2":"type-product","3":"status-publish","4":"has-post-thumbnail","6":"product_brand-hatch","7":"product_cat-equipamentotatico","8":"product_cat-hatch","9":"product_cat-luvas","10":"product_cat-marcas","11":"product_tag-luvas","13":"first","14":"instock","15":"shipping-taxable","16":"purchasable","17":"product-type-variable"},"aioseo_notices":[],"jetpack_sharing_enabled":true,"_links":{"self":[{"href":"https:\/\/milicia-pro.com\/index.php\/wp-json\/wp\/v2\/product\/34766","targetHints":{"allow":["GET"]}}],"collection":[{"href":"https:\/\/milicia-pro.com\/index.php\/wp-json\/wp\/v2\/product"}],"about":[{"href":"https:\/\/milicia-pro.com\/index.php\/wp-json\/wp\/v2\/types\/product"}],"replies":[{"embeddable":true,"href":"https:\/\/milicia-pro.com\/index.php\/wp-json\/wp\/v2\/comments?post=34766"}],"wp:featuredmedia":[{"embeddable":true,"href":"https:\/\/milicia-pro.com\/index.php\/wp-json\/wp\/v2\/media\/34806"}],"wp:attachment":[{"href":"https:\/\/milicia-pro.com\/index.php\/wp-json\/wp\/v2\/media?parent=34766"}],"wp:term":[{"taxonomy":"product_brand","embeddable":true,"href":"https:\/\/milicia-pro.com\/index.php\/wp-json\/wp\/v2\/product_brand?post=34766"},{"taxonomy":"product_cat","embeddable":true,"href":"https:\/\/milicia-pro.com\/index.php\/wp-json\/wp\/v2\/product_cat?post=34766"},{"taxonomy":"product_tag","embeddable":true,"href":"https:\/\/milicia-pro.com\/index.php\/wp-json\/wp\/v2\/product_tag?post=34766"}],"curies":[{"name":"wp","href":"https:\/\/api.w.org\/{rel}","templated":true}]}}