{"id":34759,"date":"2022-09-01T19:03:46","date_gmt":"2022-09-01T19:03:46","guid":{"rendered":"https:\/\/milicia-pro.com\/?post_type=product&#038;p=34759"},"modified":"2026-01-08T09:51:33","modified_gmt":"2026-01-08T09:51:33","slug":"luvas-a-anti-corte-friskmaster-max","status":"publish","type":"product","link":"https:\/\/milicia-pro.com\/index.php\/product\/luvas-a-anti-corte-friskmaster-max\/","title":{"rendered":"LUVAS \u00c0 ANTI-CORTE &#8220;FRISKMASTER MAX&#8221;"},"content":{"rendered":"<p>&nbsp;<\/p>\n<p><span class=\"regplain\">Com o Friskmaster SB4000, voc\u00ea nem saber\u00e1 que est\u00e1 usando uma luva forrada.\u00a0<\/span><\/p>\n<p><span class=\"regplain\">Com um revestimento Dyneema\u00ae &#8211; o melhor revestimento resistente a cortes dispon\u00edvel, oferece <span style=\"font-size: 14.4px\">prote\u00e7\u00e3o<\/span>\u00a0incompar\u00e1vel contra cortes para evitar ferimentos causados \u200b\u200bpor facas, l\u00e2minas de barbear e outros <span style=\"font-size: 14.4px\">objetos<\/span> pontiagudos.\u00a0<\/span><\/p>\n<p><span class=\"regplain\">O Dyneema oferece o dobro da <span style=\"font-size: 14.4px\">prote\u00e7\u00e3o<\/span>\u00a0necess\u00e1ria para a classe mais alta do padr\u00e3o de teste EN 388.<\/span><\/p>\n<ul>\n<li>Constru\u00e7\u00e3o de couro premium<\/li>\n<li>O couro \u00e9 impregnado com um tratamento resistente \u00e0 \u00e1gua e ao desbotamento<\/li>\n<li>Forro Dyneema\u00ae para o m\u00e1ximo em <span style=\"font-size: 14.4px\">prote\u00e7\u00e3o<\/span>\u00a0contra cortes, conforto e destreza<\/li>\n<li>Corte alongado e el\u00e1stico<\/li>\n<\/ul>\n<p>&nbsp;<\/p>\n","protected":false},"excerpt":{"rendered":"<p>OBS: LIMITADO AO STOCK EXISTENTE \u2013 REQUER VERIFICA\u00c7\u00c3O DE TAMANHOS<\/p>\n","protected":false},"featured_media":34803,"comment_status":"open","ping_status":"closed","template":"","meta":{"_monsterinsights_skip_tracking":false,"_monsterinsights_sitenote_active":false,"_monsterinsights_sitenote_note":"","_monsterinsights_sitenote_category":0},"product_brand":[1512],"product_cat":[1064,965,1088,829],"product_tag":[846],"class_list":{"0":"post-34759","1":"product","2":"type-product","3":"status-publish","4":"has-post-thumbnail","6":"product_brand-hatch","7":"product_cat-equipamentotatico","8":"product_cat-hatch","9":"product_cat-luvas","10":"product_cat-marcas","11":"product_tag-luvas","13":"first","14":"instock","15":"shipping-taxable","16":"purchasable","17":"product-type-variable"},"aioseo_notices":[],"jetpack_sharing_enabled":true,"_links":{"self":[{"href":"https:\/\/milicia-pro.com\/index.php\/wp-json\/wp\/v2\/product\/34759","targetHints":{"allow":["GET"]}}],"collection":[{"href":"https:\/\/milicia-pro.com\/index.php\/wp-json\/wp\/v2\/product"}],"about":[{"href":"https:\/\/milicia-pro.com\/index.php\/wp-json\/wp\/v2\/types\/product"}],"replies":[{"embeddable":true,"href":"https:\/\/milicia-pro.com\/index.php\/wp-json\/wp\/v2\/comments?post=34759"}],"wp:featuredmedia":[{"embeddable":true,"href":"https:\/\/milicia-pro.com\/index.php\/wp-json\/wp\/v2\/media\/34803"}],"wp:attachment":[{"href":"https:\/\/milicia-pro.com\/index.php\/wp-json\/wp\/v2\/media?parent=34759"}],"wp:term":[{"taxonomy":"product_brand","embeddable":true,"href":"https:\/\/milicia-pro.com\/index.php\/wp-json\/wp\/v2\/product_brand?post=34759"},{"taxonomy":"product_cat","embeddable":true,"href":"https:\/\/milicia-pro.com\/index.php\/wp-json\/wp\/v2\/product_cat?post=34759"},{"taxonomy":"product_tag","embeddable":true,"href":"https:\/\/milicia-pro.com\/index.php\/wp-json\/wp\/v2\/product_tag?post=34759"}],"curies":[{"name":"wp","href":"https:\/\/api.w.org\/{rel}","templated":true}]}}