{"id":34753,"date":"2022-09-01T19:03:45","date_gmt":"2022-09-01T19:03:45","guid":{"rendered":"https:\/\/milicia-pro.com\/?post_type=product&#038;p=34753"},"modified":"2026-01-07T17:28:54","modified_gmt":"2026-01-07T17:28:54","slug":"luvas-hatch-mechanics-c-spandex","status":"publish","type":"product","link":"https:\/\/milicia-pro.com\/index.php\/product\/luvas-hatch-mechanics-c-spandex\/","title":{"rendered":"LUVAS HATCH &#8220;MECHANICS&#8221; C\/ SPANDEX"},"content":{"rendered":"<p>A luva do mec\u00e2nico HMG100 Hatch\u00ae apresenta uma palma em couro de camur\u00e7a sint\u00e9tica com refor\u00e7os acolchoados de espuma de alta densidade, as pontas dos dedos s\u00e3o refor\u00e7adas com adesivos Toughtek \u2122 e spandex flex\u00edvel tem acolchoamento de espuma de alta densidade dividido para maior conforto.\u00a0O pulso confort\u00e1vel e el\u00e1stico com fecho de velcro oferece um ajuste firme.<\/p>\n","protected":false},"excerpt":{"rendered":"<p>A luva do mec\u00e2nico HMG100 Hatch\u00ae apresenta uma palma em couro de camur\u00e7a sint\u00e9tica com refor\u00e7os acolchoados de espuma de alta densidade, as pontas dos dedos s\u00e3o refor\u00e7adas com adesivos Toughtek \u2122 e spandex flex\u00edvel tem acolchoamento de espuma de alta densidade dividido para maior conforto.\u00a0O pulso confort\u00e1vel e el\u00e1stico com fecho de velcro oferece [&#8230;]\n","protected":false},"featured_media":34802,"comment_status":"open","ping_status":"closed","template":"","meta":{"_monsterinsights_skip_tracking":false,"_monsterinsights_sitenote_active":false,"_monsterinsights_sitenote_note":"","_monsterinsights_sitenote_category":0},"product_brand":[1512],"product_cat":[1064,965,1088,829],"product_tag":[846],"class_list":{"0":"post-34753","1":"product","2":"type-product","3":"status-publish","4":"has-post-thumbnail","6":"product_brand-hatch","7":"product_cat-equipamentotatico","8":"product_cat-hatch","9":"product_cat-luvas","10":"product_cat-marcas","11":"product_tag-luvas","13":"first","14":"instock","15":"shipping-taxable","16":"purchasable","17":"product-type-variable"},"aioseo_notices":[],"jetpack_sharing_enabled":true,"_links":{"self":[{"href":"https:\/\/milicia-pro.com\/index.php\/wp-json\/wp\/v2\/product\/34753","targetHints":{"allow":["GET"]}}],"collection":[{"href":"https:\/\/milicia-pro.com\/index.php\/wp-json\/wp\/v2\/product"}],"about":[{"href":"https:\/\/milicia-pro.com\/index.php\/wp-json\/wp\/v2\/types\/product"}],"replies":[{"embeddable":true,"href":"https:\/\/milicia-pro.com\/index.php\/wp-json\/wp\/v2\/comments?post=34753"}],"wp:featuredmedia":[{"embeddable":true,"href":"https:\/\/milicia-pro.com\/index.php\/wp-json\/wp\/v2\/media\/34802"}],"wp:attachment":[{"href":"https:\/\/milicia-pro.com\/index.php\/wp-json\/wp\/v2\/media?parent=34753"}],"wp:term":[{"taxonomy":"product_brand","embeddable":true,"href":"https:\/\/milicia-pro.com\/index.php\/wp-json\/wp\/v2\/product_brand?post=34753"},{"taxonomy":"product_cat","embeddable":true,"href":"https:\/\/milicia-pro.com\/index.php\/wp-json\/wp\/v2\/product_cat?post=34753"},{"taxonomy":"product_tag","embeddable":true,"href":"https:\/\/milicia-pro.com\/index.php\/wp-json\/wp\/v2\/product_tag?post=34753"}],"curies":[{"name":"wp","href":"https:\/\/api.w.org\/{rel}","templated":true}]}}