{"id":34743,"date":"2022-09-01T19:03:19","date_gmt":"2022-09-01T19:03:19","guid":{"rendered":"https:\/\/milicia-pro.com\/?post_type=product&#038;p=34743"},"modified":"2026-01-07T17:34:50","modified_gmt":"2026-01-07T17:34:50","slug":"luvas-piloto-kevlar","status":"publish","type":"product","link":"https:\/\/milicia-pro.com\/index.php\/product\/luvas-piloto-kevlar\/","title":{"rendered":"LUVAS PILOTO KEVLAR"},"content":{"rendered":"<p><span class=\"regplain\">Esta luva de piloto tem prote\u00e7\u00e3o contra o calor \u00e9 fornecida pelas luvas Hatch feitas de Kevlar. S\u00e3o luvas eficazes contra o calor e as chamas de at\u00e9 700 \u00b0 F e oferecem excelente prote\u00e7\u00e3o contra cortes e abras\u00f5es.<\/span><\/p>\n","protected":false},"excerpt":{"rendered":"<p>Esta luva de piloto tem prote\u00e7\u00e3o contra o calor \u00e9 fornecida pelas luvas Hatch feitas de Kevlar. S\u00e3o luvas eficazes contra o calor e as chamas de at\u00e9 700 \u00b0 F e oferecem excelente prote\u00e7\u00e3o contra cortes e abras\u00f5es.<\/p>\n","protected":false},"featured_media":34790,"comment_status":"open","ping_status":"closed","template":"","meta":{"_monsterinsights_skip_tracking":false,"_monsterinsights_sitenote_active":false,"_monsterinsights_sitenote_note":"","_monsterinsights_sitenote_category":0},"product_brand":[1512],"product_cat":[1064,965,1088,829],"product_tag":[846],"class_list":{"0":"post-34743","1":"product","2":"type-product","3":"status-publish","4":"has-post-thumbnail","6":"product_brand-hatch","7":"product_cat-equipamentotatico","8":"product_cat-hatch","9":"product_cat-luvas","10":"product_cat-marcas","11":"product_tag-luvas","13":"first","14":"instock","15":"shipping-taxable","16":"purchasable","17":"product-type-variable"},"aioseo_notices":[],"jetpack_sharing_enabled":true,"_links":{"self":[{"href":"https:\/\/milicia-pro.com\/index.php\/wp-json\/wp\/v2\/product\/34743","targetHints":{"allow":["GET"]}}],"collection":[{"href":"https:\/\/milicia-pro.com\/index.php\/wp-json\/wp\/v2\/product"}],"about":[{"href":"https:\/\/milicia-pro.com\/index.php\/wp-json\/wp\/v2\/types\/product"}],"replies":[{"embeddable":true,"href":"https:\/\/milicia-pro.com\/index.php\/wp-json\/wp\/v2\/comments?post=34743"}],"wp:featuredmedia":[{"embeddable":true,"href":"https:\/\/milicia-pro.com\/index.php\/wp-json\/wp\/v2\/media\/34790"}],"wp:attachment":[{"href":"https:\/\/milicia-pro.com\/index.php\/wp-json\/wp\/v2\/media?parent=34743"}],"wp:term":[{"taxonomy":"product_brand","embeddable":true,"href":"https:\/\/milicia-pro.com\/index.php\/wp-json\/wp\/v2\/product_brand?post=34743"},{"taxonomy":"product_cat","embeddable":true,"href":"https:\/\/milicia-pro.com\/index.php\/wp-json\/wp\/v2\/product_cat?post=34743"},{"taxonomy":"product_tag","embeddable":true,"href":"https:\/\/milicia-pro.com\/index.php\/wp-json\/wp\/v2\/product_tag?post=34743"}],"curies":[{"name":"wp","href":"https:\/\/api.w.org\/{rel}","templated":true}]}}