{"id":34732,"date":"2022-09-01T19:03:16","date_gmt":"2022-09-01T19:03:16","guid":{"rendered":"https:\/\/milicia-pro.com\/?post_type=product&#038;p=34732"},"modified":"2026-02-18T14:14:41","modified_gmt":"2026-02-18T14:14:41","slug":"luvas-reactor-hard-knuckle-s-dedos","status":"publish","type":"product","link":"https:\/\/milicia-pro.com\/index.php\/product\/luvas-reactor-hard-knuckle-s-dedos\/","title":{"rendered":"LUVAS REACTOR HARD KNUCKLE S\/ DEDOS"},"content":{"rendered":"<p align=\"justify\"><strong>Luva Reactor \u2122 Hard Knuckle s\/ dedos<\/strong><\/p>\n<p align=\"justify\">Com caracter\u00edsticas \u00fanicas abrangidas num design r\u00edgido junta com um preenchimento na palma da m\u00e3o e ao redor das bordas externas da m\u00e3o para a prote\u00e7\u00e3o excelente.<\/p>\n<p align=\"justify\">Concebido para todas as equipas da SWAT; for\u00e7as militares terrestres de combate em ve\u00edculos mecanizados e For\u00e7as Especiais.<\/p>\n<p align=\"justify\">Punho ajust\u00e1vel com velcro para um ajuste f\u00e1cil e seguro.<\/p>\n<p align=\"justify\">Com um tratamento de couro que permite a durabilidade e \u00e0 prova \u00e1gua para manter as m\u00e3os secas.<\/p>\n<p align=\"justify\">\n","protected":false},"excerpt":{"rendered":"<p>LIMITADO AO STOCK EXISTENTE<\/p>\n","protected":false},"featured_media":34747,"comment_status":"open","ping_status":"closed","template":"","meta":{"_monsterinsights_skip_tracking":false,"_monsterinsights_sitenote_active":false,"_monsterinsights_sitenote_note":"","_monsterinsights_sitenote_category":0},"product_brand":[1512],"product_cat":[1064,965,1088,829],"product_tag":[846,1158],"class_list":{"0":"post-34732","1":"product","2":"type-product","3":"status-publish","4":"has-post-thumbnail","6":"product_brand-hatch","7":"product_cat-equipamentotatico","8":"product_cat-hatch","9":"product_cat-luvas","10":"product_cat-marcas","11":"product_tag-luvas","12":"product_tag-sem-dedos","14":"first","15":"instock","16":"shipping-taxable","17":"purchasable","18":"product-type-variable"},"aioseo_notices":[],"jetpack_sharing_enabled":true,"_links":{"self":[{"href":"https:\/\/milicia-pro.com\/index.php\/wp-json\/wp\/v2\/product\/34732","targetHints":{"allow":["GET"]}}],"collection":[{"href":"https:\/\/milicia-pro.com\/index.php\/wp-json\/wp\/v2\/product"}],"about":[{"href":"https:\/\/milicia-pro.com\/index.php\/wp-json\/wp\/v2\/types\/product"}],"replies":[{"embeddable":true,"href":"https:\/\/milicia-pro.com\/index.php\/wp-json\/wp\/v2\/comments?post=34732"}],"wp:featuredmedia":[{"embeddable":true,"href":"https:\/\/milicia-pro.com\/index.php\/wp-json\/wp\/v2\/media\/34747"}],"wp:attachment":[{"href":"https:\/\/milicia-pro.com\/index.php\/wp-json\/wp\/v2\/media?parent=34732"}],"wp:term":[{"taxonomy":"product_brand","embeddable":true,"href":"https:\/\/milicia-pro.com\/index.php\/wp-json\/wp\/v2\/product_brand?post=34732"},{"taxonomy":"product_cat","embeddable":true,"href":"https:\/\/milicia-pro.com\/index.php\/wp-json\/wp\/v2\/product_cat?post=34732"},{"taxonomy":"product_tag","embeddable":true,"href":"https:\/\/milicia-pro.com\/index.php\/wp-json\/wp\/v2\/product_tag?post=34732"}],"curies":[{"name":"wp","href":"https:\/\/api.w.org\/{rel}","templated":true}]}}