{"id":34728,"date":"2022-09-01T19:03:15","date_gmt":"2022-09-01T19:03:15","guid":{"rendered":"https:\/\/milicia-pro.com\/?post_type=product&#038;p=34728"},"modified":"2026-02-18T14:06:53","modified_gmt":"2026-02-18T14:06:53","slug":"luvas-cool-tac-p-verao","status":"publish","type":"product","link":"https:\/\/milicia-pro.com\/index.php\/product\/luvas-cool-tac-p-verao\/","title":{"rendered":"LUVAS &#8220;COOL TAC&#8221; P\/ VER\u00c3O"},"content":{"rendered":"<p>A luva COLLTAC DUTY CT250, foi desenhada especificamente para proteger as suas m\u00e3os mesmo a temperaturas altas, s\u00e3o ideais para serem usadas no ver\u00e3o.<\/p>\n<p>Oferecem o conforto que necessita no cumprimento do dever.<\/p>\n","protected":false},"excerpt":{"rendered":"<p>A luva COLLTAC DUTY CT250, foi desenhada especificamente para proteger as suas m\u00e3os mesmo a temperaturas altas, s\u00e3o ideais para serem usadas no ver\u00e3o. Oferecem o conforto que necessita no cumprimento do dever.<\/p>\n","protected":false},"featured_media":34745,"comment_status":"open","ping_status":"closed","template":"","meta":{"_monsterinsights_skip_tracking":false,"_monsterinsights_sitenote_active":false,"_monsterinsights_sitenote_note":"","_monsterinsights_sitenote_category":0},"product_brand":[1512],"product_cat":[1064,965,1088,829],"product_tag":[200,573],"class_list":{"0":"post-34728","1":"product","2":"type-product","3":"status-publish","4":"has-post-thumbnail","6":"product_brand-hatch","7":"product_cat-equipamentotatico","8":"product_cat-hatch","9":"product_cat-luvas","10":"product_cat-marcas","11":"product_tag-luva","12":"product_tag-verao","14":"first","15":"instock","16":"shipping-taxable","17":"purchasable","18":"product-type-variable"},"aioseo_notices":[],"jetpack_sharing_enabled":true,"_links":{"self":[{"href":"https:\/\/milicia-pro.com\/index.php\/wp-json\/wp\/v2\/product\/34728","targetHints":{"allow":["GET"]}}],"collection":[{"href":"https:\/\/milicia-pro.com\/index.php\/wp-json\/wp\/v2\/product"}],"about":[{"href":"https:\/\/milicia-pro.com\/index.php\/wp-json\/wp\/v2\/types\/product"}],"replies":[{"embeddable":true,"href":"https:\/\/milicia-pro.com\/index.php\/wp-json\/wp\/v2\/comments?post=34728"}],"wp:featuredmedia":[{"embeddable":true,"href":"https:\/\/milicia-pro.com\/index.php\/wp-json\/wp\/v2\/media\/34745"}],"wp:attachment":[{"href":"https:\/\/milicia-pro.com\/index.php\/wp-json\/wp\/v2\/media?parent=34728"}],"wp:term":[{"taxonomy":"product_brand","embeddable":true,"href":"https:\/\/milicia-pro.com\/index.php\/wp-json\/wp\/v2\/product_brand?post=34728"},{"taxonomy":"product_cat","embeddable":true,"href":"https:\/\/milicia-pro.com\/index.php\/wp-json\/wp\/v2\/product_cat?post=34728"},{"taxonomy":"product_tag","embeddable":true,"href":"https:\/\/milicia-pro.com\/index.php\/wp-json\/wp\/v2\/product_tag?post=34728"}],"curies":[{"name":"wp","href":"https:\/\/api.w.org\/{rel}","templated":true}]}}