{"id":34651,"date":"2022-09-01T19:01:23","date_gmt":"2022-09-01T19:01:23","guid":{"rendered":"https:\/\/milicia-pro.com\/?post_type=product&#038;p=34651"},"modified":"2025-07-24T12:45:44","modified_gmt":"2025-07-24T12:45:44","slug":"polo-performance-homem-l-s-bombeiros","status":"publish","type":"product","link":"https:\/\/milicia-pro.com\/index.php\/product\/polo-performance-homem-l-s-bombeiros\/","title":{"rendered":"POLO PERFORMANCE HOMEM L\/S &#8211; BOMBEIROS"},"content":{"rendered":"<p><img loading=\"lazy\" decoding=\"async\" class=\"alignnone size-medium wp-image-22393\" src=\"https:\/\/miliciapro.com\/wp-content\/uploads\/2021\/07\/111503_LS_Performance_polo_400__Front_2_7948-434x400.jpg\" alt=\"\" width=\"434\" height=\"400\" \/><\/p>\n<ul class=\"disc\">\n<li data-open-accessibility-text-original=\"14px\">Polo 100% poli\u00e9ster, resistente ao desgaste, n\u00e3o desbota, n\u00e3o encolhe e d\u00e1-lhe um aspeto sempre limpo mesmo em situa\u00e7\u00f5es de grande desgaste f\u00edsico.<\/li>\n<li data-open-accessibility-text-original=\"14px\">Tecido absorvente com acabamento\u00a0anti-microbiano<\/li>\n<li data-open-accessibility-text-original=\"14px\">Bot\u00f5es de melamina.<\/li>\n<\/ul>\n<p>&nbsp;<\/p>\n<p>&nbsp;<\/p>\n<h4 data-open-accessibility-text-original=\"16px\">Bolso para caneta na manga<\/h4>\n<p data-open-accessibility-text-original=\"13px\"><img decoding=\"async\" src=\"https:\/\/cdn.shopify.com\/s\/files\/1\/1125\/0762\/files\/polos-new-pen-pocket.jpg?11857611264090885160\" \/><\/p>\n<div style=\"width: 1020px;\" class=\"wp-video\"><video class=\"wp-video-shortcode\" id=\"video-34651-1\" width=\"1020\" height=\"574\" preload=\"metadata\" controls=\"controls\"><source type=\"video\/mp4\" src=\"https:\/\/miliciapro.com\/wp-content\/uploads\/2020\/03\/112509-performance-polo-SS-black.mp4?_=1\" \/><a href=\"https:\/\/miliciapro.com\/wp-content\/uploads\/2020\/03\/112509-performance-polo-SS-black.mp4\">https:\/\/miliciapro.com\/wp-content\/uploads\/2020\/03\/112509-performance-polo-SS-black.mp4<\/a><\/video><\/div>\n<p data-open-accessibility-text-original=\"13px\"><img decoding=\"async\" src=\"https:\/\/cdn.shopify.com\/s\/files\/1\/1125\/0762\/files\/mens-performance-short-sleeve-polo_components.png?16652101964625708102\" \/><\/p>\n","protected":false},"excerpt":{"rendered":"<p>Pre\u00e7o PVP e Venda Exclusiva a Profissionais mediante identifica\u00e7\u00e3o<\/p>\n<p>&nbsp;<\/p>\n","protected":false},"featured_media":34671,"comment_status":"open","ping_status":"closed","template":"","meta":{"_monsterinsights_skip_tracking":false,"_monsterinsights_sitenote_active":false,"_monsterinsights_sitenote_note":"","_monsterinsights_sitenote_category":0},"product_brand":[],"product_cat":[830,829,1077,1063],"product_tag":[527,530],"class_list":{"0":"post-34651","1":"product","2":"type-product","3":"status-publish","4":"has-post-thumbnail","6":"product_cat-firsttactical","7":"product_cat-marcas","8":"product_cat-polo","9":"product_cat-vestuario","10":"product_tag-bombeiros","11":"product_tag-polo","13":"first","14":"onbackorder","15":"shipping-taxable","16":"purchasable","17":"product-type-variable"},"aioseo_notices":[],"jetpack_sharing_enabled":true,"_links":{"self":[{"href":"https:\/\/milicia-pro.com\/index.php\/wp-json\/wp\/v2\/product\/34651","targetHints":{"allow":["GET"]}}],"collection":[{"href":"https:\/\/milicia-pro.com\/index.php\/wp-json\/wp\/v2\/product"}],"about":[{"href":"https:\/\/milicia-pro.com\/index.php\/wp-json\/wp\/v2\/types\/product"}],"replies":[{"embeddable":true,"href":"https:\/\/milicia-pro.com\/index.php\/wp-json\/wp\/v2\/comments?post=34651"}],"wp:featuredmedia":[{"embeddable":true,"href":"https:\/\/milicia-pro.com\/index.php\/wp-json\/wp\/v2\/media\/34671"}],"wp:attachment":[{"href":"https:\/\/milicia-pro.com\/index.php\/wp-json\/wp\/v2\/media?parent=34651"}],"wp:term":[{"taxonomy":"product_brand","embeddable":true,"href":"https:\/\/milicia-pro.com\/index.php\/wp-json\/wp\/v2\/product_brand?post=34651"},{"taxonomy":"product_cat","embeddable":true,"href":"https:\/\/milicia-pro.com\/index.php\/wp-json\/wp\/v2\/product_cat?post=34651"},{"taxonomy":"product_tag","embeddable":true,"href":"https:\/\/milicia-pro.com\/index.php\/wp-json\/wp\/v2\/product_tag?post=34651"}],"curies":[{"name":"wp","href":"https:\/\/api.w.org\/{rel}","templated":true}]}}