{"id":34365,"date":"2022-09-01T18:55:03","date_gmt":"2022-09-01T18:55:03","guid":{"rendered":"https:\/\/milicia-pro.com\/?post_type=product&#038;p=34365"},"modified":"2025-07-24T13:15:35","modified_gmt":"2025-07-24T13:15:35","slug":"polo-algodao-mulher-l-s-guarda-prisional","status":"publish","type":"product","link":"https:\/\/milicia-pro.com\/index.php\/product\/polo-algodao-mulher-l-s-guarda-prisional\/","title":{"rendered":"POLO ALGOD\u00c3O MULHER L\/S GUARDA PRISIONAL"},"content":{"rendered":"<p>A sua malha de algod\u00e3o \u00e9 leve e resistente ao desbotamento e um refor\u00e7o lateral que lhe dar\u00e1 o m\u00e1ximo de movimento.<\/p>\n<p>ESPECIFICA\u00c7\u00d5ES<\/p>\n<p>\u2013 100% algod\u00e3o, resistente ao desbotamento e encolhimento<\/p>\n<p>\u2013 Bot\u00f5es de melamina de for\u00e7a industrial.<\/p>\n<p><strong>MELHOR AJUSTE<\/strong><\/p>\n<p>Este polo oferece um ajuste t\u00e1tico adequado para o trabalho. O design \u00e9 naturalmente c\u00f4nico, eliminando um perfil folgado ou quadrado- tudo sem restringir os movimentos. Liberdade de permanecer ativo sem comprometer a apar\u00eancia profissional.<\/p>\n<p>O painel de malha integrado \u00e9 colocado na parte de tr\u00e1s da gola, proporcionando ventila\u00e7\u00e3o para manter confort\u00e1vel enquanto em movimento.<\/p>\n","protected":false},"excerpt":{"rendered":"<p>VENDA EXCLUSIVA A PROFISSIONAIS MEDIANTE IDENTIFICA\u00c7\u00c3O &#8211; GUARDA PRISIONAL- <strong>PRE\u00c7O PVP SEM DESCONTO<\/strong><\/p>\n","protected":false},"featured_media":34380,"comment_status":"open","ping_status":"closed","template":"","meta":{"_monsterinsights_skip_tracking":false,"_monsterinsights_sitenote_active":false,"_monsterinsights_sitenote_note":"","_monsterinsights_sitenote_category":0},"product_brand":[],"product_cat":[830,829,1077,1063],"product_tag":[522,530,301],"class_list":{"0":"post-34365","1":"product","2":"type-product","3":"status-publish","4":"has-post-thumbnail","6":"product_cat-firsttactical","7":"product_cat-marcas","8":"product_cat-polo","9":"product_cat-vestuario","10":"product_tag-guarda-prisional","11":"product_tag-polo","12":"product_tag-senhora","14":"first","15":"onbackorder","16":"shipping-taxable","17":"purchasable","18":"product-type-variable"},"aioseo_notices":[],"jetpack_sharing_enabled":true,"_links":{"self":[{"href":"https:\/\/milicia-pro.com\/index.php\/wp-json\/wp\/v2\/product\/34365","targetHints":{"allow":["GET"]}}],"collection":[{"href":"https:\/\/milicia-pro.com\/index.php\/wp-json\/wp\/v2\/product"}],"about":[{"href":"https:\/\/milicia-pro.com\/index.php\/wp-json\/wp\/v2\/types\/product"}],"replies":[{"embeddable":true,"href":"https:\/\/milicia-pro.com\/index.php\/wp-json\/wp\/v2\/comments?post=34365"}],"wp:featuredmedia":[{"embeddable":true,"href":"https:\/\/milicia-pro.com\/index.php\/wp-json\/wp\/v2\/media\/34380"}],"wp:attachment":[{"href":"https:\/\/milicia-pro.com\/index.php\/wp-json\/wp\/v2\/media?parent=34365"}],"wp:term":[{"taxonomy":"product_brand","embeddable":true,"href":"https:\/\/milicia-pro.com\/index.php\/wp-json\/wp\/v2\/product_brand?post=34365"},{"taxonomy":"product_cat","embeddable":true,"href":"https:\/\/milicia-pro.com\/index.php\/wp-json\/wp\/v2\/product_cat?post=34365"},{"taxonomy":"product_tag","embeddable":true,"href":"https:\/\/milicia-pro.com\/index.php\/wp-json\/wp\/v2\/product_tag?post=34365"}],"curies":[{"name":"wp","href":"https:\/\/api.w.org\/{rel}","templated":true}]}}