{"id":34338,"date":"2022-09-01T18:54:32","date_gmt":"2022-09-01T18:54:32","guid":{"rendered":"https:\/\/milicia-pro.com\/?post_type=product&#038;p=34338"},"modified":"2025-07-24T13:06:07","modified_gmt":"2025-07-24T13:06:07","slug":"polo-performance-mulher-s-s-guarda-prisional","status":"publish","type":"product","link":"https:\/\/milicia-pro.com\/index.php\/product\/polo-performance-mulher-s-s-guarda-prisional\/","title":{"rendered":"POLO PERFORMANCE MULHER S\/S &#8211; GUARDA PRISIONAL"},"content":{"rendered":"<ul>\n<li>Polo 100% poli\u00e9ster, resistente ao desgaste, n\u00e3o desbota, n\u00e3o encolhe e d\u00e1-lhe um aspeto sempre limpo mesmo em situa\u00e7\u00f5es de grande desgaste f\u00edsico.<\/li>\n<li>Tecido absorvente com acabamento\u00a0anti-microbiano<\/li>\n<li>Bot\u00f5es de melamina.<\/li>\n<li>Bolso para caneta na manga<\/li>\n<\/ul>\n","protected":false},"excerpt":{"rendered":"<p>VENDA EXCLUSIVA A PROFISSIONAIS-GUARDA PRISIONAL- MEDIANTE IDENTIFICA\u00c7\u00c3O &#8211; <strong>PRE\u00c7O PVP SEM DESCONTO<\/strong><\/p>\n","protected":false},"featured_media":34353,"comment_status":"open","ping_status":"closed","template":"","meta":{"_monsterinsights_skip_tracking":false,"_monsterinsights_sitenote_active":false,"_monsterinsights_sitenote_note":"","_monsterinsights_sitenote_category":0},"product_brand":[],"product_cat":[830,829,1077,1063],"product_tag":[522,530,301],"class_list":{"0":"post-34338","1":"product","2":"type-product","3":"status-publish","4":"has-post-thumbnail","6":"product_cat-firsttactical","7":"product_cat-marcas","8":"product_cat-polo","9":"product_cat-vestuario","10":"product_tag-guarda-prisional","11":"product_tag-polo","12":"product_tag-senhora","14":"first","15":"onbackorder","16":"shipping-taxable","17":"purchasable","18":"product-type-variable"},"aioseo_notices":[],"jetpack_sharing_enabled":true,"_links":{"self":[{"href":"https:\/\/milicia-pro.com\/index.php\/wp-json\/wp\/v2\/product\/34338","targetHints":{"allow":["GET"]}}],"collection":[{"href":"https:\/\/milicia-pro.com\/index.php\/wp-json\/wp\/v2\/product"}],"about":[{"href":"https:\/\/milicia-pro.com\/index.php\/wp-json\/wp\/v2\/types\/product"}],"replies":[{"embeddable":true,"href":"https:\/\/milicia-pro.com\/index.php\/wp-json\/wp\/v2\/comments?post=34338"}],"wp:featuredmedia":[{"embeddable":true,"href":"https:\/\/milicia-pro.com\/index.php\/wp-json\/wp\/v2\/media\/34353"}],"wp:attachment":[{"href":"https:\/\/milicia-pro.com\/index.php\/wp-json\/wp\/v2\/media?parent=34338"}],"wp:term":[{"taxonomy":"product_brand","embeddable":true,"href":"https:\/\/milicia-pro.com\/index.php\/wp-json\/wp\/v2\/product_brand?post=34338"},{"taxonomy":"product_cat","embeddable":true,"href":"https:\/\/milicia-pro.com\/index.php\/wp-json\/wp\/v2\/product_cat?post=34338"},{"taxonomy":"product_tag","embeddable":true,"href":"https:\/\/milicia-pro.com\/index.php\/wp-json\/wp\/v2\/product_tag?post=34338"}],"curies":[{"name":"wp","href":"https:\/\/api.w.org\/{rel}","templated":true}]}}