{"id":34272,"date":"2022-09-01T18:53:46","date_gmt":"2022-09-01T18:53:46","guid":{"rendered":"https:\/\/milicia-pro.com\/?post_type=product&#038;p=34272"},"modified":"2025-07-24T15:31:36","modified_gmt":"2025-07-24T15:31:36","slug":"polo-algodao-mulher-manga-curta-guarda-prisional","status":"publish","type":"product","link":"https:\/\/milicia-pro.com\/index.php\/product\/polo-algodao-mulher-manga-curta-guarda-prisional\/","title":{"rendered":"POLO ALGOD\u00c3O MULHER MANGA CURTA GUARDA PRISIONAL"},"content":{"rendered":"<p>Este \u00e9 o primeiro polo de algod\u00e3o t\u00e1tico que o acompanhar\u00e1 em todos os desafios.<\/p>\n<p>A sua malha de algod\u00e3o \u00e9 leve e resistente ao desbotamento e um refor\u00e7o lateral que lhe dar\u00e1 o m\u00e1ximo de movimento.<\/p>\n<p>Este polo oferece um ajuste t\u00e1tico adequado para o trabalho. O design \u00e9 naturalmente c\u00f4nico, eliminando um perfil folgado ou quadrado- tudo sem limitar os movimentos. Liberdade de permanecer ativo sem comprometer a apar\u00eancia profissional.<\/p>\n<p>O painel de malha integrado \u00e9 colocado na parte de tr\u00e1s da gola, proporcionando ventila\u00e7\u00e3o para manter confort\u00e1vel enquanto em movimento.<\/p>\n<p>O design sem lista no colarinho integra esteiras de pl\u00e1stico finas e flex\u00edveis que proporcionam uma sempre apar\u00eancia como se estivesse novo e prensado.<\/p>\n<p>ESPECIFICA\u00c7\u00d5ES<\/p>\n<p>&#8211; 100% algod\u00e3o, resistente ao desbotamento e encolhimento<\/p>\n<p>&#8211; Bot\u00f5es de melamina de for\u00e7a industrial.<\/p>\n<p><iframe loading=\"lazy\" title=\"First Tactical&#039;s Performance Short Sleeve Polo\" width=\"1020\" height=\"574\" src=\"https:\/\/www.youtube.com\/embed\/HvU8iu51ll8?feature=oembed\" frameborder=\"0\" allow=\"accelerometer; autoplay; clipboard-write; encrypted-media; gyroscope; picture-in-picture; web-share\" referrerpolicy=\"strict-origin-when-cross-origin\" allowfullscreen><\/iframe><\/p>\n","protected":false},"excerpt":{"rendered":"<p>Pre\u00e7o PVP e venda exclusiva a profissionais mediante identifica\u00e7\u00e3o<\/p>\n","protected":false},"featured_media":34349,"comment_status":"open","ping_status":"closed","template":"","meta":{"_monsterinsights_skip_tracking":false,"_monsterinsights_sitenote_active":false,"_monsterinsights_sitenote_note":"","_monsterinsights_sitenote_category":0},"product_brand":[],"product_cat":[830,829,1077,1063],"product_tag":[522,220,530],"class_list":{"0":"post-34272","1":"product","2":"type-product","3":"status-publish","4":"has-post-thumbnail","6":"product_cat-firsttactical","7":"product_cat-marcas","8":"product_cat-polo","9":"product_cat-vestuario","10":"product_tag-guarda-prisional","11":"product_tag-mulher","12":"product_tag-polo","14":"first","15":"onbackorder","16":"shipping-taxable","17":"purchasable","18":"product-type-variable"},"aioseo_notices":[],"jetpack_sharing_enabled":true,"_links":{"self":[{"href":"https:\/\/milicia-pro.com\/index.php\/wp-json\/wp\/v2\/product\/34272","targetHints":{"allow":["GET"]}}],"collection":[{"href":"https:\/\/milicia-pro.com\/index.php\/wp-json\/wp\/v2\/product"}],"about":[{"href":"https:\/\/milicia-pro.com\/index.php\/wp-json\/wp\/v2\/types\/product"}],"replies":[{"embeddable":true,"href":"https:\/\/milicia-pro.com\/index.php\/wp-json\/wp\/v2\/comments?post=34272"}],"wp:featuredmedia":[{"embeddable":true,"href":"https:\/\/milicia-pro.com\/index.php\/wp-json\/wp\/v2\/media\/34349"}],"wp:attachment":[{"href":"https:\/\/milicia-pro.com\/index.php\/wp-json\/wp\/v2\/media?parent=34272"}],"wp:term":[{"taxonomy":"product_brand","embeddable":true,"href":"https:\/\/milicia-pro.com\/index.php\/wp-json\/wp\/v2\/product_brand?post=34272"},{"taxonomy":"product_cat","embeddable":true,"href":"https:\/\/milicia-pro.com\/index.php\/wp-json\/wp\/v2\/product_cat?post=34272"},{"taxonomy":"product_tag","embeddable":true,"href":"https:\/\/milicia-pro.com\/index.php\/wp-json\/wp\/v2\/product_tag?post=34272"}],"curies":[{"name":"wp","href":"https:\/\/api.w.org\/{rel}","templated":true}]}}