{"id":34260,"date":"2022-09-01T18:53:45","date_gmt":"2022-09-01T18:53:45","guid":{"rendered":"https:\/\/milicia-pro.com\/?post_type=product&#038;p=34260"},"modified":"2025-12-05T15:09:13","modified_gmt":"2025-12-05T15:09:13","slug":"bone-guarda-prisional","status":"publish","type":"product","link":"https:\/\/milicia-pro.com\/index.php\/product\/bone-guarda-prisional\/","title":{"rendered":"BON\u00c9 GUARDA PRISIONAL"},"content":{"rendered":"<p>Bon\u00e9 uniforme ajust\u00e1vel<\/p>\n<p>S\u00edmbolo bordado da Guarda Prisional<\/p>\n","protected":false},"excerpt":{"rendered":"<p>VENDA EXCLUSIVA A PROFISSIONAIS-GUARDA PRISIONAL- MEDIANTE IDENTIFICA\u00c7\u00c3O &#8211; <strong>PRE\u00c7O PVP SEM DESCONTO<\/strong><\/p>\n","protected":false},"featured_media":34347,"comment_status":"open","ping_status":"closed","template":"","meta":{"_monsterinsights_skip_tracking":false,"_monsterinsights_sitenote_active":false,"_monsterinsights_sitenote_note":"","_monsterinsights_sitenote_category":0},"product_brand":[1499],"product_cat":[1461,1458,829,982],"product_tag":[85,763],"class_list":{"0":"post-34260","1":"product","2":"type-product","3":"status-publish","4":"has-post-thumbnail","6":"product_brand-milicia","7":"product_cat-bone","8":"product_cat-chapeu-ca","9":"product_cat-marcas","10":"product_cat-milicia","11":"product_tag-bone","12":"product_tag-prisional","14":"first","15":"onbackorder","16":"shipping-taxable","17":"purchasable","18":"product-type-variable"},"aioseo_notices":[],"jetpack_sharing_enabled":true,"_links":{"self":[{"href":"https:\/\/milicia-pro.com\/index.php\/wp-json\/wp\/v2\/product\/34260","targetHints":{"allow":["GET"]}}],"collection":[{"href":"https:\/\/milicia-pro.com\/index.php\/wp-json\/wp\/v2\/product"}],"about":[{"href":"https:\/\/milicia-pro.com\/index.php\/wp-json\/wp\/v2\/types\/product"}],"replies":[{"embeddable":true,"href":"https:\/\/milicia-pro.com\/index.php\/wp-json\/wp\/v2\/comments?post=34260"}],"wp:featuredmedia":[{"embeddable":true,"href":"https:\/\/milicia-pro.com\/index.php\/wp-json\/wp\/v2\/media\/34347"}],"wp:attachment":[{"href":"https:\/\/milicia-pro.com\/index.php\/wp-json\/wp\/v2\/media?parent=34260"}],"wp:term":[{"taxonomy":"product_brand","embeddable":true,"href":"https:\/\/milicia-pro.com\/index.php\/wp-json\/wp\/v2\/product_brand?post=34260"},{"taxonomy":"product_cat","embeddable":true,"href":"https:\/\/milicia-pro.com\/index.php\/wp-json\/wp\/v2\/product_cat?post=34260"},{"taxonomy":"product_tag","embeddable":true,"href":"https:\/\/milicia-pro.com\/index.php\/wp-json\/wp\/v2\/product_tag?post=34260"}],"curies":[{"name":"wp","href":"https:\/\/api.w.org\/{rel}","templated":true}]}}