{"id":34220,"date":"2022-09-01T18:52:31","date_gmt":"2022-09-01T18:52:31","guid":{"rendered":"https:\/\/milicia-pro.com\/?post_type=product&#038;p=34220"},"modified":"2025-09-24T15:55:50","modified_gmt":"2025-09-24T15:55:50","slug":"caixa-micro-tam-v","status":"publish","type":"product","link":"https:\/\/milicia-pro.com\/index.php\/product\/caixa-micro-tam-v\/","title":{"rendered":"CAIXA MICRO (TAM V)"},"content":{"rendered":"<p>Esta Caixa Micro \u00e9 ideal para pequenos componentes sens\u00edveis. Protege equipamentos das intemp\u00e9ries. A Micro Case PELI \u00e9 \u00e0 prova de \u00e1gua, esmagamento e \u00e0 prova de poeiras.<\/p>\n<ul>\n<li>\u00c9 capaz de ser submerso at\u00e9 1 metro de profundidade por at\u00e9 30 minutos de acordo com os par\u00e2metros de teste IP67<\/li>\n<li>Imperme\u00e1vel, \u00e0 prova de esmagamento e \u00e0 prova de poeira<\/li>\n<li>Revestimento de borracha para prote\u00e7\u00e3o extra que tamb\u00e9m funciona como veda\u00e7\u00e3o em o-ring<\/li>\n<li>De fecho e abertura f\u00e1cil<\/li>\n<li>Mosquet\u00e3o<\/li>\n<li>V\u00e1lvula de equaliza\u00e7\u00e3o autom\u00e1tica de press\u00e3o \u2013 equilibra a press\u00e3o interna e mant\u00e9m isolada das intemp\u00e9ries exteriores<\/li>\n<\/ul>\n<p>&nbsp;<\/p>\n<p><strong>Dimens\u00f5es<\/strong>: Interior \u2013 16 x 9,3 x 7cm<\/p>\n<p>Exterior \u2013 20,3 x 12,9 x 7,9cm<\/p>\n<p><strong>Medidas<\/strong>: Profundidade da Tampa \u2013 1,8cm<\/p>\n<p>Profundidade da Base \u2013 4,9cm<\/p>\n<p>Profundidade Total \u2013 6,7cm<\/p>\n<p>Volume Interno \u2013 0,001m\u00b3<\/p>\n<p><strong>Pesos<\/strong>: Peso com espuma \u2013 0,4Kg<\/p>\n<p>Peso vazio \u2013 0,4Kg<\/p>\n<p>Flutuabilidade \u2013 0,8Kg<\/p>\n<p><strong>Materiais:<\/strong> Material do Corpo \u2013 Policarbonato (PC)<\/p>\n<p>Material do Fecho \u2013 Xilex<\/p>\n<p>Material do O-Ring \u2013 Borracha Termopl\u00e1stica<\/p>\n<p>Material dos Pinos \u2013 A\u00e7o Inoxid\u00e1vel<\/p>\n<p>Material da Espuma \u2013 TL-426 4 lb.Esther<\/p>\n<p>Material do Corpo de Purga \u2013 Policarbonato (PC)<\/p>\n<p>Material do Ventilador de Purga \u2013 Poliester Spun-Bond ePTFE Oleophobic<\/p>\n<p><strong>Temperaturas:<\/strong> Temperatura M\u00ednima \u2013 (-23\u00b0C)<\/p>\n<p>Temperatura M\u00e1xima \u2013 (93\u00b0C)<\/p>\n<p>&nbsp;<\/p>\n","protected":false},"excerpt":{"rendered":"<p><img loading=\"lazy\" decoding=\"async\" class=\"alignnone size-medium wp-image-42995\" src=\"https:\/\/milicia-pro.com\/wp-content\/uploads\/2022\/09\/PELI.1050-300x173.jpg\" alt=\"\" width=\"300\" height=\"173\" srcset=\"https:\/\/milicia-pro.com\/wp-content\/uploads\/2022\/09\/PELI.1050-300x173.jpg 300w, https:\/\/milicia-pro.com\/wp-content\/uploads\/2022\/09\/PELI.1050-1024x591.jpg 1024w, https:\/\/milicia-pro.com\/wp-content\/uploads\/2022\/09\/PELI.1050-768x443.jpg 768w, https:\/\/milicia-pro.com\/wp-content\/uploads\/2022\/09\/PELI.1050-510x294.jpg 510w, https:\/\/milicia-pro.com\/wp-content\/uploads\/2022\/09\/PELI.1050.jpg 1300w\" sizes=\"auto, (max-width: 300px) 100vw, 300px\" \/><\/p>\n","protected":false},"featured_media":42980,"comment_status":"open","ping_status":"closed","template":"","meta":{"_monsterinsights_skip_tracking":false,"_monsterinsights_sitenote_active":false,"_monsterinsights_sitenote_note":"","_monsterinsights_sitenote_category":0},"product_brand":[1517],"product_cat":[1109,829,1467,1057],"product_tag":[516,518],"class_list":{"0":"post-34220","1":"product","2":"type-product","3":"status-publish","4":"has-post-thumbnail","6":"product_brand-pelican","7":"product_cat-caixas-de-transporte","8":"product_cat-marcas","9":"product_cat-mochilas-bolsas","10":"product_cat-pelican","11":"product_tag-caixa","12":"product_tag-rigida","14":"first","15":"instock","16":"shipping-taxable","17":"purchasable","18":"product-type-variable"},"aioseo_notices":[],"jetpack_sharing_enabled":true,"_links":{"self":[{"href":"https:\/\/milicia-pro.com\/index.php\/wp-json\/wp\/v2\/product\/34220","targetHints":{"allow":["GET"]}}],"collection":[{"href":"https:\/\/milicia-pro.com\/index.php\/wp-json\/wp\/v2\/product"}],"about":[{"href":"https:\/\/milicia-pro.com\/index.php\/wp-json\/wp\/v2\/types\/product"}],"replies":[{"embeddable":true,"href":"https:\/\/milicia-pro.com\/index.php\/wp-json\/wp\/v2\/comments?post=34220"}],"wp:featuredmedia":[{"embeddable":true,"href":"https:\/\/milicia-pro.com\/index.php\/wp-json\/wp\/v2\/media\/42980"}],"wp:attachment":[{"href":"https:\/\/milicia-pro.com\/index.php\/wp-json\/wp\/v2\/media?parent=34220"}],"wp:term":[{"taxonomy":"product_brand","embeddable":true,"href":"https:\/\/milicia-pro.com\/index.php\/wp-json\/wp\/v2\/product_brand?post=34220"},{"taxonomy":"product_cat","embeddable":true,"href":"https:\/\/milicia-pro.com\/index.php\/wp-json\/wp\/v2\/product_cat?post=34220"},{"taxonomy":"product_tag","embeddable":true,"href":"https:\/\/milicia-pro.com\/index.php\/wp-json\/wp\/v2\/product_tag?post=34220"}],"curies":[{"name":"wp","href":"https:\/\/api.w.org\/{rel}","templated":true}]}}