{"id":34202,"date":"2022-09-01T18:52:04","date_gmt":"2022-09-01T18:52:04","guid":{"rendered":"https:\/\/milicia-pro.com\/?post_type=product&#038;p=34202"},"modified":"2025-07-29T13:38:39","modified_gmt":"2025-07-29T13:38:39","slug":"casaco-interior-guarda-prisional-mulher","status":"publish","type":"product","link":"https:\/\/milicia-pro.com\/index.php\/product\/casaco-interior-guarda-prisional-mulher\/","title":{"rendered":"CASACO INTERIOR GUARDA PRISIONAL &#8211; MULHER"},"content":{"rendered":"<p>O casaco SoftShell t\u00e1ctico \u00e9 uma pe\u00e7a fundamental no seu roupeiro.<\/p>\n<p>Resistente \u00e0 \u00e1gua e ao vento com um interior polar, com fechos interiores para f\u00e1cil acesso a algum equipamento adaptado ao seu cinto.<\/p>\n<p>O seu tamanho \u00e9 equivalente a uma parka.<\/p>\n<p>85% nylon, 15% spandex, resistente \u00e0 \u00e1gua e ao vento.<\/p>\n<p>Design de mulher<\/p>\n<p>Artigo exclusivo para a Guarda Prisional<\/p>\n<p><iframe loading=\"lazy\" title=\"First Tactical&#039;s Softshell Jacket\" width=\"1020\" height=\"574\" src=\"https:\/\/www.youtube.com\/embed\/RMUjfhMFnCc?feature=oembed\" frameborder=\"0\" allow=\"accelerometer; autoplay; clipboard-write; encrypted-media; gyroscope; picture-in-picture; web-share\" referrerpolicy=\"strict-origin-when-cross-origin\" allowfullscreen><\/iframe><\/p>\n","protected":false},"excerpt":{"rendered":"<p>Pre\u00e7o PVP &#8211; sem desconto -venda exclusiva a profissionais mediante identifica\u00e7\u00e3o<\/p>\n","protected":false},"featured_media":34240,"comment_status":"open","ping_status":"closed","template":"","meta":{"_monsterinsights_skip_tracking":false,"_monsterinsights_sitenote_active":false,"_monsterinsights_sitenote_note":"","_monsterinsights_sitenote_category":0},"product_brand":[],"product_cat":[1080,830,829,1063],"product_tag":[110,301],"class_list":{"0":"post-34202","1":"product","2":"type-product","3":"status-publish","4":"has-post-thumbnail","6":"product_cat-casaco","7":"product_cat-firsttactical","8":"product_cat-marcas","9":"product_cat-vestuario","10":"product_tag-casaco","11":"product_tag-senhora","13":"first","14":"onbackorder","15":"shipping-taxable","16":"purchasable","17":"product-type-variable"},"aioseo_notices":[],"jetpack_sharing_enabled":true,"_links":{"self":[{"href":"https:\/\/milicia-pro.com\/index.php\/wp-json\/wp\/v2\/product\/34202","targetHints":{"allow":["GET"]}}],"collection":[{"href":"https:\/\/milicia-pro.com\/index.php\/wp-json\/wp\/v2\/product"}],"about":[{"href":"https:\/\/milicia-pro.com\/index.php\/wp-json\/wp\/v2\/types\/product"}],"replies":[{"embeddable":true,"href":"https:\/\/milicia-pro.com\/index.php\/wp-json\/wp\/v2\/comments?post=34202"}],"wp:featuredmedia":[{"embeddable":true,"href":"https:\/\/milicia-pro.com\/index.php\/wp-json\/wp\/v2\/media\/34240"}],"wp:attachment":[{"href":"https:\/\/milicia-pro.com\/index.php\/wp-json\/wp\/v2\/media?parent=34202"}],"wp:term":[{"taxonomy":"product_brand","embeddable":true,"href":"https:\/\/milicia-pro.com\/index.php\/wp-json\/wp\/v2\/product_brand?post=34202"},{"taxonomy":"product_cat","embeddable":true,"href":"https:\/\/milicia-pro.com\/index.php\/wp-json\/wp\/v2\/product_cat?post=34202"},{"taxonomy":"product_tag","embeddable":true,"href":"https:\/\/milicia-pro.com\/index.php\/wp-json\/wp\/v2\/product_tag?post=34202"}],"curies":[{"name":"wp","href":"https:\/\/api.w.org\/{rel}","templated":true}]}}