{"id":34193,"date":"2022-09-01T18:52:03","date_gmt":"2022-09-01T18:52:03","guid":{"rendered":"https:\/\/milicia-pro.com\/?post_type=product&#038;p=34193"},"modified":"2026-01-06T16:49:38","modified_gmt":"2026-01-06T16:49:38","slug":"organizador-tatico","status":"publish","type":"product","link":"https:\/\/milicia-pro.com\/index.php\/product\/organizador-tatico\/","title":{"rendered":"ORGANIZADOR  T\u00c1TICO"},"content":{"rendered":"<p>O First Tactical Organizer \u00e9 leve e dur\u00e1vel e funciona de m\u00e3os dadas com nossas mochilas e malas de transporte di\u00e1rio.\u00a0Possui uma divis\u00f3ria interna para documentos e cart\u00f5es de visita \u00e0 esquerda e um bolso convenientemente colocado para segurar um bloco de papel \u00e0 direita.<\/p>\n","protected":false},"excerpt":{"rendered":"<p>O First Tactical Organizer \u00e9 leve e dur\u00e1vel e funciona de m\u00e3os dadas com nossas mochilas e malas de transporte di\u00e1rio.\u00a0Possui uma divis\u00f3ria interna para documentos e cart\u00f5es de visita \u00e0 esquerda e um bolso convenientemente colocado para segurar um bloco de papel \u00e0 direita.<\/p>\n","protected":false},"featured_media":34230,"comment_status":"open","ping_status":"closed","template":"","meta":{"_monsterinsights_skip_tracking":false,"_monsterinsights_sitenote_active":false,"_monsterinsights_sitenote_note":"","_monsterinsights_sitenote_category":0},"product_brand":[],"product_cat":[830,829,1121,1114],"product_tag":[761,236],"class_list":{"0":"post-34193","1":"product","2":"type-product","3":"status-publish","4":"has-post-thumbnail","6":"product_cat-firsttactical","7":"product_cat-marcas","8":"product_cat-organizador-tatico","9":"product_cat-outros-acessorios","10":"product_tag-organizador","11":"product_tag-pasta","13":"first","14":"instock","15":"shipping-taxable","16":"purchasable","17":"product-type-variable"},"aioseo_notices":[],"jetpack_sharing_enabled":true,"_links":{"self":[{"href":"https:\/\/milicia-pro.com\/index.php\/wp-json\/wp\/v2\/product\/34193","targetHints":{"allow":["GET"]}}],"collection":[{"href":"https:\/\/milicia-pro.com\/index.php\/wp-json\/wp\/v2\/product"}],"about":[{"href":"https:\/\/milicia-pro.com\/index.php\/wp-json\/wp\/v2\/types\/product"}],"replies":[{"embeddable":true,"href":"https:\/\/milicia-pro.com\/index.php\/wp-json\/wp\/v2\/comments?post=34193"}],"wp:featuredmedia":[{"embeddable":true,"href":"https:\/\/milicia-pro.com\/index.php\/wp-json\/wp\/v2\/media\/34230"}],"wp:attachment":[{"href":"https:\/\/milicia-pro.com\/index.php\/wp-json\/wp\/v2\/media?parent=34193"}],"wp:term":[{"taxonomy":"product_brand","embeddable":true,"href":"https:\/\/milicia-pro.com\/index.php\/wp-json\/wp\/v2\/product_brand?post=34193"},{"taxonomy":"product_cat","embeddable":true,"href":"https:\/\/milicia-pro.com\/index.php\/wp-json\/wp\/v2\/product_cat?post=34193"},{"taxonomy":"product_tag","embeddable":true,"href":"https:\/\/milicia-pro.com\/index.php\/wp-json\/wp\/v2\/product_tag?post=34193"}],"curies":[{"name":"wp","href":"https:\/\/api.w.org\/{rel}","templated":true}]}}