{"id":34191,"date":"2022-09-01T18:52:03","date_gmt":"2022-09-01T18:52:03","guid":{"rendered":"https:\/\/milicia-pro.com\/?post_type=product&#038;p=34191"},"modified":"2025-06-04T16:41:31","modified_gmt":"2025-06-04T16:41:31","slug":"pacth-kodiak-v2","status":"publish","type":"product","link":"https:\/\/milicia-pro.com\/index.php\/product\/pacth-kodiak-v2\/","title":{"rendered":"PACTH KODIAK V2"},"content":{"rendered":"<p>Nosso novo patch Coyote Brown tem bordado e os olhos brilham no escuro!<\/p>\n<p>Ser\u00e1 uma \u00f3tima adi\u00e7\u00e3o \u00e0 sua cole\u00e7\u00e3o de patches!<\/p>\n","protected":false},"excerpt":{"rendered":"<p>Nosso novo patch Coyote Brown tem bordado e os olhos brilham no escuro! Ser\u00e1 uma \u00f3tima adi\u00e7\u00e3o \u00e0 sua cole\u00e7\u00e3o de patches!<\/p>\n","protected":false},"featured_media":34228,"comment_status":"open","ping_status":"closed","template":"","meta":{"_monsterinsights_skip_tracking":false,"_monsterinsights_sitenote_active":false,"_monsterinsights_sitenote_note":"","_monsterinsights_sitenote_category":0},"product_brand":[],"product_cat":[830,1455,829,1120],"product_tag":[85,760,215,758],"class_list":{"0":"post-34191","1":"product","2":"type-product","3":"status-publish","4":"has-post-thumbnail","6":"product_cat-firsttactical","7":"product_cat-insignias-patch","8":"product_cat-marcas","9":"product_cat-patch","10":"product_tag-bone","11":"product_tag-cap","12":"product_tag-mochila","13":"product_tag-pacth","15":"first","16":"instock","17":"shipping-taxable","18":"purchasable","19":"product-type-variable"},"aioseo_notices":[],"jetpack_sharing_enabled":true,"_links":{"self":[{"href":"https:\/\/milicia-pro.com\/index.php\/wp-json\/wp\/v2\/product\/34191","targetHints":{"allow":["GET"]}}],"collection":[{"href":"https:\/\/milicia-pro.com\/index.php\/wp-json\/wp\/v2\/product"}],"about":[{"href":"https:\/\/milicia-pro.com\/index.php\/wp-json\/wp\/v2\/types\/product"}],"replies":[{"embeddable":true,"href":"https:\/\/milicia-pro.com\/index.php\/wp-json\/wp\/v2\/comments?post=34191"}],"wp:featuredmedia":[{"embeddable":true,"href":"https:\/\/milicia-pro.com\/index.php\/wp-json\/wp\/v2\/media\/34228"}],"wp:attachment":[{"href":"https:\/\/milicia-pro.com\/index.php\/wp-json\/wp\/v2\/media?parent=34191"}],"wp:term":[{"taxonomy":"product_brand","embeddable":true,"href":"https:\/\/milicia-pro.com\/index.php\/wp-json\/wp\/v2\/product_brand?post=34191"},{"taxonomy":"product_cat","embeddable":true,"href":"https:\/\/milicia-pro.com\/index.php\/wp-json\/wp\/v2\/product_cat?post=34191"},{"taxonomy":"product_tag","embeddable":true,"href":"https:\/\/milicia-pro.com\/index.php\/wp-json\/wp\/v2\/product_tag?post=34191"}],"curies":[{"name":"wp","href":"https:\/\/api.w.org\/{rel}","templated":true}]}}